{"id":2153,"date":"2018-06-20T21:54:50","date_gmt":"2018-06-20T20:54:50","guid":{"rendered":"https:\/\/the7.io\/software-company\/?page_id=2153"},"modified":"2020-05-01T13:09:00","modified_gmt":"2020-05-01T11:09:00","slug":"guia","status":"publish","type":"page","link":"https:\/\/mamare.es\/ca\/guia\/","title":{"rendered":"Guia Lact\u00e0ncia"},"content":{"rendered":"<div class=\"vc_row wpb_row vc_row-fluid vc_row-o-equal-height vc_row-o-content-middle vc_row-flex\"><div class=\"wpb_column vc_column_container vc_col-sm-12\"><div class=\"vc_column-inner\"><div class=\"wpb_wrapper\"><div class=\"vc_row wpb_row vc_inner vc_row-fluid\"><div class=\"wpb_column vc_column_container vc_col-sm-3\"><div class=\"vc_column-inner\"><div class=\"wpb_wrapper\">\n\t<div  class=\"wpb_single_image wpb_content_element vc_align_center\">\n\t\t\n\t\t<figure class=\"wpb_wrapper vc_figure\">\n\t\t\t<div class=\"vc_single_image-wrapper vc_box_circle  vc_box_border_grey\"><img width=\"400\" height=\"400\" src=\"https:\/\/mamare.es\/wp-content\/uploads\/2020\/03\/Mock-Up-Guia-2.jpg\" class=\"vc_single_image-img attachment-full\" alt=\"Guia mamare 2018\" decoding=\"async\" loading=\"lazy\" srcset=\"https:\/\/mamare.es\/wp-content\/uploads\/2020\/03\/Mock-Up-Guia-2.jpg 400w, https:\/\/mamare.es\/wp-content\/uploads\/2020\/03\/Mock-Up-Guia-2-300x300.jpg 300w, https:\/\/mamare.es\/wp-content\/uploads\/2020\/03\/Mock-Up-Guia-2-150x150.jpg 150w\" sizes=\"(max-width: 400px) 100vw, 400px\"  data-dt-location=\"https:\/\/mamare.es\/ca\/mock-up-guia-2\/\" \/><\/div>\n\t\t<\/figure>\n\t<\/div>\n<\/div><\/div><\/div><div class=\"wpb_column vc_column_container vc_col-sm-9\"><div class=\"vc_column-inner\"><div class=\"wpb_wrapper\">\n\t<div class=\"wpb_text_column wpb_content_element  vc_custom_1588330898416\" >\n\t\t<div class=\"wpb_wrapper\">\n\t\t\t<p style=\"text-align: justify;\">En Mamare hem elaborat i actualitzat una guia de lact\u00e0ncia materna mitjan\u00e7ant la qual pretenem informar, promocionar i normalitzar la lact\u00e0ncia materna. A m\u00e9s, hem afegit una s\u00e8rie de v\u00eddeos d'utilitat sobre agarres correctes, com realitzar l'extracci\u00f3 manual de llet materna o diferents posicions per a alletar, entre altres. Tots aquests v\u00eddeos estan annexats als apartats corresponents mitjan\u00e7ant un codi QR<\/p>\n\n\t\t<\/div>\n\t<\/div>\n<\/div><\/div><\/div><\/div><\/div><\/div><\/div><\/div><div class=\"vc_row wpb_row vc_row-fluid vc_custom_1588330766638\"><div class=\"wpb_column vc_column_container vc_col-sm-12\"><div class=\"vc_column-inner\"><div class=\"wpb_wrapper\"><div class=\"vc_row wpb_row vc_inner vc_row-fluid\"><div class=\"wpb_column vc_column_container vc_col-sm-12\"><div class=\"vc_column-inner\"><div class=\"wpb_wrapper\"><section class=\"vc_cta3-container\"><div class=\"vc_general vc_cta3 vc_cta3-style-classic vc_cta3-shape-rounded vc_cta3-align-left vc_cta3-color-classic vc_cta3-icon-size-md vc_cta3-actions-right\"><div class=\"vc_cta3_content-container\"><div class=\"vc_cta3-content\"><header class=\"vc_cta3-content-header\"><h2>Guia de lact\u00e0ncia Mamare<\/h2><\/header><p>Fent clic en el seg\u00fcent enlla\u00e7 podreu descarregar la guia completa i si continueu llegint podreu descarregar la guia per punts perqu\u00e8 us siga m\u00e9s f\u00e0cil accedir a la informaci\u00f3 concreta que esteu buscant.<\/p>\n<\/div><div class=\"vc_cta3-actions\"><div class=\"vc_btn3-container vc_btn3-center\" ><a class=\"vc_general vc_btn3 vc_btn3-size-md vc_btn3-shape-rounded vc_btn3-style-modern vc_btn3-icon-left vc_btn3-color-info\" href=\"\/wp-content\/uploads\/2020\/03\/GuiaMAMARE2018digital-1.pdf\" title=\"Guia Lactancia Mamare 2018\" target=\"_blank\"><i class=\"vc_btn3-icon fas fa-file-pdf\"><\/i> Descarregar guia completa<\/a><\/div><\/div><\/div><\/div><\/section><\/div><\/div><\/div><\/div><\/div><\/div><\/div><\/div><div class=\"vc_row wpb_row vc_row-fluid vc_custom_1583098360890 vc_column-gap-10\"><div class=\"wpb_column vc_column_container vc_col-sm-12\"><div class=\"vc_column-inner\"><div class=\"wpb_wrapper\"><div class=\"vc_row wpb_row vc_inner vc_row-fluid\"><div class=\"wpb_column vc_column_container vc_col-sm-6\"><div class=\"vc_column-inner\"><div class=\"wpb_wrapper\"><section class=\"vc_cta3-container\"><div class=\"vc_general vc_cta3 vc_cta3-style-classic vc_cta3-shape-rounded vc_cta3-align-left vc_cta3-color-classic vc_cta3-icon-size-md vc_cta3-actions-bottom\"><div class=\"vc_cta3_content-container\"><div class=\"vc_cta3-content\"><header class=\"vc_cta3-content-header\"><h2>Punts 1 i 2<\/h2><h4>Punt 1 i 2. Reflexions i import\u00e0ncia de la Lact\u00e0ncia Materna<\/h4><\/header><p>Trobar\u00e0s algunes reflexions i la import\u00e0ncia de la lact\u00e0ncia materna<\/p>\n<\/div><div class=\"vc_cta3-actions\"><div class=\"vc_btn3-container vc_btn3-right\" ><a class=\"vc_general vc_btn3 vc_btn3-size-md vc_btn3-shape-rounded vc_btn3-style-modern vc_btn3-icon-left vc_btn3-color-info\" href=\"\/wp-content\/uploads\/2020\/03\/Guia-Mamare-punto-1-y-2.pdf\" title=\"Puntos 1 y 2 Gu\u00eda Lactancia\"><i class=\"vc_btn3-icon fas fa-file-pdf\"><\/i> Punt 1 - 2<\/a><\/div><\/div><\/div><\/div><\/section><\/div><\/div><\/div><div class=\"wpb_column vc_column_container vc_col-sm-6\"><div class=\"vc_column-inner\"><div class=\"wpb_wrapper\"><section class=\"vc_cta3-container\"><div class=\"vc_general vc_cta3 vc_cta3-style-classic vc_cta3-shape-rounded vc_cta3-align-left vc_cta3-color-classic vc_cta3-icon-size-md vc_cta3-actions-bottom\"><div class=\"vc_cta3_content-container\"><div class=\"vc_cta3-content\"><header class=\"vc_cta3-content-header\"><h2>Punt 3<\/h2><h4>Claus per a una lact\u00e0ncia amb \u00e8xit<\/h4><\/header><p>Ac\u00ed podr\u00e0s trobar algunes claus i consells per a dur a terme una lact\u00e0ncia amb \u00e8xit, com disposar d'informaci\u00f3 actualitzada i el suport de l'entorn.<\/p>\n<\/div><div class=\"vc_cta3-actions\"><div class=\"vc_btn3-container vc_btn3-right\" ><a class=\"vc_general vc_btn3 vc_btn3-size-md vc_btn3-shape-rounded vc_btn3-style-modern vc_btn3-icon-left vc_btn3-color-info\" href=\"\/wp-content\/uploads\/2020\/03\/Guia-Mamare-punto-3.pdf\" title=\"Punt 3\"><i class=\"vc_btn3-icon fas fa-file-pdf\"><\/i> Punt 3<\/a><\/div><\/div><\/div><\/div><\/section><\/div><\/div><\/div><\/div><\/div><\/div><\/div><\/div><div class=\"vc_row wpb_row vc_row-fluid vc_custom_1583090574439\"><div class=\"wpb_column vc_column_container vc_col-sm-12\"><div class=\"vc_column-inner\"><div class=\"wpb_wrapper\"><div class=\"vc_row wpb_row vc_inner vc_row-fluid\"><div class=\"wpb_column vc_column_container vc_col-sm-6\"><div class=\"vc_column-inner\"><div class=\"wpb_wrapper\"><section class=\"vc_cta3-container\"><div class=\"vc_general vc_cta3 vc_cta3-style-classic vc_cta3-shape-rounded vc_cta3-align-left vc_cta3-color-classic vc_cta3-icon-size-md vc_cta3-actions-bottom\"><div class=\"vc_cta3_content-container\"><div class=\"vc_cta3-content\"><header class=\"vc_cta3-content-header\"><h2>Punt 4<\/h2><h4>Preparaci\u00f3 durant l'embar\u00e0s<\/h4><\/header><p>Qu\u00e8 podem fer durant l'embar\u00e0s? Us donarem algunes idees sobre qu\u00e8 fer i com informar-se durant l'embar\u00e0s, aix\u00ed com bandejarem alguns mites sobre si devem o no preparar els mugrons durant l'embar\u00e0s.<\/p>\n<\/div><div class=\"vc_cta3-actions\"><div class=\"vc_btn3-container vc_btn3-right\" ><a class=\"vc_general vc_btn3 vc_btn3-size-md vc_btn3-shape-rounded vc_btn3-style-modern vc_btn3-icon-left vc_btn3-color-info\" href=\"\/wp-content\/uploads\/2020\/03\/Guia-Mamare-punto-4.pdf\" title=\"Punt 4\"><i class=\"vc_btn3-icon fas fa-file-pdf\"><\/i> Punt 4<\/a><\/div><\/div><\/div><\/div><\/section><\/div><\/div><\/div><div class=\"wpb_column vc_column_container vc_col-sm-6\"><div class=\"vc_column-inner\"><div class=\"wpb_wrapper\"><section class=\"vc_cta3-container\"><div class=\"vc_general vc_cta3 vc_cta3-style-classic vc_cta3-shape-rounded vc_cta3-align-left vc_cta3-color-classic vc_cta3-icon-size-md vc_cta3-actions-bottom\"><div class=\"vc_cta3_content-container\"><div class=\"vc_cta3-content\"><header class=\"vc_cta3-content-header\"><h2>Punt 5<\/h2><h4>Com funciona la lact\u00e0ncia els primers dies?<\/h4><\/header><p>En aquest apartat trobareu informaci\u00f3 b\u00e0sica sobre la lact\u00e0ncia durant els primers dies, com afrontar la pujada de la llet, aix\u00ed com alguns consells sobre com donar suplements en el cas que siga necessari.<\/p>\n<\/div><div class=\"vc_cta3-actions\"><div class=\"vc_btn3-container vc_btn3-right\" ><a class=\"vc_general vc_btn3 vc_btn3-size-md vc_btn3-shape-rounded vc_btn3-style-modern vc_btn3-icon-left vc_btn3-color-info\" href=\"\/wp-content\/uploads\/2020\/03\/Guia-Mamare-punto-5.pdf\" title=\"Punt 5\"><i class=\"vc_btn3-icon fas fa-file-pdf\"><\/i> Punt 5<\/a><\/div><\/div><\/div><\/div><\/section><\/div><\/div><\/div><\/div><\/div><\/div><\/div><\/div><div class=\"vc_row wpb_row vc_row-fluid vc_custom_1583090574439\"><div class=\"wpb_column vc_column_container vc_col-sm-12\"><div class=\"vc_column-inner\"><div class=\"wpb_wrapper\"><div class=\"vc_row wpb_row vc_inner vc_row-fluid\"><div class=\"wpb_column vc_column_container vc_col-sm-6\"><div class=\"vc_column-inner\"><div class=\"wpb_wrapper\"><section class=\"vc_cta3-container\"><div class=\"vc_general vc_cta3 vc_cta3-style-classic vc_cta3-shape-rounded vc_cta3-align-left vc_cta3-color-classic vc_cta3-icon-size-md vc_cta3-actions-bottom\"><div class=\"vc_cta3_content-container\"><div class=\"vc_cta3-content\"><header class=\"vc_cta3-content-header\"><h2>Punt 6<\/h2><h4>Com done mamar?<\/h4><\/header><p>Ac\u00ed trobareu algunes de les posicions m\u00e9s habituals per a donar mamar, a m\u00e9s d'alguns consells sobre la lact\u00e0ncia a demanda i l'\u00fas de mugroneres.<\/p>\n<\/div><div class=\"vc_cta3-actions\"><div class=\"vc_btn3-container vc_btn3-right\" ><a class=\"vc_general vc_btn3 vc_btn3-size-md vc_btn3-shape-rounded vc_btn3-style-modern vc_btn3-icon-left vc_btn3-color-info\" href=\"\/wp-content\/uploads\/2020\/03\/Guia-Mamare-punto-6.pdf\" title=\"Punt 6\" target=\"_blank\"><i class=\"vc_btn3-icon fas fa-file-pdf\"><\/i> Punt 6<\/a><\/div><\/div><\/div><\/div><\/section><\/div><\/div><\/div><div class=\"wpb_column vc_column_container vc_col-sm-6\"><div class=\"vc_column-inner\"><div class=\"wpb_wrapper\"><section class=\"vc_cta3-container\"><div class=\"vc_general vc_cta3 vc_cta3-style-classic vc_cta3-shape-rounded vc_cta3-align-left vc_cta3-color-classic vc_cta3-icon-size-md vc_cta3-actions-bottom\"><div class=\"vc_cta3_content-container\"><div class=\"vc_cta3-content\"><header class=\"vc_cta3-content-header\"><h2>Punt 7<\/h2><h4>Dubtes Freq\u00fcents<\/h4><\/header><p style=\"text-align: justify;\">Resoldrem alguns dels dubtes m\u00e9s freq\u00fcents, com: si sentir dolor \u00e9s normal, com saber si el meu beb\u00e9 pren suficient llet, les diferents crisis per les quals travessa un nounat, com gestionar la volta al treball, les cures de la mare lactant o quins medicaments s\u00f3n compatibles amb la lact\u00e0ncia materna.<\/p>\n<\/div><div class=\"vc_cta3-actions\"><div class=\"vc_btn3-container vc_btn3-right\" ><a class=\"vc_general vc_btn3 vc_btn3-size-md vc_btn3-shape-rounded vc_btn3-style-modern vc_btn3-icon-left vc_btn3-color-info\" href=\"\/wp-content\/uploads\/2020\/03\/Guia-Mamare-punto-7.pdf\" title=\"Punt 7\" target=\"_blank\"><i class=\"vc_btn3-icon fas fa-file-pdf\"><\/i> Punt 7<\/a><\/div><\/div><\/div><\/div><\/section><\/div><\/div><\/div><\/div><\/div><\/div><\/div><\/div><div class=\"vc_row wpb_row vc_row-fluid vc_custom_1583090574439\"><div class=\"wpb_column vc_column_container vc_col-sm-12\"><div class=\"vc_column-inner\"><div class=\"wpb_wrapper\"><div class=\"vc_row wpb_row vc_inner vc_row-fluid\"><div class=\"wpb_column vc_column_container vc_col-sm-6\"><div class=\"vc_column-inner\"><div class=\"wpb_wrapper\"><section class=\"vc_cta3-container\"><div class=\"vc_general vc_cta3 vc_cta3-style-classic vc_cta3-shape-rounded vc_cta3-align-left vc_cta3-color-classic vc_cta3-icon-size-md vc_cta3-actions-bottom\"><div class=\"vc_cta3_content-container\"><div class=\"vc_cta3-content\"><header class=\"vc_cta3-content-header\"><h2>Punt 8<\/h2><h4>Afrontem les dificultats amb molta informaci\u00f3<\/h4><\/header><p style=\"text-align: justify;\">La lact\u00e0ncia no hauria de presentar dificultats, per\u00f2 a vegades, i sobretot al principi, pot sorgir algun problema. En aquest punt podr\u00e0s trobar els problemes m\u00e9s t\u00edpics i idees sobre com afrontar-los<\/p>\n<\/div><div class=\"vc_cta3-actions\"><div class=\"vc_btn3-container vc_btn3-right\" ><a class=\"vc_general vc_btn3 vc_btn3-size-md vc_btn3-shape-rounded vc_btn3-style-modern vc_btn3-icon-left vc_btn3-color-info\" href=\"\/wp-content\/uploads\/2020\/03\/Guia-Mamare-punto-8.pdf\" title=\"Punt 8\" target=\"_blank\"><i class=\"vc_btn3-icon fas fa-file-pdf\"><\/i> Punt 8<\/a><\/div><\/div><\/div><\/div><\/section><\/div><\/div><\/div><div class=\"wpb_column vc_column_container vc_col-sm-6\"><div class=\"vc_column-inner\"><div class=\"wpb_wrapper\"><section class=\"vc_cta3-container\"><div class=\"vc_general vc_cta3 vc_cta3-style-classic vc_cta3-shape-rounded vc_cta3-align-left vc_cta3-color-classic vc_cta3-icon-size-md vc_cta3-actions-bottom\"><div class=\"vc_cta3_content-container\"><div class=\"vc_cta3-content\"><header class=\"vc_cta3-content-header\"><h2>Punt 9<\/h2><h4>Lact\u00e0ncia en circumst\u00e0ncies especials<\/h4><\/header><p style=\"text-align: justify;\">A vegades hi ha situacions especials en les quals la lact\u00e0ncia pot complicar-se, com en el cas de beb\u00e9s prematurs, parts m\u00faltiples, durant l'embar\u00e0s o durant una relactaci\u00f3. En aquest punt et donarem informaci\u00f3 sobre cadascuna d'elles i alguns consells per a poder superar-les.<\/p>\n<\/div><div class=\"vc_cta3-actions\"><div class=\"vc_btn3-container vc_btn3-right\" ><a class=\"vc_general vc_btn3 vc_btn3-size-md vc_btn3-shape-rounded vc_btn3-style-modern vc_btn3-icon-left vc_btn3-color-info\" href=\"\/wp-content\/uploads\/2020\/03\/Guia-Mamare-punto-9.pdf\" title=\"Punt 9\" target=\"_blank\"><i class=\"vc_btn3-icon fas fa-file-pdf\"><\/i> Punt 9<\/a><\/div><\/div><\/div><\/div><\/section><\/div><\/div><\/div><\/div><\/div><\/div><\/div><\/div><div class=\"vc_row wpb_row vc_row-fluid vc_custom_1583090574439\"><div class=\"wpb_column vc_column_container vc_col-sm-12\"><div class=\"vc_column-inner\"><div class=\"wpb_wrapper\"><div class=\"vc_row wpb_row vc_inner vc_row-fluid\"><div class=\"wpb_column vc_column_container vc_col-sm-6\"><div class=\"vc_column-inner\"><div class=\"wpb_wrapper\"><section class=\"vc_cta3-container\"><div class=\"vc_general vc_cta3 vc_cta3-style-classic vc_cta3-shape-rounded vc_cta3-align-left vc_cta3-color-classic vc_cta3-icon-size-md vc_cta3-actions-bottom\"><div class=\"vc_cta3_content-container\"><div class=\"vc_cta3-content\"><header class=\"vc_cta3-content-header\"><h2>Punt 10<\/h2><h4>Extracci\u00f3, conservaci\u00f3 i manipulaci\u00f3 de la llet materna<\/h4><\/header><p><span style=\"font-weight: 400;\">Com extraure's llet materna? Com emmagatzemar-la? S\u00f3n alguns dels dubtes m\u00e9s freq\u00fcents que tenen les mam\u00e0s lactants. <\/span>En aquest punt intentarem resoldre els m\u00e9s comuns\n9<\/p>\n<\/div><div class=\"vc_cta3-actions\"><div class=\"vc_btn3-container vc_btn3-right\" ><a class=\"vc_general vc_btn3 vc_btn3-size-md vc_btn3-shape-rounded vc_btn3-style-modern vc_btn3-icon-left vc_btn3-color-info\" href=\"\/wp-content\/uploads\/2020\/03\/Guia-Mamare-punto-10.pdf\" title=\"Punt 10\" target=\"_blank\"><i class=\"vc_btn3-icon fas fa-file-pdf\"><\/i> Punt 10<\/a><\/div><\/div><\/div><\/div><\/section><\/div><\/div><\/div><div class=\"wpb_column vc_column_container vc_col-sm-6\"><div class=\"vc_column-inner\"><div class=\"wpb_wrapper\"><section class=\"vc_cta3-container\"><div class=\"vc_general vc_cta3 vc_cta3-style-classic vc_cta3-shape-rounded vc_cta3-align-left vc_cta3-color-classic vc_cta3-icon-size-md vc_cta3-actions-bottom\"><div class=\"vc_cta3_content-container\"><div class=\"vc_cta3-content\"><header class=\"vc_cta3-content-header\"><h2>Punts 11 i 12<\/h2><h4>On trobar m\u00e9s informaci\u00f3 i recursos \/ Bibliografia consultada<\/h4><\/header><p style=\"text-align: justify;\">Finalment us deixem alguns enlla\u00e7os on podreu trobar m\u00e9s informaci\u00f3 i recursos, a m\u00e9s de la bibliografia que hem consultat per a elaborar aquesta guia.<\/p>\n<\/div><div class=\"vc_cta3-actions\"><div class=\"vc_btn3-container vc_btn3-right\" ><a class=\"vc_general vc_btn3 vc_btn3-size-md vc_btn3-shape-rounded vc_btn3-style-modern vc_btn3-icon-left vc_btn3-color-info\" href=\"\/wp-content\/uploads\/2020\/03\/Guia-Mamare-punto-11-y-12.pdf\" title=\"Puntos 11 y 12 guia lactancia mamare\" target=\"_blank\"><i class=\"vc_btn3-icon fas fa-file-pdf\"><\/i> Punt 11 y 12<\/a><\/div><\/div><\/div><\/div><\/section><\/div><\/div><\/div><\/div><\/div><\/div><\/div><\/div>","protected":false},"excerpt":{"rendered":"<p>En Mamare hemos elaborado y actualizado una gu\u00eda de lactancia materna mediante la cual pretendemos informar, promocionar y normalizar la lactancia materna. Adem\u00e1s, hemos a\u00f1adido una serie de v\u00eddeos de utilidad sobre agarres correctos, como realizar la extracci\u00f3n manual de leche materna o diferentes posiciones para amamantar, entre otros. Todos estos videos est\u00e1n anexados a&hellip;<\/p>","protected":false},"author":1,"featured_media":0,"parent":0,"menu_order":25,"comment_status":"closed","ping_status":"closed","template":"","meta":{"footnotes":""},"yoast_head":"<!-- This site is optimized with the Yoast SEO plugin v20.1 - https:\/\/yoast.com\/wordpress\/plugins\/seo\/ -->\n<title>Gu\u00eda Lactancia - Mamare<\/title>\n<meta name=\"robots\" content=\"index, follow, max-snippet:-1, max-image-preview:large, max-video-preview:-1\" \/>\n<link rel=\"canonical\" href=\"https:\/\/mamare.es\/ca\/guia\/\" \/>\n<meta property=\"og:locale\" content=\"ca_ES\" \/>\n<meta property=\"og:type\" content=\"article\" \/>\n<meta property=\"og:title\" content=\"Gu\u00eda Lactancia - Mamare\" \/>\n<meta property=\"og:url\" content=\"https:\/\/mamare.es\/ca\/guia\/\" \/>\n<meta property=\"og:site_name\" content=\"Mamare\" \/>\n<meta property=\"article:modified_time\" content=\"2020-05-01T11:09:00+00:00\" \/>\n<meta name=\"twitter:card\" content=\"summary_large_image\" \/>\n<meta name=\"twitter:label1\" content=\"Temps estimat de lectura\" \/>\n\t<meta name=\"twitter:data1\" content=\"6 minuts\" \/>\n<script type=\"application\/ld+json\" class=\"yoast-schema-graph\">{\"@context\":\"https:\/\/schema.org\",\"@graph\":[{\"@type\":\"WebPage\",\"@id\":\"https:\/\/mamare.es\/es_es\/guia\/\",\"url\":\"https:\/\/mamare.es\/es_es\/guia\/\",\"name\":\"Gu\u00eda Lactancia - Mamare\",\"isPartOf\":{\"@id\":\"https:\/\/mamare.es\/#website\"},\"datePublished\":\"2018-06-20T20:54:50+00:00\",\"dateModified\":\"2020-05-01T11:09:00+00:00\",\"breadcrumb\":{\"@id\":\"https:\/\/mamare.es\/es_es\/guia\/#breadcrumb\"},\"inLanguage\":\"ca\",\"potentialAction\":[{\"@type\":\"ReadAction\",\"target\":[\"https:\/\/mamare.es\/es_es\/guia\/\"]}]},{\"@type\":\"BreadcrumbList\",\"@id\":\"https:\/\/mamare.es\/es_es\/guia\/#breadcrumb\",\"itemListElement\":[{\"@type\":\"ListItem\",\"position\":1,\"name\":\"Portada\",\"item\":\"https:\/\/mamare.es\/\"},{\"@type\":\"ListItem\",\"position\":2,\"name\":\"Gu\u00eda Lactancia\"}]},{\"@type\":\"WebSite\",\"@id\":\"https:\/\/mamare.es\/#website\",\"url\":\"https:\/\/mamare.es\/\",\"name\":\"Mamare\",\"description\":\"Apoyo Madre a Madre\",\"potentialAction\":[{\"@type\":\"SearchAction\",\"target\":{\"@type\":\"EntryPoint\",\"urlTemplate\":\"https:\/\/mamare.es\/?s={search_term_string}\"},\"query-input\":\"required name=search_term_string\"}],\"inLanguage\":\"ca\"}]}<\/script>\n<!-- \/ Yoast SEO plugin. -->","yoast_head_json":{"title":"Gu\u00eda Lactancia - Mamare","robots":{"index":"index","follow":"follow","max-snippet":"max-snippet:-1","max-image-preview":"max-image-preview:large","max-video-preview":"max-video-preview:-1"},"canonical":"https:\/\/mamare.es\/ca\/guia\/","og_locale":"ca_ES","og_type":"article","og_title":"Gu\u00eda Lactancia - Mamare","og_url":"https:\/\/mamare.es\/ca\/guia\/","og_site_name":"Mamare","article_modified_time":"2020-05-01T11:09:00+00:00","twitter_card":"summary_large_image","twitter_misc":{"Temps estimat de lectura":"6 minuts"},"schema":{"@context":"https:\/\/schema.org","@graph":[{"@type":"WebPage","@id":"https:\/\/mamare.es\/es_es\/guia\/","url":"https:\/\/mamare.es\/es_es\/guia\/","name":"Gu\u00eda Lactancia - Mamare","isPartOf":{"@id":"https:\/\/mamare.es\/#website"},"datePublished":"2018-06-20T20:54:50+00:00","dateModified":"2020-05-01T11:09:00+00:00","breadcrumb":{"@id":"https:\/\/mamare.es\/es_es\/guia\/#breadcrumb"},"inLanguage":"ca","potentialAction":[{"@type":"ReadAction","target":["https:\/\/mamare.es\/es_es\/guia\/"]}]},{"@type":"BreadcrumbList","@id":"https:\/\/mamare.es\/es_es\/guia\/#breadcrumb","itemListElement":[{"@type":"ListItem","position":1,"name":"Portada","item":"https:\/\/mamare.es\/"},{"@type":"ListItem","position":2,"name":"Gu\u00eda Lactancia"}]},{"@type":"WebSite","@id":"https:\/\/mamare.es\/#website","url":"https:\/\/mamare.es\/","name":"Mamare","description":"Apoyo Madre a Madre","potentialAction":[{"@type":"SearchAction","target":{"@type":"EntryPoint","urlTemplate":"https:\/\/mamare.es\/?s={search_term_string}"},"query-input":"required name=search_term_string"}],"inLanguage":"ca"}]}},"_links":{"self":[{"href":"https:\/\/mamare.es\/ca\/wp-json\/wp\/v2\/pages\/2153"}],"collection":[{"href":"https:\/\/mamare.es\/ca\/wp-json\/wp\/v2\/pages"}],"about":[{"href":"https:\/\/mamare.es\/ca\/wp-json\/wp\/v2\/types\/page"}],"author":[{"embeddable":true,"href":"https:\/\/mamare.es\/ca\/wp-json\/wp\/v2\/users\/1"}],"replies":[{"embeddable":true,"href":"https:\/\/mamare.es\/ca\/wp-json\/wp\/v2\/comments?post=2153"}],"version-history":[{"count":29,"href":"https:\/\/mamare.es\/ca\/wp-json\/wp\/v2\/pages\/2153\/revisions"}],"predecessor-version":[{"id":2899,"href":"https:\/\/mamare.es\/ca\/wp-json\/wp\/v2\/pages\/2153\/revisions\/2899"}],"wp:attachment":[{"href":"https:\/\/mamare.es\/ca\/wp-json\/wp\/v2\/media?parent=2153"}],"curies":[{"name":"wp","href":"https:\/\/api.w.org\/{rel}","templated":true}]}}