{"id":3001,"date":"2020-10-12T17:11:21","date_gmt":"2020-10-12T15:11:21","guid":{"rendered":"https:\/\/mamare.es\/?page_id=3001"},"modified":"2021-06-05T07:25:50","modified_gmt":"2021-06-05T05:25:50","slug":"charlaonline","status":"publish","type":"page","link":"https:\/\/mamare.es\/ca\/charlaonline\/","title":{"rendered":"charlaonline"},"content":{"rendered":"<div data-vc-full-width=\"true\" data-vc-full-width-init=\"false\" data-vc-stretch-content=\"true\" class=\"vc_row wpb_row vc_row-fluid vc_custom_1589136558170 vc_row-no-padding vc_row-o-content-middle vc_row-flex\"><div class=\"wpb_column vc_column_container vc_col-sm-6\"><div class=\"vc_column-inner\"><div class=\"wpb_wrapper\"><div class=\"vc_row wpb_row vc_inner vc_row-fluid\"><div class=\"wpb_column vc_column_container vc_col-sm-3\"><div class=\"vc_column-inner\"><div class=\"wpb_wrapper\"><div class=\"vc_icon_element vc_icon_element-outer vc_icon_element-align-center\"><div class=\"vc_icon_element-inner vc_icon_element-color-white vc_icon_element-size-lg vc_icon_element-style- vc_icon_element-background-color-grey\" ><span class=\"vc_icon_element-icon fas fa-users\" ><\/span><\/div><\/div><\/div><\/div><\/div><div class=\"wpb_column vc_column_container vc_col-sm-9\"><div class=\"vc_column-inner\"><div class=\"wpb_wrapper\"><h1 style=\"color: #ffffff;text-align: center\" class=\"vc_custom_heading\" >Confer\u00e8ncia<\/h1><\/div><\/div><\/div><\/div><\/div><\/div><\/div><div class=\"wpb_column vc_column_container vc_col-sm-6\"><div class=\"vc_column-inner\"><div class=\"wpb_wrapper\">\n\t<div  class=\"wpb_single_image wpb_content_element vc_align_center\">\n\t\t\n\t\t<figure class=\"wpb_wrapper vc_figure\">\n\t\t\t<div class=\"vc_single_image-wrapper   vc_box_border_grey\"><img width=\"150\" height=\"150\" src=\"https:\/\/mamare.es\/wp-content\/uploads\/2020\/05\/logo-meet-150x150.png\" class=\"vc_single_image-img attachment-thumbnail\" alt=\"\" decoding=\"async\" loading=\"lazy\" srcset=\"https:\/\/mamare.es\/wp-content\/uploads\/2020\/05\/logo-meet-150x150.png 150w, https:\/\/mamare.es\/wp-content\/uploads\/2020\/05\/logo-meet-300x300.png 300w, https:\/\/mamare.es\/wp-content\/uploads\/2020\/05\/logo-meet-768x768.png 768w, https:\/\/mamare.es\/wp-content\/uploads\/2020\/05\/logo-meet.png 1024w\" sizes=\"(max-width: 150px) 100vw, 150px\"  data-dt-location=\"https:\/\/mamare.es\/ca\/home-2\/logo-meet\/\" \/><\/div>\n\t\t<\/figure>\n\t<\/div>\n<style type=\"text\/css\" data-type=\"the7_shortcodes-inline-css\">#default-btn-1803c4f21509564b537a634d9a2d7363.ico-right-side > i {\n  margin-right: 0px;\n  margin-left: 8px;\n}\n#default-btn-1803c4f21509564b537a634d9a2d7363 > i {\n  margin-right: 8px;\n}\n<\/style><div class=\"btn-align-center\"><a href=\"https:\/\/www.youtube.com\/watch?v=tfyADU0BCjM&amp;t=9s\" class=\"default-btn-shortcode dt-btn dt-btn-m link-hover-off\" id=\"default-btn-1803c4f21509564b537a634d9a2d7363\"><i class=\"Defaults-play-circle\"><\/i><span>VEURE<\/span><\/a><\/div><\/div><\/div><\/div><\/div><div class=\"vc_row-full-width vc_clearfix\"><\/div><!-- Row Backgrounds --><div class=\"upb_color\" data-bg-override=\"0\" data-bg-color=\"#f83862\" data-fadeout=\"\" data-fadeout-percentage=\"30\" data-parallax-content=\"\" data-parallax-content-sense=\"30\" data-row-effect-mobile-disable=\"true\" data-img-parallax-mobile-disable=\"true\" data-rtl=\"false\"  data-custom-vc-row=\"\"  data-vc=\"6.1\"  data-is_old_vc=\"\"  data-theme-support=\"\"   data-overlay=\"false\" data-overlay-color=\"\" data-overlay-pattern=\"\" data-overlay-pattern-opacity=\"\" data-overlay-pattern-size=\"\"    ><\/div><div data-vc-full-width=\"true\" data-vc-full-width-init=\"false\" data-vc-stretch-content=\"true\" class=\"vc_row wpb_row vc_row-fluid\"><div class=\"wpb_column vc_column_container vc_col-sm-12\"><div class=\"vc_column-inner\"><div class=\"wpb_wrapper\"><\/div><\/div><\/div><\/div><div class=\"vc_row-full-width vc_clearfix\"><\/div><div class=\"vc_row wpb_row vc_row-fluid vc_custom_1529516549373 vc_row-o-equal-height vc_row-o-content-middle vc_row-flex\"><div class=\"wpb_column vc_column_container vc_col-sm-12 vc_col-lg-offset-2 vc_col-lg-8 vc_col-md-offset-1 vc_col-md-10\" id=\"conf\"><div class=\"vc_column-inner\"><div class=\"wpb_wrapper\"><div id=\"ultimate-heading-161469e459c15b273\" class=\"uvc-heading ult-adjust-bottom-margin ultimate-heading-161469e459c15b273 uvc-2481 accent-border-color\" data-hspacer=\"line_only\"  data-halign=\"left\" style=\"text-align:left\"><div class=\"uvc-main-heading ult-responsive\"  data-ultimate-target='.uvc-heading.ultimate-heading-161469e459c15b273 h2'  data-responsive-json-new='{\"font-size\":\"desktop:30px;tablet_portrait:30px;\",\"line-height\":\"tablet_portrait:40px;\"}' ><h2 style=\"font-weight:bold;margin-bottom:10px;\">Confer\u00e8ncia en l\u00ednia<\/h2><\/div><div class=\"uvc-heading-spacer line_only\" style=\"margin-bottom:40px;height:5px;\"><span class=\"uvc-headings-line\" style=\"border-style:solid;border-bottom-width:5px;border-color:;width:120px;\"><\/span><\/div><div class=\"uvc-sub-heading ult-responsive\"  data-ultimate-target='.uvc-heading.ultimate-heading-161469e459c15b273 .uvc-sub-heading '  data-responsive-json-new='{\"font-size\":\"mobile_landscape:16px;\",\"line-height\":\"desktop:32px;mobile_landscape:26px;\"}'  style=\"font-weight:normal;color:#333333;margin-bottom:70px;\">Amb motiu de la celebraci\u00f3 de la Setmana Mundial de la Lact\u00e0ncia Materna 2020, l'associaci\u00f3 MAMARE ha convidat a l'odont\u00f2loga Irene Iglesias a donar una confer\u00e8ncia en l\u00ednia.<\/div><\/div><\/div><\/div><\/div><\/div><div id=\"grupos_castellon\" data-vc-full-width=\"true\" data-vc-full-width-init=\"false\" data-vc-stretch-content=\"true\" class=\"vc_row wpb_row vc_row-fluid vc_custom_1584012135179\"><div class=\"wpb_column vc_column_container vc_col-sm-12\"><div class=\"vc_column-inner\"><div class=\"wpb_wrapper\"><h2 style=\"color: #ffffff;text-align: center\" class=\"vc_custom_heading\" >SALUT BUCODENTAL I LACT\u00c0NCIA<br \/>\nDivendres, 23 d'octubre a les 18 h.<br \/>\n\u201cUna boca sana comen\u00e7a en la gestaci\u00f3 i \n repercuteix en la salut de tot l'organisme en l'adult\u201d<\/h2><\/div><\/div><\/div><\/div><div class=\"vc_row-full-width vc_clearfix\"><\/div><!-- Row Backgrounds --><div class=\"upb_grad\" data-grad=\"background: -webkit-gradient(linear, left top, left bottom, color-stop(0%, #AD2D71), color-stop(100%, #392B7E));background: -moz-linear-gradient(left,#AD2D71 0%,#392B7E 100%);background: -webkit-linear-gradient(left,#AD2D71 0%,#392B7E 100%);background: -o-linear-gradient(left,#AD2D71 0%,#392B7E 100%);background: -ms-linear-gradient(left,#AD2D71 0%,#392B7E 100%);background: linear-gradient(left,#AD2D71 0%,#392B7E 100%);\" data-bg-override=\"0\" data-upb-overlay-color=\"\" data-upb-bg-animation=\"\" data-fadeout=\"\" data-fadeout-percentage=\"30\" data-parallax-content=\"\" data-parallax-content-sense=\"30\" data-row-effect-mobile-disable=\"true\" data-img-parallax-mobile-disable=\"true\" data-rtl=\"false\"  data-custom-vc-row=\"\"  data-vc=\"6.1\"  data-is_old_vc=\"\"  data-theme-support=\"\"   data-overlay=\"false\" data-overlay-color=\"\" data-overlay-pattern=\"\" data-overlay-pattern-opacity=\"\" data-overlay-pattern-size=\"\"    ><\/div><div class=\"vc_row wpb_row vc_row-fluid vc_custom_1529516563909 vc_row-o-equal-height vc_row-o-content-middle vc_row-flex\"><div class=\"wpb_column vc_column_container vc_col-sm-6\"><div class=\"vc_column-inner\"><div class=\"wpb_wrapper\">\n\t<div  class=\"wpb_single_image wpb_content_element vc_align_right\">\n\t\t\n\t\t<figure class=\"wpb_wrapper vc_figure\">\n\t\t\t<a href=\"https:\/\/mamare.es\/wp-content\/uploads\/2020\/10\/Cartell-Semana-Mundial-Lact\u00e0ncia-2020-1-scaled.jpg\" target=\"_self\"  class=\"vc_single_image-wrapper   vc_box_border_grey rollover\" data-large_image_width=\"1267\" data-large_image_height = \"2560\"     ><img class=\"vc_single_image-img\" src=\"https:\/\/mamare.es\/wp-content\/uploads\/2020\/10\/Cartel-Semana-Mundial-Lactancia-2020-scaled-100x200.jpg\" width=\"100\" height=\"200\" alt=\"Cartel Semana Mundial Lactancia 2020\" title=\"Cartel Setmana Mundial L\u00e0ctancia 2020\"  data-dt-location=\"https:\/\/mamare.es\/ca\/noticies\/cartel-semana-mundial-lactancia-2020\/\" \/><\/a>\n\t\t<\/figure>\n\t<\/div>\n<\/div><\/div><\/div><div class=\"wpb_column vc_column_container vc_col-sm-6\"><div class=\"vc_column-inner\"><div class=\"wpb_wrapper\">\n\t<div  class=\"wpb_single_image wpb_content_element vc_align_right\">\n\t\t\n\t\t<figure class=\"wpb_wrapper vc_figure\">\n\t\t\t<a href=\"https:\/\/mamare.es\/wp-content\/uploads\/2020\/10\/Cartell-Semana-Mundial-Lact\u00e0ncia-2020-1-507x1024.jpg\" target=\"_self\"  class=\"vc_single_image-wrapper   vc_box_border_grey rollover\" data-large_image_width=\"1267\" data-large_image_height = \"2560\"     ><img class=\"vc_single_image-img\" src=\"https:\/\/mamare.es\/wp-content\/uploads\/2020\/10\/Cartell-Semana-Mundial-Lact\u00e0ncia-2020-1-scaled-100x200.jpg\" width=\"100\" height=\"200\" alt=\"Cartell Semana Mundial Lact\u00e0ncia 2020\" title=\"Cartell Semana Mundial Lact\u00e0ncia 2020\"  data-dt-location=\"https:\/\/mamare.es\/ca\/noticies\/cartell-semana-mundial-lactancia-2020-2\/\" \/><\/a>\n\t\t<\/figure>\n\t<\/div>\n<\/div><\/div><\/div><\/div><div class=\"vc_row wpb_row vc_row-fluid vc_custom_1529516563909 vc_row-o-equal-height vc_row-o-content-middle vc_row-flex\"><div class=\"wpb_column vc_column_container vc_col-sm-12\"><div class=\"vc_column-inner\"><div class=\"wpb_wrapper\"><\/div><\/div><\/div><\/div><div id=\"grupos_almazora\" data-vc-full-width=\"true\" data-vc-full-width-init=\"false\" data-vc-stretch-content=\"true\" class=\"vc_row wpb_row vc_row-fluid vc_custom_1588574284506\"><div class=\"wpb_column vc_column_container vc_col-sm-12\"><div class=\"vc_column-inner\"><div class=\"wpb_wrapper\"><h2 style=\"color: #ffffff;text-align: center\" class=\"vc_custom_heading\" >IRENE IGLESIAS<\/h2><\/div><\/div><\/div><\/div><div class=\"vc_row-full-width vc_clearfix\"><\/div><!-- Row Backgrounds --><div class=\"upb_grad\" data-grad=\"background: -webkit-gradient(linear, left top, left bottom, color-stop(0%, #AD2D71), color-stop(100%, #392B7E));background: -moz-linear-gradient(left,#AD2D71 0%,#392B7E 100%);background: -webkit-linear-gradient(left,#AD2D71 0%,#392B7E 100%);background: -o-linear-gradient(left,#AD2D71 0%,#392B7E 100%);background: -ms-linear-gradient(left,#AD2D71 0%,#392B7E 100%);background: linear-gradient(left,#AD2D71 0%,#392B7E 100%);\" data-bg-override=\"0\" data-upb-overlay-color=\"\" data-upb-bg-animation=\"\" data-fadeout=\"\" data-fadeout-percentage=\"30\" data-parallax-content=\"\" data-parallax-content-sense=\"30\" data-row-effect-mobile-disable=\"true\" data-img-parallax-mobile-disable=\"true\" data-rtl=\"false\"  data-custom-vc-row=\"\"  data-vc=\"6.1\"  data-is_old_vc=\"\"  data-theme-support=\"\"   data-overlay=\"false\" data-overlay-color=\"\" data-overlay-pattern=\"\" data-overlay-pattern-opacity=\"\" data-overlay-pattern-size=\"\"    ><\/div><div class=\"vc_row wpb_row vc_row-fluid vc_custom_1581664360388 vc_row-o-equal-height vc_row-o-content-middle vc_row-flex\"><div class=\"wpb_column vc_column_container vc_col-sm-12\"><div class=\"vc_column-inner\"><div class=\"wpb_wrapper\"><div class=\"vc_row wpb_row vc_inner vc_row-fluid\"><div class=\"wpb_column vc_column_container vc_col-sm-12\"><div class=\"vc_column-inner\"><div class=\"wpb_wrapper\">\n\t<div class=\"wpb_text_column wpb_content_element\" >\n\t\t<div class=\"wpb_wrapper\">\n\t\t\t<blockquote><p>\n<strong>Irene Iglesias Rubio<\/strong>\u00a0es Odont\u00f3loga por la Universidad Complutense de Madrid y creadora del<br \/>\nblog\u00a0<a href=\"https:\/\/evidientemente.wordpress.com\/\">evidientemente.wordpress.com<\/a>. M\u00e1ster en Implantolog\u00eda, postgrado en Cirug\u00eda Oral y varios cursos de especializaci\u00f3n, entre ellos uno de odontolog\u00eda para beb\u00e9s. Su labor de divulgaci\u00f3n cient\u00edfica es enorme. Muy activa en redes sociales, ha participado en numerosos congresos, compartiendo generosamente su saber y su pasi\u00f3n.<br \/>\n\u201cUna boca sana comienza en la gestaci\u00f3n, y repercute en la salud<br \/>\nde todo el organismo en el adulto\u201d<br \/>\nIrene, tenemos mucho que aprender sobre este tema, y nos gustar\u00eda hacerte unas<br \/>\npreguntas para ir \u201cabriendo boca\u201d:\n<\/p><\/blockquote>\n\n\t\t<\/div>\n\t<\/div>\n<\/div><\/div><\/div><\/div><\/div><\/div><\/div><\/div><div class=\"vc_row wpb_row vc_row-fluid vc_custom_1581664418716 vc_row-o-equal-height vc_row-o-content-middle vc_row-flex\"><div class=\"wpb_column vc_column_container vc_col-sm-12\"><div class=\"vc_column-inner\"><div class=\"wpb_wrapper\"><div class=\"vc_row wpb_row vc_inner vc_row-fluid\"><div class=\"wpb_column vc_column_container vc_col-sm-12\"><div class=\"vc_column-inner\"><div class=\"wpb_wrapper\">\n\t<div class=\"wpb_text_column wpb_content_element\" >\n\t\t<div class=\"wpb_wrapper\">\n\t\t\t<ol>\n<li>\n<h5>\u00bfCu\u00e1ndo debemos comenzar con la higiene dental de nuestros hijos?<\/h5>\n<p>Con la erupci\u00f3n del primer diente. S\u00ed, cuando asoma el borde del primer incisivo. Un diente esm\u00e1s susceptible a la caries justo cuando empieza a erupcionar, no podemos desperdiciar ese<br \/>\nmomento para fortalecer el esmalte y para comenzar los cuidados. A esa edad, sobre los 6-8<br \/>\nmeses, por lo general los\/as beb\u00e9s aceptan muy bien el cepillado y el masaje de las enc\u00edas.<\/li>\n<li>\n<h5>\u00bfA qu\u00e9 edad se recomienda la primera revisi\u00f3n?<\/h5>\n<p>Como muy tarde antes de cumplir el primer a\u00f1o; las gu\u00edas cl\u00ednicas comienzan ya a recomendar<br \/>\nla primera visita a los 6 meses, y en realidad eso es lo ideal, pues es el momento oportuno para<br \/>\nfomentar la continuaci\u00f3n de la lactancia materna y explicar c\u00f3mo la alimentaci\u00f3n<br \/>\ncomplementaria influye directa y decisivamente en el desarrollo de la boca, de la cara, de la<br \/>\ncabeza y de todo el organismo, no solo para prevenir las caries sino para establecer h\u00e1bitos de<br \/>\nalimentaci\u00f3n saludables.<\/li>\n<li>\n<h5>\u00bfEl fl\u00faor de las pastas dent\u00edfricas es siempre necesario?<\/h5>\n<p>S\u00ed, en nuestro medio s\u00ed. Y lo dicen sin ning\u00fan g\u00e9nero de duda todos los organismos oficiales: la<br \/>\nSociedad Espa\u00f1ola de Odontopediatr\u00eda, la Sociedad Espa\u00f1ola de Salud P\u00fablica Oral, el NHS<br \/>\nbrit\u00e1nico y la organizaci\u00f3n que a\u00fana a todos los especialistas de odontopediatr\u00eda del mundo: la<br \/>\nInternational Academy of Pediatric Dentistry que, en su reciente Declaraci\u00f3n de Bangkok, de<br \/>\nfinales de 2019, explicita la necesidad de aportar fl\u00faor en el dent\u00edfrico, a una concentraci\u00f3n de<br \/>\n1000 ppm desde la erupci\u00f3n del primer diente. Esto ha sido importante porque hab\u00eda<br \/>\nasociaciones, como la europea, que han tardado mucho en interiorizar las recomendaciones que<br \/>\notras asociaciones ya estaban dando. Ahora ya estamos todos de acuerdo.<\/li>\n<li>\n<h5>Mi hijo tiene caries. Me dicen que tengo que destetarle\u2026<\/h5>\n<p>La caries es una enfermedad multifactorial. Para saber el riesgo de caries de un ni\u00f1o hay que<br \/>\nestudiar TODOS los factores que pueden estar actuando, desde las caries que haya tenido la<br \/>\nmadre durante el embarazo, en los cuidadores, enfermedades y medicamentos que alteran la<br \/>\ncantidad o calidad de la saliva, si la t\u00e9cnica de cepillado est\u00e1 siendo correcta, si se est\u00e1 utilizando<br \/>\ndent\u00edfrico fluorado, las veces que el ni\u00f1o come, aunque sea un bocado de lo que sea a lo largo<br \/>\ndel d\u00eda, la consistencia de la comida, el orden en el que se ingieren los alimentos, la presencia<br \/>\nde hidratos de carbono fermentables sobre todo entre horas\u2026 cuando se tienen en cuenta todos<br \/>\nlos factores y se corrigen, nos damos cuenta de que la lactancia materna a demanda no juega<br \/>\nun papel decisivo: si la dieta no es cariog\u00e9nica, si la saliva es normal, si el recuento de bacterias<br \/>\nes bajo, si se utiliza pasta fluorada\u2026 \u00bfpara qu\u00e9 vas a quitar la lactancia?. Si el ni\u00f1o come cada<br \/>\nmenos de dos horas, se le cepilla mal, sin mirar, utiliza inhaladores para el asma y sus padres<br \/>\ntienen caries, por mucho que le quites la lactancia las caries van a seguir apareciendo como setas<br \/>\ny evolucionando rapid\u00edsimo. Lo que tenemos que exigir al profesional sanitario no solo es que<br \/>\ntenga unos m\u00ednimos conocimientos de lactancia materna, sino que ENSE\u00d1E LA TECNICA DE<br \/>\nCEPILLADO y ESTUDIE LOS FACTORES DE RIESGO de caries. Esto es barato, f\u00e1cil, accesible y<br \/>\neficaz.<\/li>\n<li>\n<h5>Si mama mucho tiempo, \u00bfse le deformar\u00e1 el paladar?<\/h5>\n<p>No hay manera de que la lactancia materna deforme el paladar. Quien dice esto es que no ha<br \/>\ntenido nunca un beb\u00e9 a la espalda en un fular o mochila, mamando sacando el pez\u00f3n por<br \/>\ncualquier sitio. El pez\u00f3n es tremendamente el\u00e1stico, no tiene nada que ver con el uso de una<br \/>\ntetina artificial. Es como decir que por respirar por la nariz mucho tiempo se te deformen los<br \/>\npulmones. El paladar se deforma cuando introduces elementos extra\u00f1os que hace que tengas<br \/>\nque utilizar los m\u00fasculos que no corresponden con la funci\u00f3n. Extraer Leche de una tetina<br \/>\nimplica utilizar los m\u00fasculos de la m\u00edmica facial en vez de los masticatorios, reduces la cantidad<br \/>\ny tipo de movimientos de la mand\u00edbula, etc. Igual si respiras por la boca. La boca no es para<br \/>\nrespirar. La boca debe permanecer cerrada si no es para hablar, o para introducirse el alimento.<br \/>\nCon el pez\u00f3n en la boca, sea cual sea la edad del ni\u00f1o, la lengua se coloca en el paladar y<br \/>\ncontribuye a su crecimiento y desarrollo \u00f3ptimos, fomenta la respiraci\u00f3n nasal, la tonicidad de<br \/>\nlos m\u00fasculos masticatorios, inervados por el nervio trig\u00e9mino y de la articulaci\u00f3n<br \/>\ntemporomandibular.<\/li>\n<li>\n<h5>Tener caries en los dientes de leche, \u00bfrepercute en su futura dentadura?<\/h5>\n<p>Tener caries en los dientes de Leche indica un desequilibrio en el ecosistema de la boca que,<br \/>\nsi no se cambia, permanecer\u00e1 en la dentadura definitiva. Los primeros molares definitivos salen<br \/>\nsobre los 6 a\u00f1os, detr\u00e1s de las \u00faltimas muelas de Leche. Si \u00e9stas tienen caries, las definitivas se<br \/>\ncontagiar\u00e1n muy precozmente. As\u00ed nos encontramos con una elevad\u00edsima parte de la poblaci\u00f3n<br \/>\nadulta que tiene empastes, endodoncias, coronas o que directamente, con menos de 35 a\u00f1os,<br \/>\nperdieron ese primer molar. Y esa muela es la que dicta el equilibrio de la boca para toda la vida.<br \/>\nSi hay caries en una muela de Leche, significa que hay un agujerito, una p\u00e9rdida de esmalte y<br \/>\ndentina. Si la muela de lado a lado mide 7 mm, a lo mejor hemos perdido un mm por cada lado<br \/>\ny ahora mide 5mm. Esos 2 mm de diferencia son claves para la colocaci\u00f3n luego de la pieza<br \/>\ndefinitiva que tiene que erupcionar: en el hueco de un Ford Fiesta tienes que meter un Mondeo:<br \/>\nno cabe. Hay que subirse a la acera, invadiendo espacio de otras estructures. Esto, entre otras<br \/>\ncosas, explica la cantidad de ni\u00f1os con api\u00f1amiento, con dientes que han salido fuera de su<br \/>\nposici\u00f3n, \u201ccolmillos de Dr\u00e1cula\u201d y muchas alteraciones m\u00e1s que son consecuencia de la falta de<br \/>\nespacio para los dientes definitivos.<br \/>\nLas caries en piezas definitivas, o el que a un adulto le hayan tenido que extraer muelas por<br \/>\ncaries nos habla de que ya hubo problemas en la dentadura de Leche. Las caries en los dientes<br \/>\nde Leche son, por tanto, la bola de cristal de la boca del adulto. Pero es algo que PODEMOS<br \/>\nCAMBIAR, y mejor a\u00fan PREVENIR.<\/li>\n<\/ol>\n<h5>En mi caso parece un tema hereditario, gen\u00e9tico. \u00bfPodemos hacer algo?<\/h5>\n<ol>\n<li>La gen\u00e9tica solo es un factor m\u00e1s que tenemos que contrarrestar. Si la forma de las muelas es<br \/>\nmuy irregular, por ejemplo, estar\u00eda indicado colocar selladores para facilitar el cepillado y que<br \/>\nlos restos de comida no se queden incrustados en la muela. La forma de las muelas depende de<br \/>\nla gen\u00e9tica. Pero lo que nos encontramos los dentistas cuando los pacientes nos comentan en<br \/>\neste sentido, son h\u00e1bitos de vida que influyen negativamente. Tengo el caso de una familia que<br \/>\nla madre dec\u00eda que ella ten\u00eda caries, su marido tiene caries y era evidente que sus hijos hab\u00edan<br \/>\nheredado esa predisposici\u00f3n a la caries y por eso tambi\u00e9n ten\u00edan mal la boca. Cuando analic\u00e9<br \/>\nsus h\u00e1bitos, SIEMPRE, desde beb\u00e9s, en esa familia se hab\u00eda comido con \u201crefresco\u201d de naranja. El<br \/>\npadre pensaba que el agua \u201cno tiene gracia\u201d y no beb\u00edan agua con las comidas. Se heredan los<br \/>\nmalos h\u00e1bitos de alimentaci\u00f3n.<br \/>\n\u00a1Muchas gracias, Irene! \u00a1Encantadas de seguir escuch\u00e1ndote en la conferencia!<br \/>\nCon la colaboraci\u00f3n de:<br \/>\n<a href=\"https:\/\/www.fue.uji.es\/lactancia\">https:\/\/www.fue.uji.es\/lactancia<\/a><\/li>\n<\/ol>\n\n\t\t<\/div>\n\t<\/div>\n<\/div><\/div><\/div><\/div><\/div><\/div><\/div><\/div>","protected":false},"excerpt":{"rendered":"<p>Conferencia Conferencia onlineCon motivo de la celebraci\u00f3n de la Semana Mundial de la Lactancia Materna 2020, la asociaci\u00f3n MAMARE ha invitado a la odont\u00f3loga Irene Iglesias a dar una conferencia online.SALUD BUCODENTAL Y LACTANCIA Viernes, 23 de octubre a las 18 h. \u201cUna boca sana comienza en la gestaci\u00f3n, y repercute en la salud de&hellip;<\/p>","protected":false},"author":2,"featured_media":0,"parent":0,"menu_order":5,"comment_status":"closed","ping_status":"closed","template":"","meta":{"footnotes":""},"yoast_head":"<!-- This site is optimized with the Yoast SEO plugin v20.1 - https:\/\/yoast.com\/wordpress\/plugins\/seo\/ -->\n<title>charlaonline - Mamare<\/title>\n<meta name=\"robots\" content=\"index, follow, max-snippet:-1, max-image-preview:large, max-video-preview:-1\" \/>\n<link rel=\"canonical\" href=\"https:\/\/mamare.es\/ca\/charlaonline\/\" \/>\n<meta property=\"og:locale\" content=\"ca_ES\" \/>\n<meta property=\"og:type\" content=\"article\" \/>\n<meta property=\"og:title\" content=\"charlaonline - Mamare\" \/>\n<meta property=\"og:url\" content=\"https:\/\/mamare.es\/ca\/charlaonline\/\" \/>\n<meta property=\"og:site_name\" content=\"Mamare\" \/>\n<meta property=\"article:modified_time\" content=\"2021-06-05T05:25:50+00:00\" \/>\n<meta name=\"twitter:card\" content=\"summary_large_image\" \/>\n<meta name=\"twitter:label1\" content=\"Temps estimat de lectura\" \/>\n\t<meta name=\"twitter:data1\" content=\"11 minuts\" \/>\n<script type=\"application\/ld+json\" class=\"yoast-schema-graph\">{\"@context\":\"https:\/\/schema.org\",\"@graph\":[{\"@type\":\"WebPage\",\"@id\":\"https:\/\/mamare.es\/es_es\/charlaonline\/\",\"url\":\"https:\/\/mamare.es\/es_es\/charlaonline\/\",\"name\":\"charlaonline - Mamare\",\"isPartOf\":{\"@id\":\"https:\/\/mamare.es\/#website\"},\"datePublished\":\"2020-10-12T15:11:21+00:00\",\"dateModified\":\"2021-06-05T05:25:50+00:00\",\"breadcrumb\":{\"@id\":\"https:\/\/mamare.es\/es_es\/charlaonline\/#breadcrumb\"},\"inLanguage\":\"ca\",\"potentialAction\":[{\"@type\":\"ReadAction\",\"target\":[\"https:\/\/mamare.es\/es_es\/charlaonline\/\"]}]},{\"@type\":\"BreadcrumbList\",\"@id\":\"https:\/\/mamare.es\/es_es\/charlaonline\/#breadcrumb\",\"itemListElement\":[{\"@type\":\"ListItem\",\"position\":1,\"name\":\"Portada\",\"item\":\"https:\/\/mamare.es\/\"},{\"@type\":\"ListItem\",\"position\":2,\"name\":\"charlaonline\"}]},{\"@type\":\"WebSite\",\"@id\":\"https:\/\/mamare.es\/#website\",\"url\":\"https:\/\/mamare.es\/\",\"name\":\"Mamare\",\"description\":\"Apoyo Madre a Madre\",\"potentialAction\":[{\"@type\":\"SearchAction\",\"target\":{\"@type\":\"EntryPoint\",\"urlTemplate\":\"https:\/\/mamare.es\/?s={search_term_string}\"},\"query-input\":\"required name=search_term_string\"}],\"inLanguage\":\"ca\"}]}<\/script>\n<!-- \/ Yoast SEO plugin. -->","yoast_head_json":{"title":"charlaonline - Mamare","robots":{"index":"index","follow":"follow","max-snippet":"max-snippet:-1","max-image-preview":"max-image-preview:large","max-video-preview":"max-video-preview:-1"},"canonical":"https:\/\/mamare.es\/ca\/charlaonline\/","og_locale":"ca_ES","og_type":"article","og_title":"charlaonline - Mamare","og_url":"https:\/\/mamare.es\/ca\/charlaonline\/","og_site_name":"Mamare","article_modified_time":"2021-06-05T05:25:50+00:00","twitter_card":"summary_large_image","twitter_misc":{"Temps estimat de lectura":"11 minuts"},"schema":{"@context":"https:\/\/schema.org","@graph":[{"@type":"WebPage","@id":"https:\/\/mamare.es\/es_es\/charlaonline\/","url":"https:\/\/mamare.es\/es_es\/charlaonline\/","name":"charlaonline - Mamare","isPartOf":{"@id":"https:\/\/mamare.es\/#website"},"datePublished":"2020-10-12T15:11:21+00:00","dateModified":"2021-06-05T05:25:50+00:00","breadcrumb":{"@id":"https:\/\/mamare.es\/es_es\/charlaonline\/#breadcrumb"},"inLanguage":"ca","potentialAction":[{"@type":"ReadAction","target":["https:\/\/mamare.es\/es_es\/charlaonline\/"]}]},{"@type":"BreadcrumbList","@id":"https:\/\/mamare.es\/es_es\/charlaonline\/#breadcrumb","itemListElement":[{"@type":"ListItem","position":1,"name":"Portada","item":"https:\/\/mamare.es\/"},{"@type":"ListItem","position":2,"name":"charlaonline"}]},{"@type":"WebSite","@id":"https:\/\/mamare.es\/#website","url":"https:\/\/mamare.es\/","name":"Mamare","description":"Apoyo Madre a Madre","potentialAction":[{"@type":"SearchAction","target":{"@type":"EntryPoint","urlTemplate":"https:\/\/mamare.es\/?s={search_term_string}"},"query-input":"required name=search_term_string"}],"inLanguage":"ca"}]}},"_links":{"self":[{"href":"https:\/\/mamare.es\/ca\/wp-json\/wp\/v2\/pages\/3001"}],"collection":[{"href":"https:\/\/mamare.es\/ca\/wp-json\/wp\/v2\/pages"}],"about":[{"href":"https:\/\/mamare.es\/ca\/wp-json\/wp\/v2\/types\/page"}],"author":[{"embeddable":true,"href":"https:\/\/mamare.es\/ca\/wp-json\/wp\/v2\/users\/2"}],"replies":[{"embeddable":true,"href":"https:\/\/mamare.es\/ca\/wp-json\/wp\/v2\/comments?post=3001"}],"version-history":[{"count":10,"href":"https:\/\/mamare.es\/ca\/wp-json\/wp\/v2\/pages\/3001\/revisions"}],"predecessor-version":[{"id":3249,"href":"https:\/\/mamare.es\/ca\/wp-json\/wp\/v2\/pages\/3001\/revisions\/3249"}],"wp:attachment":[{"href":"https:\/\/mamare.es\/ca\/wp-json\/wp\/v2\/media?parent=3001"}],"curies":[{"name":"wp","href":"https:\/\/api.w.org\/{rel}","templated":true}]}}