{"id":3622,"date":"2024-01-23T12:00:07","date_gmt":"2024-01-23T11:00:07","guid":{"rendered":"https:\/\/mamare.es\/?page_id=3622"},"modified":"2024-01-23T17:40:03","modified_gmt":"2024-01-23T16:40:03","slug":"notas_prensa","status":"publish","type":"page","link":"https:\/\/mamare.es\/ca\/notas_prensa\/","title":{"rendered":"Notes de premsa"},"content":{"rendered":"<div data-vc-full-width=\"true\" data-vc-full-width-init=\"false\" data-vc-stretch-content=\"true\" class=\"vc_row wpb_row vc_row-fluid vc_custom_1589136558170 vc_row-no-padding vc_row-o-content-middle vc_row-flex\"><div class=\"wpb_column vc_column_container vc_col-sm-6\"><div class=\"vc_column-inner\"><div class=\"wpb_wrapper\"><div class=\"vc_row wpb_row vc_inner vc_row-fluid\"><div class=\"wpb_column vc_column_container vc_col-sm-3\"><div class=\"vc_column-inner\"><div class=\"wpb_wrapper\"><div class=\"vc_icon_element vc_icon_element-outer vc_icon_element-align-center\"><div class=\"vc_icon_element-inner vc_icon_element-color-white vc_icon_element-size-lg vc_icon_element-style- vc_icon_element-background-color-grey\" ><span class=\"vc_icon_element-icon fas fa-users\" ><\/span><\/div><\/div><\/div><\/div><\/div><div class=\"wpb_column vc_column_container vc_col-sm-9\"><div class=\"vc_column-inner\"><div class=\"wpb_wrapper\"><h1 style=\"color: #ffffff;text-align: center\" class=\"vc_custom_heading\" >GENER 2024<\/h1><\/div><\/div><\/div><\/div><\/div><\/div><\/div><\/div><div class=\"vc_row-full-width vc_clearfix\"><\/div><!-- Row Backgrounds --><div class=\"upb_color\" data-bg-override=\"0\" data-bg-color=\"#f83862\" data-fadeout=\"\" data-fadeout-percentage=\"30\" data-parallax-content=\"\" data-parallax-content-sense=\"30\" data-row-effect-mobile-disable=\"true\" data-img-parallax-mobile-disable=\"true\" data-rtl=\"false\"  data-custom-vc-row=\"\"  data-vc=\"6.1\"  data-is_old_vc=\"\"  data-theme-support=\"\"   data-overlay=\"false\" data-overlay-color=\"\" data-overlay-pattern=\"\" data-overlay-pattern-opacity=\"\" data-overlay-pattern-size=\"\"    ><\/div><div class=\"vc_row wpb_row vc_row-fluid vc_custom_1529516549373 vc_row-o-equal-height vc_row-o-content-middle vc_row-flex\"><div class=\"wpb_column vc_column_container vc_col-sm-12 vc_col-lg-offset-2 vc_col-lg-8 vc_col-md-offset-1 vc_col-md-10\"><div class=\"vc_column-inner\"><div class=\"wpb_wrapper\"><div id=\"ultimate-heading-480569dad723d9a16\" class=\"uvc-heading ult-adjust-bottom-margin ultimate-heading-480569dad723d9a16 uvc-1324 accent-border-color\" data-hspacer=\"line_only\"  data-halign=\"left\" style=\"text-align:left\"><div class=\"uvc-main-heading ult-responsive\"  data-ultimate-target='.uvc-heading.ultimate-heading-480569dad723d9a16 h2'  data-responsive-json-new='{\"font-size\":\"desktop:30px;tablet_portrait:30px;\",\"line-height\":\"tablet_portrait:40px;\"}' ><h2 style=\"font-weight:bold;margin-bottom:10px;\">Casa de parts<\/h2><\/div><div class=\"uvc-heading-spacer line_only\" style=\"margin-bottom:40px;height:5px;\"><span class=\"uvc-headings-line\" style=\"border-style:solid;border-bottom-width:5px;border-color:;width:120px;\"><\/span><\/div><div class=\"uvc-sub-heading ult-responsive\"  data-ultimate-target='.uvc-heading.ultimate-heading-480569dad723d9a16 .uvc-sub-heading '  data-responsive-json-new='{\"font-size\":\"mobile_landscape:16px;\",\"line-height\":\"desktop:32px;mobile_landscape:26px;\"}'  style=\"font-weight:normal;color:#333333;margin-bottom:70px;\"><\/p>\n<p style=\"text-align: center;\"><strong>Mamare protesta per la paralitzaci\u00f3 de la casa de parts de l\u2019hospital<\/strong><br \/>\n<strong>de la Plana amb carta al conseller de Sanitat<\/strong><\/p>\n<ul>\n<li>El centre de naixements estava aprovat i la seua construcci\u00f3, prevista per a 2024, per\u00f2 el nou govern l'ha deixat sense dotaci\u00f3 pressupost\u00e0ria.<\/li>\n<li>L'evid\u00e8ncia cient\u00edfica mostra que aquest tipus d'instal\u00b7lacions milloren l'atenci\u00f3 a les dones.<\/li>\n<li>Mamare tamb\u00e9 s'ha dirigit a la gerent de l'hospital, Ana Gimeno. Altres associacions de lact\u00e0ncia i crian\u00e7a tamb\u00e9 exigeixen la recuperaci\u00f3 del projecte. <a href=\"https:\/\/www.elpartoesnuestro.es\/blog\/2024\/01\/13\/la-casa-de-nacimientos-del-hospital-de-la-plana-sin-presupuesto\">https:\/\/www.elpartoesnuestro.es\/blog\/2024\/01\/13\/la-casa-de-nacimientos-del-hospital-de-la-plana-sin-presupuesto<\/a>, <a href=\"https:\/\/www.mametesimes.org\/es\/sanidad-paraliza-el-proyecto-del-centro-de-nacimientos-del-hospital-universitario-de-la-plana\/\">https:\/\/www.mametesimes.org\/es\/sanidad-paraliza-el-proyecto-del-centro-de-nacimientos-del-hospital-universitario-de-la-plana\/<\/a><\/li>\n<\/ul>\n<p><strong>Castell\u00f3, 20 de gener de 2024<\/strong>Mamare, associaci\u00f3 per al suport a la lact\u00e0ncia a Castell\u00f3, exigeix al govern de la Generalitat Valenciana la recuperaci\u00f3 del projecte de la casa de parts prevista en Vila-real. La instal\u00b7laci\u00f3 es construiria annexa a l'Hospital Universitari de la Plana. Aquest centre de naixements tenia una dotaci\u00f3 el pressupost de 2023 i la seua construcci\u00f3 estava prevista per a enguany.<br \/>\nMamare ha escrit una carta al conseller de Sanitat, Marciano G\u00f3mez, i a la gerent de l'hospital, Ana Gimeno. En el document, els demanem que recuperen el projecte i expliquem l'evid\u00e8ncia cient\u00edfica sobre aquest tipus d'atenci\u00f3 al part. Es tracta de considerar el part com un proc\u00e9s normal i fisiol\u00f2gic de la dona, i atendre'l en un ambient no hospitalari, amb matrones que tractaran tot el proc\u00e9s des de l'embar\u00e0s fins al puerperi.<br \/>\nAltres associacions de lact\u00e0ncia i crian\u00e7a, com ara Mametes i M\u00e9s (col\u00b7lectiu de suport a la lact\u00e0ncia de La Vall d\u2019Uix\u00f3) i El Parto es Nuestro, han expressat tamb\u00e9 el seu malestar i protesta per la desaparici\u00f3 del projecte en el pressupost de la Generalitat. Des de Mamare, oferim al govern la nostra col\u00b7laboraci\u00f3, a partir de la nostra experi\u00e8ncia de vint anys acompanyant dones en la fase immediatament posterior al part, que \u00e9s el puerperi i la lact\u00e0ncia.<br \/>\nEls documents s\u00f3n els seg\u00fcents:<\/p>\n<p><strong>A la atenci\u00f3 del conseller de Sanitat, Marciano G\u00f3mez.<\/strong><br \/>\nEstimat conseller:<br \/>\nDes de Mamare escrivim aquesta carta per fer-li arribar la nostra preocupaci\u00f3 en relaci\u00f3 amb el projecte de la Casa de Parts prevista en l'Hospital Universitari de la Plana, en Vila-real. Aquesta instal\u00b7laci\u00f3 estava prevista en els pressupostos de 2023, per\u00f2 observem que no apareix cap assignaci\u00f3 de diners per aquest projecte en els plans del nou govern de la Generalitat.<br \/>\nMamare \u00e9s una associaci\u00f3 de suport a la lact\u00e0ncia de la ciutat de Castell\u00f3 de la Plana. El nostre col\u00b7lectiu lluita per millorar la salut i el benestar de la dona en tot el seu proc\u00e9s reproductiu, des del part fins a l'alletament. Per aix\u00f2, considerem molt important que el projecte de la casa de parts siga una realitat en la localitat de Vila-real.<br \/>\nLes cases de part o centres de naixement s\u00f3n unes instal\u00b7lacions amb un aspecte m\u00e9s paregut a un domicili que a un hospital. S\u00f3n centres independents manejats per matrones, per\u00f2 que treballen en col\u00b7laboraci\u00f3 amb els centres hospitalaris, on transfereixen a la dona en el cas que existisca algun criteri que el justifique. El model d\u2019atenci\u00f3 es basa en un enfocament m\u00e9s personalitzat i continuat a m\u00e9s de considerar el part com un proc\u00e9s fisiol\u00f2gic, que no s\u2019ha de medicalitzar si no sorgeix cap complicaci\u00f3. Aix\u00ed mateix, s\u2019ent\u00e9n el part com una experi\u00e8ncia de vida, emocional, social, cultural i espiritualment significativa en la vida de la dona.<br \/>\nL'evid\u00e8ncia actual sost\u00e9 que les dones de baix risc que s\u00f3n assistides en unitats obst\u00e8triques no hospital\u00e0ries finalitzen la seua gestaci\u00f3 amb major taxa de parts normals, menys parts instrumentats, menys ces\u00e0ries i major satisfacci\u00f3. El que s'aconsegueix \u00e9s una assist\u00e8ncia de qualitat, personalitzada i humana, sense menysprear el suport tecnol\u00f2gic adequat a cada proc\u00e9s per a sostindre o fins i tot disminuir la taxa de morbi-mortalitat aconseguida<\/p>\n<p>Per tot aix\u00f2, li demanem que mantinga la inversi\u00f3 compromesa en aquesta casa de parts. Aix\u00ed mateix, li oferim la nostra col\u00b7laboraci\u00f3 com a col\u00b7lectiu amb vint anys d'experi\u00e8ncia en el suport a mares lactants en Castell\u00f3.<\/p>\n<p><strong>A la atenci\u00f3 de la gerent de l\u2019Hospital Universitari de La Plana, Ana Gimeno.<\/strong><br \/>\nEstimada gerent:<br \/>\nDes de Mamare escrivim aquesta carta per fer-li arribar la nostra preocupaci\u00f3 en relaci\u00f3 amb el projecte de la Casa de Parts prevista en l'Hospital Universitari de la Plana, en Vila-real. Aquesta instal\u00b7laci\u00f3 estava prevista en els pressupostos de 2023, per\u00f2 observem que no apareix cap assignaci\u00f3 de diners per aquest projecte en els plans del nou govern de la Generalitat.<br \/>\nMamare \u00e9s una associaci\u00f3 de suport a la lact\u00e0ncia de la ciutat de Castell\u00f3 de la Plana. El nostre col\u00b7lectiu lluita per millorar la salut i el benestar de la dona en tot el seu proc\u00e9s reproductiu, des del part fins a l'alletament. Per aix\u00f2, considerem molt important que el projecte de la casa de parts siga una realitat en la localitat de Vila-real.<br \/>\nLes cases de part o centres de naixement s\u00f3n unes instal\u00b7lacions amb un aspecte m\u00e9s paregut a un domicili que a un hospital. S\u00f3n centres independents manejats per matrones, per\u00f2 que treballen en col\u00b7laboraci\u00f3 amb els centres hospitalaris, on transfereixen a la dona en el cas que existisca algun criteri que el justifique. El model d\u2019atenci\u00f3 es basa en un enfocament m\u00e9s personalitzat i continuat a m\u00e9s de considerar el part com un proc\u00e9s fisiol\u00f2gic, que no s\u2019ha de medicalitzar si no sorgeix cap complicaci\u00f3. Aix\u00ed mateix, s\u2019ent\u00e9n el part com una experi\u00e8ncia de vida, emocional, social, cultural i espiritualment significativa en la vida de la dona.<br \/>\nL'evid\u00e8ncia actual sost\u00e9 que les dones de baix risc que s\u00f3n assistides en unitats obst\u00e8triques no hospital\u00e0ries finalitzen la seua gestaci\u00f3 amb major taxa de parts normals, menys parts instrumentats, menys ces\u00e0ries i major satisfacci\u00f3. El que s'aconsegueix \u00e9s una assist\u00e8ncia de qualitat, personalitzada i humana, sense menysprear el suport tecnol\u00f2gic adequat a cada proc\u00e9s per a sostindre o fins i tot disminuir la taxa de morbi-mortalitat aconseguida<\/p>\n<p>Per tot aix\u00f2, li demanem la seua implicaci\u00f3 com a gestora d\u2019aquest hospital perqu\u00e9 es mantinga la inversi\u00f3 compromesa en aquesta casa de parts. Aix\u00ed mateix, li oferim la nostra col\u00b7laboraci\u00f3 com a col\u00b7lectiu amb vint anys d'experi\u00e8ncia en el suport a mares lactants en Castell\u00f3.<\/p>\n<p><strong>Refer\u00e8ncia:<\/strong><\/p>\n<p><span style=\"font-size: small;\">Carregu\u00ed, Soledad (2017). \u201cCasa de partos y partos en casa\u201d. <\/span><a href=\"https:\/\/www.huvn.es\/archivos\/cms\/ginecologia-y-obstetricia\/archivos\/publico\/actividad_docente_e_investigadora\/curso_de_actualizacion_en_obstetricia_y_ginecologia\/curso_2017\/obstetricia\/12_casas_de_partos_y_partos_en_casa.pdf\"><span style=\"color: #1155cc;\"><span style=\"font-size: small;\"><u>https:\/\/www.huvn.es\/archivos\/cms\/ginecologia-y-obstetricia\/archivos\/publico\/actividad_docente_e_investigadora\/curso_de_actualizacion_en_obstetricia_y_ginecologia\/curso_2017\/obstetricia\/12_casas_de_partos_y_partos_en_casa.pdf<\/u><\/span><\/span><\/a><\/div><\/div>\n\t<div  class=\"wpb_single_image wpb_content_element vc_align_right\">\n\t\t\n\t\t<figure class=\"wpb_wrapper vc_figure\">\n\t\t\t<a href=\"https:\/\/mamare.es\/wp-content\/uploads\/2024\/01\/plana_hospital-1080x675-1-1024x640.png\" target=\"_blank\"  class=\"vc_single_image-wrapper   vc_box_border_grey rollover\" data-large_image_width=\"1080\" data-large_image_height = \"675\"     ><img class=\"vc_single_image-img\" src=\"https:\/\/mamare.es\/wp-content\/uploads\/2024\/01\/plana_hospital-1080x675-1-100x100.png\" width=\"100\" height=\"100\" alt=\"plana_hospital-1080x675\" title=\"plana_hospital-1080x675\"  data-dt-location=\"https:\/\/mamare.es\/ca\/home-2\/plana_hospital-1080x675\/\" \/><\/a>\n\t\t<\/figure>\n\t<\/div>\n<\/div><\/div><\/div><\/div><div class=\"vc_row wpb_row vc_row-fluid vc_custom_1706007305029 vc_row-o-equal-height vc_row-o-content-middle vc_row-flex\"><div class=\"wpb_column vc_column_container vc_col-sm-12 vc_col-lg-offset-2 vc_col-lg-8 vc_col-md-offset-1 vc_col-md-10\"><div class=\"vc_column-inner\"><div class=\"wpb_wrapper\"><div id=\"ultimate-heading-164469dad723da69b\" class=\"uvc-heading ult-adjust-bottom-margin ultimate-heading-164469dad723da69b uvc-1419 accent-border-color\" data-hspacer=\"line_only\"  data-halign=\"left\" style=\"text-align:left\"><div class=\"uvc-heading-spacer line_only\" style=\"margin-bottom:40px;height:5px;\"><span class=\"uvc-headings-line\" style=\"border-style:solid;border-bottom-width:5px;border-color:;width:120px;\"><\/span><\/div><\/div><\/div><\/div><\/div><\/div><!-- Row Backgrounds --><div class=\"upb_color\" data-bg-override=\"0\" data-bg-color=\"#f83862\" data-fadeout=\"\" data-fadeout-percentage=\"30\" data-parallax-content=\"\" data-parallax-content-sense=\"30\" data-row-effect-mobile-disable=\"true\" data-img-parallax-mobile-disable=\"true\" data-rtl=\"false\"  data-custom-vc-row=\"\"  data-vc=\"6.1\"  data-is_old_vc=\"\"  data-theme-support=\"\"   data-overlay=\"false\" data-overlay-color=\"\" data-overlay-pattern=\"\" data-overlay-pattern-opacity=\"\" data-overlay-pattern-size=\"\"    ><\/div><!-- Row Backgrounds --><div class=\"upb_grad\" data-grad=\"background: url(data:image\/svg+xml;base64,PHN2ZyB4bWxucz0iaHR0cDovL3d3dy53My5vcmcvMjAwMC9zdmciPjxkZWZzPjxsaW5lYXJHcmFkaWVudCBpZD0iZ3JhZGllbnQiIHgxPSIwJSIgeTE9IjAlIiB4Mj0iMCUiIHkyPSIxMDAlIj48c3RvcCBvZmZzZXQ9IjAlIiBzdHlsZT0ic3RvcC1jb2xvcjojQUQyRDcxOyIgLz48c3RvcCBvZmZzZXQ9IjEwMCUiIHN0eWxlPSJzdG9wLWNvbG9yOiMzOTJCN0U7IiAvPjwvbGluZWFyR3JhZGllbnQ+PC9kZWZzPjxyZWN0IGZpbGw9InVybCgjZ3JhZGllbnQpIiBoZWlnaHQ9IjEwMCUiIHdpZHRoPSIxMDAlIiAvPjwvc3ZnPg==);background: -webkit-gradient(linear, left top, left bottom, color-stop(0%, #AD2D71), color-stop(100%, #392B7E));background: -moz-linear-gradient(left,#AD2D71 0%,#392B7E 100%);background: -webkit-linear-gradient(left,#AD2D71 0%,#392B7E 100%);background: -o-linear-gradient(left,#AD2D71 0%,#392B7E 100%);background: -ms-linear-gradient(left,#AD2D71 0%,#392B7E 100%);background: linear-gradient(left,#AD2D71 0%,#392B7E 100%);\" data-bg-override=\"0\" data-upb-overlay-color=\"\" data-upb-bg-animation=\"\" data-fadeout=\"\" data-fadeout-percentage=\"30\" data-parallax-content=\"\" data-parallax-content-sense=\"30\" data-row-effect-mobile-disable=\"true\" data-img-parallax-mobile-disable=\"true\" data-rtl=\"false\"  data-custom-vc-row=\"\"  data-vc=\"6.1\"  data-is_old_vc=\"\"  data-theme-support=\"\"   data-overlay=\"false\" data-overlay-color=\"\" data-overlay-pattern=\"\" data-overlay-pattern-opacity=\"\" data-overlay-pattern-size=\"\"    ><\/div>","protected":false},"excerpt":{"rendered":"<p>ENERO 2024Casa de partos Mamare protesta por la paralizaci\u00f3n de la casa de partos del hospital de la Plana con carta al consejero de Sanidad El centro de nacimientos estaba aprobado y su construcci\u00f3n, prevista para 2024, pero el nuevo gobierno lo ha dejado sin dotaci\u00f3n presupuestaria. La evidencia cient\u00edfica muestra que este tipo de&hellip;<\/p>","protected":false},"author":3,"featured_media":0,"parent":0,"menu_order":5,"comment_status":"closed","ping_status":"closed","template":"","meta":{"footnotes":""},"yoast_head":"<!-- This site is optimized with the Yoast SEO plugin v20.1 - https:\/\/yoast.com\/wordpress\/plugins\/seo\/ -->\n<title>Notas de prensa - Mamare<\/title>\n<meta name=\"robots\" content=\"index, follow, max-snippet:-1, max-image-preview:large, max-video-preview:-1\" \/>\n<link rel=\"canonical\" href=\"https:\/\/mamare.es\/ca\/notas_prensa\/\" \/>\n<meta property=\"og:locale\" content=\"ca_ES\" \/>\n<meta property=\"og:type\" content=\"article\" \/>\n<meta property=\"og:title\" content=\"Notas de prensa - Mamare\" \/>\n<meta property=\"og:url\" content=\"https:\/\/mamare.es\/ca\/notas_prensa\/\" \/>\n<meta property=\"og:site_name\" content=\"Mamare\" \/>\n<meta property=\"article:modified_time\" content=\"2024-01-23T16:40:03+00:00\" \/>\n<meta name=\"twitter:card\" content=\"summary_large_image\" \/>\n<meta name=\"twitter:label1\" content=\"Temps estimat de lectura\" \/>\n\t<meta name=\"twitter:data1\" content=\"6 minuts\" \/>\n<script type=\"application\/ld+json\" class=\"yoast-schema-graph\">{\"@context\":\"https:\/\/schema.org\",\"@graph\":[{\"@type\":\"WebPage\",\"@id\":\"https:\/\/mamare.es\/notas_prensa\/\",\"url\":\"https:\/\/mamare.es\/notas_prensa\/\",\"name\":\"Notas de prensa - Mamare\",\"isPartOf\":{\"@id\":\"https:\/\/mamare.es\/#website\"},\"datePublished\":\"2024-01-23T11:00:07+00:00\",\"dateModified\":\"2024-01-23T16:40:03+00:00\",\"breadcrumb\":{\"@id\":\"https:\/\/mamare.es\/notas_prensa\/#breadcrumb\"},\"inLanguage\":\"ca\",\"potentialAction\":[{\"@type\":\"ReadAction\",\"target\":[\"https:\/\/mamare.es\/notas_prensa\/\"]}]},{\"@type\":\"BreadcrumbList\",\"@id\":\"https:\/\/mamare.es\/notas_prensa\/#breadcrumb\",\"itemListElement\":[{\"@type\":\"ListItem\",\"position\":1,\"name\":\"Portada\",\"item\":\"https:\/\/mamare.es\/\"},{\"@type\":\"ListItem\",\"position\":2,\"name\":\"Notas de prensa\"}]},{\"@type\":\"WebSite\",\"@id\":\"https:\/\/mamare.es\/#website\",\"url\":\"https:\/\/mamare.es\/\",\"name\":\"Mamare\",\"description\":\"Apoyo Madre a Madre\",\"potentialAction\":[{\"@type\":\"SearchAction\",\"target\":{\"@type\":\"EntryPoint\",\"urlTemplate\":\"https:\/\/mamare.es\/?s={search_term_string}\"},\"query-input\":\"required name=search_term_string\"}],\"inLanguage\":\"ca\"}]}<\/script>\n<!-- \/ Yoast SEO plugin. -->","yoast_head_json":{"title":"Notas de prensa - Mamare","robots":{"index":"index","follow":"follow","max-snippet":"max-snippet:-1","max-image-preview":"max-image-preview:large","max-video-preview":"max-video-preview:-1"},"canonical":"https:\/\/mamare.es\/ca\/notas_prensa\/","og_locale":"ca_ES","og_type":"article","og_title":"Notas de prensa - Mamare","og_url":"https:\/\/mamare.es\/ca\/notas_prensa\/","og_site_name":"Mamare","article_modified_time":"2024-01-23T16:40:03+00:00","twitter_card":"summary_large_image","twitter_misc":{"Temps estimat de lectura":"6 minuts"},"schema":{"@context":"https:\/\/schema.org","@graph":[{"@type":"WebPage","@id":"https:\/\/mamare.es\/notas_prensa\/","url":"https:\/\/mamare.es\/notas_prensa\/","name":"Notas de prensa - Mamare","isPartOf":{"@id":"https:\/\/mamare.es\/#website"},"datePublished":"2024-01-23T11:00:07+00:00","dateModified":"2024-01-23T16:40:03+00:00","breadcrumb":{"@id":"https:\/\/mamare.es\/notas_prensa\/#breadcrumb"},"inLanguage":"ca","potentialAction":[{"@type":"ReadAction","target":["https:\/\/mamare.es\/notas_prensa\/"]}]},{"@type":"BreadcrumbList","@id":"https:\/\/mamare.es\/notas_prensa\/#breadcrumb","itemListElement":[{"@type":"ListItem","position":1,"name":"Portada","item":"https:\/\/mamare.es\/"},{"@type":"ListItem","position":2,"name":"Notas de prensa"}]},{"@type":"WebSite","@id":"https:\/\/mamare.es\/#website","url":"https:\/\/mamare.es\/","name":"Mamare","description":"Apoyo Madre a Madre","potentialAction":[{"@type":"SearchAction","target":{"@type":"EntryPoint","urlTemplate":"https:\/\/mamare.es\/?s={search_term_string}"},"query-input":"required name=search_term_string"}],"inLanguage":"ca"}]}},"_links":{"self":[{"href":"https:\/\/mamare.es\/ca\/wp-json\/wp\/v2\/pages\/3622"}],"collection":[{"href":"https:\/\/mamare.es\/ca\/wp-json\/wp\/v2\/pages"}],"about":[{"href":"https:\/\/mamare.es\/ca\/wp-json\/wp\/v2\/types\/page"}],"author":[{"embeddable":true,"href":"https:\/\/mamare.es\/ca\/wp-json\/wp\/v2\/users\/3"}],"replies":[{"embeddable":true,"href":"https:\/\/mamare.es\/ca\/wp-json\/wp\/v2\/comments?post=3622"}],"version-history":[{"count":9,"href":"https:\/\/mamare.es\/ca\/wp-json\/wp\/v2\/pages\/3622\/revisions"}],"predecessor-version":[{"id":3640,"href":"https:\/\/mamare.es\/ca\/wp-json\/wp\/v2\/pages\/3622\/revisions\/3640"}],"wp:attachment":[{"href":"https:\/\/mamare.es\/ca\/wp-json\/wp\/v2\/media?parent=3622"}],"curies":[{"name":"wp","href":"https:\/\/api.w.org\/{rel}","templated":true}]}}