{"id":2153,"date":"2018-06-20T21:54:50","date_gmt":"2018-06-20T20:54:50","guid":{"rendered":"https:\/\/the7.io\/software-company\/?page_id=2153"},"modified":"2020-05-01T13:09:00","modified_gmt":"2020-05-01T11:09:00","slug":"guia","status":"publish","type":"page","link":"https:\/\/mamare.es\/es_es\/guia\/","title":{"rendered":"Gu\u00eda Lactancia"},"content":{"rendered":"<div class=\"vc_row wpb_row vc_row-fluid vc_row-o-equal-height vc_row-o-content-middle vc_row-flex\"><div class=\"wpb_column vc_column_container vc_col-sm-12\"><div class=\"vc_column-inner\"><div class=\"wpb_wrapper\"><div class=\"vc_row wpb_row vc_inner vc_row-fluid\"><div class=\"wpb_column vc_column_container vc_col-sm-3\"><div class=\"vc_column-inner\"><div class=\"wpb_wrapper\">\n\t<div  class=\"wpb_single_image wpb_content_element vc_align_center\">\n\t\t\n\t\t<figure class=\"wpb_wrapper vc_figure\">\n\t\t\t<div class=\"vc_single_image-wrapper vc_box_circle  vc_box_border_grey\"><img width=\"400\" height=\"400\" src=\"https:\/\/mamare.es\/wp-content\/uploads\/2020\/03\/Mock-Up-Guia-2.jpg\" class=\"vc_single_image-img attachment-full\" alt=\"Guia mamare 2018\" decoding=\"async\" loading=\"lazy\" srcset=\"https:\/\/mamare.es\/wp-content\/uploads\/2020\/03\/Mock-Up-Guia-2.jpg 400w, https:\/\/mamare.es\/wp-content\/uploads\/2020\/03\/Mock-Up-Guia-2-300x300.jpg 300w, https:\/\/mamare.es\/wp-content\/uploads\/2020\/03\/Mock-Up-Guia-2-150x150.jpg 150w\" sizes=\"(max-width: 400px) 100vw, 400px\"  data-dt-location=\"https:\/\/mamare.es\/es_es\/mock-up-guia-2\/\" \/><\/div>\n\t\t<\/figure>\n\t<\/div>\n<\/div><\/div><\/div><div class=\"wpb_column vc_column_container vc_col-sm-9\"><div class=\"vc_column-inner\"><div class=\"wpb_wrapper\">\n\t<div class=\"wpb_text_column wpb_content_element  vc_custom_1588330898416\" >\n\t\t<div class=\"wpb_wrapper\">\n\t\t\t<p style=\"text-align: justify;\">En Mamare hemos elaborado y actualizado una gu\u00eda de lactancia materna mediante la cual pretendemos informar, promocionar y normalizar la lactancia materna. Adem\u00e1s, hemos a\u00f1adido una serie de v\u00eddeos de utilidad sobre agarres correctos, como realizar la extracci\u00f3n manual de leche materna o diferentes posiciones para amamantar, entre otros. Todos estos videos est\u00e1n anexados a los apartados correspondientes mediante un c\u00f3digo QR<\/p>\n\n\t\t<\/div>\n\t<\/div>\n<\/div><\/div><\/div><\/div><\/div><\/div><\/div><\/div><div class=\"vc_row wpb_row vc_row-fluid vc_custom_1588330766638\"><div class=\"wpb_column vc_column_container vc_col-sm-12\"><div class=\"vc_column-inner\"><div class=\"wpb_wrapper\"><div class=\"vc_row wpb_row vc_inner vc_row-fluid\"><div class=\"wpb_column vc_column_container vc_col-sm-12\"><div class=\"vc_column-inner\"><div class=\"wpb_wrapper\"><section class=\"vc_cta3-container\"><div class=\"vc_general vc_cta3 vc_cta3-style-classic vc_cta3-shape-rounded vc_cta3-align-left vc_cta3-color-classic vc_cta3-icon-size-md vc_cta3-actions-right\"><div class=\"vc_cta3_content-container\"><div class=\"vc_cta3-content\"><header class=\"vc_cta3-content-header\"><h2>Gu\u00eda de lactancia Mamare<\/h2><\/header><p>Haciendo click en el siguiente enlace podr\u00e9is descargar al gu\u00eda completa y si continu\u00e1is leyendo podr\u00e9is descargar la gu\u00eda por puntos para que os sea m\u00e1s f\u00e1cil acceder a la informaci\u00f3n concreta que est\u00e1s buscando<\/p>\n<\/div><div class=\"vc_cta3-actions\"><div class=\"vc_btn3-container vc_btn3-center\" ><a class=\"vc_general vc_btn3 vc_btn3-size-md vc_btn3-shape-rounded vc_btn3-style-modern vc_btn3-icon-left vc_btn3-color-info\" href=\"\/wp-content\/uploads\/2020\/03\/GuiaMAMARE2018digital-1.pdf\" title=\"Guia Lactancia Mamare 2018\" target=\"_blank\"><i class=\"vc_btn3-icon fas fa-file-pdf\"><\/i> Descargar gu\u00eda completa<\/a><\/div><\/div><\/div><\/div><\/section><\/div><\/div><\/div><\/div><\/div><\/div><\/div><\/div><div class=\"vc_row wpb_row vc_row-fluid vc_custom_1583098360890 vc_column-gap-10\"><div class=\"wpb_column vc_column_container vc_col-sm-12\"><div class=\"vc_column-inner\"><div class=\"wpb_wrapper\"><div class=\"vc_row wpb_row vc_inner vc_row-fluid\"><div class=\"wpb_column vc_column_container vc_col-sm-6\"><div class=\"vc_column-inner\"><div class=\"wpb_wrapper\"><section class=\"vc_cta3-container\"><div class=\"vc_general vc_cta3 vc_cta3-style-classic vc_cta3-shape-rounded vc_cta3-align-left vc_cta3-color-classic vc_cta3-icon-size-md vc_cta3-actions-bottom\"><div class=\"vc_cta3_content-container\"><div class=\"vc_cta3-content\"><header class=\"vc_cta3-content-header\"><h2>Puntos 1 y 2<\/h2><h4>Punto 1 y 2. Reflexiones e Importancia de la Lactancia Materna<\/h4><\/header><p>Encontrar\u00e1s algunas reflexiones y la importancia de la lactancia materna<\/p>\n<\/div><div class=\"vc_cta3-actions\"><div class=\"vc_btn3-container vc_btn3-right\" ><a class=\"vc_general vc_btn3 vc_btn3-size-md vc_btn3-shape-rounded vc_btn3-style-modern vc_btn3-icon-left vc_btn3-color-info\" href=\"\/wp-content\/uploads\/2020\/03\/Guia-Mamare-punto-1-y-2.pdf\" title=\"Puntos 1 y 2 Gu\u00eda Lactancia\"><i class=\"vc_btn3-icon fas fa-file-pdf\"><\/i> Punto 1 - 2<\/a><\/div><\/div><\/div><\/div><\/section><\/div><\/div><\/div><div class=\"wpb_column vc_column_container vc_col-sm-6\"><div class=\"vc_column-inner\"><div class=\"wpb_wrapper\"><section class=\"vc_cta3-container\"><div class=\"vc_general vc_cta3 vc_cta3-style-classic vc_cta3-shape-rounded vc_cta3-align-left vc_cta3-color-classic vc_cta3-icon-size-md vc_cta3-actions-bottom\"><div class=\"vc_cta3_content-container\"><div class=\"vc_cta3-content\"><header class=\"vc_cta3-content-header\"><h2>Punto 3<\/h2><h4>Claves para una lactancia con \u00e9xito<\/h4><\/header><p>Aqu\u00ed podr\u00e1s encontrar algunas claves y consejos para llevar a cabo una lactancia exitosa, como disponer de informaci\u00f3n actualizada y el apoyo del entorno<\/p>\n<\/div><div class=\"vc_cta3-actions\"><div class=\"vc_btn3-container vc_btn3-right\" ><a class=\"vc_general vc_btn3 vc_btn3-size-md vc_btn3-shape-rounded vc_btn3-style-modern vc_btn3-icon-left vc_btn3-color-info\" href=\"\/wp-content\/uploads\/2020\/03\/Guia-Mamare-punto-3.pdf\" title=\"Punto 3 guia Lactancia\"><i class=\"vc_btn3-icon fas fa-file-pdf\"><\/i> Punto 3<\/a><\/div><\/div><\/div><\/div><\/section><\/div><\/div><\/div><\/div><\/div><\/div><\/div><\/div><div class=\"vc_row wpb_row vc_row-fluid vc_custom_1583090574439\"><div class=\"wpb_column vc_column_container vc_col-sm-12\"><div class=\"vc_column-inner\"><div class=\"wpb_wrapper\"><div class=\"vc_row wpb_row vc_inner vc_row-fluid\"><div class=\"wpb_column vc_column_container vc_col-sm-6\"><div class=\"vc_column-inner\"><div class=\"wpb_wrapper\"><section class=\"vc_cta3-container\"><div class=\"vc_general vc_cta3 vc_cta3-style-classic vc_cta3-shape-rounded vc_cta3-align-left vc_cta3-color-classic vc_cta3-icon-size-md vc_cta3-actions-bottom\"><div class=\"vc_cta3_content-container\"><div class=\"vc_cta3-content\"><header class=\"vc_cta3-content-header\"><h2>Punto 4<\/h2><h4>Preparaci\u00f3n durante el embarazo<\/h4><\/header><p>\u00bfQu\u00e9 podemos hacer durante el embarazo? os daremos algunas ideas sobre que hacer y como informarse durante el embarazo, as\u00ed como desterraremos algunos mitos sobre si debemos o no preparar los pezones durante el embarazo<\/p>\n<\/div><div class=\"vc_cta3-actions\"><div class=\"vc_btn3-container vc_btn3-right\" ><a class=\"vc_general vc_btn3 vc_btn3-size-md vc_btn3-shape-rounded vc_btn3-style-modern vc_btn3-icon-left vc_btn3-color-info\" href=\"\/wp-content\/uploads\/2020\/03\/Guia-Mamare-punto-4.pdf\" title=\"Punto 4 Guia lactancia mamare\"><i class=\"vc_btn3-icon fas fa-file-pdf\"><\/i> Punto 4<\/a><\/div><\/div><\/div><\/div><\/section><\/div><\/div><\/div><div class=\"wpb_column vc_column_container vc_col-sm-6\"><div class=\"vc_column-inner\"><div class=\"wpb_wrapper\"><section class=\"vc_cta3-container\"><div class=\"vc_general vc_cta3 vc_cta3-style-classic vc_cta3-shape-rounded vc_cta3-align-left vc_cta3-color-classic vc_cta3-icon-size-md vc_cta3-actions-bottom\"><div class=\"vc_cta3_content-container\"><div class=\"vc_cta3-content\"><header class=\"vc_cta3-content-header\"><h2>Punto 5<\/h2><h4>\u00bfC\u00f3mo funciona la lactancia los primeros d\u00edas?<\/h4><\/header><p>En este apartado encontrar\u00e1s informaci\u00f3n b\u00e1sica sobre la lactancia durante los primeros d\u00edas, como lidiar con la subida de la leche, as\u00ed como algunos consejos sobre como suplementar en el caso de que sea necesario<\/p>\n<\/div><div class=\"vc_cta3-actions\"><div class=\"vc_btn3-container vc_btn3-right\" ><a class=\"vc_general vc_btn3 vc_btn3-size-md vc_btn3-shape-rounded vc_btn3-style-modern vc_btn3-icon-left vc_btn3-color-info\" href=\"\/wp-content\/uploads\/2020\/03\/Guia-Mamare-punto-5.pdf\" title=\"Punto 5 guia lactancia mamare\"><i class=\"vc_btn3-icon fas fa-file-pdf\"><\/i> Punto 5<\/a><\/div><\/div><\/div><\/div><\/section><\/div><\/div><\/div><\/div><\/div><\/div><\/div><\/div><div class=\"vc_row wpb_row vc_row-fluid vc_custom_1583090574439\"><div class=\"wpb_column vc_column_container vc_col-sm-12\"><div class=\"vc_column-inner\"><div class=\"wpb_wrapper\"><div class=\"vc_row wpb_row vc_inner vc_row-fluid\"><div class=\"wpb_column vc_column_container vc_col-sm-6\"><div class=\"vc_column-inner\"><div class=\"wpb_wrapper\"><section class=\"vc_cta3-container\"><div class=\"vc_general vc_cta3 vc_cta3-style-classic vc_cta3-shape-rounded vc_cta3-align-left vc_cta3-color-classic vc_cta3-icon-size-md vc_cta3-actions-bottom\"><div class=\"vc_cta3_content-container\"><div class=\"vc_cta3-content\"><header class=\"vc_cta3-content-header\"><h2>Punto 6<\/h2><h4>\u00bfC\u00f3mo doy de mamar?<\/h4><\/header><p>Aqu\u00ed encontrar\u00e1s algunas de las posiciones m\u00e1s habituales para dar de mamar, adem\u00e1s de algunos consejos sobre la lactancia a demanda y el uso de pezoneras<\/p>\n<\/div><div class=\"vc_cta3-actions\"><div class=\"vc_btn3-container vc_btn3-right\" ><a class=\"vc_general vc_btn3 vc_btn3-size-md vc_btn3-shape-rounded vc_btn3-style-modern vc_btn3-icon-left vc_btn3-color-info\" href=\"\/wp-content\/uploads\/2020\/03\/Guia-Mamare-punto-6.pdf\" title=\"Punto 6 guia lactancia mamare\" target=\"_blank\"><i class=\"vc_btn3-icon fas fa-file-pdf\"><\/i> Punto 6<\/a><\/div><\/div><\/div><\/div><\/section><\/div><\/div><\/div><div class=\"wpb_column vc_column_container vc_col-sm-6\"><div class=\"vc_column-inner\"><div class=\"wpb_wrapper\"><section class=\"vc_cta3-container\"><div class=\"vc_general vc_cta3 vc_cta3-style-classic vc_cta3-shape-rounded vc_cta3-align-left vc_cta3-color-classic vc_cta3-icon-size-md vc_cta3-actions-bottom\"><div class=\"vc_cta3_content-container\"><div class=\"vc_cta3-content\"><header class=\"vc_cta3-content-header\"><h2>Punto 7<\/h2><h4>Dudas Frecuentes<\/h4><\/header><p style=\"text-align: justify;\">Resolveremos algunas de las dudas m\u00e1s frecuentes, c\u00f3mo: si sentir dolor es normal, como saber si mi beb\u00e9 toma suficiente leche, las diferentes crisis por las que atraviesa un reci\u00e9n nacido, como gestionar la vuelta al trabajo, los cuidados de la madre lactante o qu\u00e9 medicamentos son compatibles con la lactancia materna<\/p>\n<\/div><div class=\"vc_cta3-actions\"><div class=\"vc_btn3-container vc_btn3-right\" ><a class=\"vc_general vc_btn3 vc_btn3-size-md vc_btn3-shape-rounded vc_btn3-style-modern vc_btn3-icon-left vc_btn3-color-info\" href=\"\/wp-content\/uploads\/2020\/03\/Guia-Mamare-punto-7.pdf\" title=\"Punto 7 guia lactancia mamare\" target=\"_blank\"><i class=\"vc_btn3-icon fas fa-file-pdf\"><\/i> Punto 7<\/a><\/div><\/div><\/div><\/div><\/section><\/div><\/div><\/div><\/div><\/div><\/div><\/div><\/div><div class=\"vc_row wpb_row vc_row-fluid vc_custom_1583090574439\"><div class=\"wpb_column vc_column_container vc_col-sm-12\"><div class=\"vc_column-inner\"><div class=\"wpb_wrapper\"><div class=\"vc_row wpb_row vc_inner vc_row-fluid\"><div class=\"wpb_column vc_column_container vc_col-sm-6\"><div class=\"vc_column-inner\"><div class=\"wpb_wrapper\"><section class=\"vc_cta3-container\"><div class=\"vc_general vc_cta3 vc_cta3-style-classic vc_cta3-shape-rounded vc_cta3-align-left vc_cta3-color-classic vc_cta3-icon-size-md vc_cta3-actions-bottom\"><div class=\"vc_cta3_content-container\"><div class=\"vc_cta3-content\"><header class=\"vc_cta3-content-header\"><h2>Punto 8<\/h2><h4>Afrontemos las dificultades con mucha informaci\u00f3n<\/h4><\/header><p style=\"text-align: justify;\">La lactancia no deber\u00eda presentar dificultades, pero a veces, y sobre todo al principio, puede surgir alg\u00fan problema. En este punto podr\u00e1s encontrar los problemas m\u00e1s t\u00edpicos e ideas sobre como afrontarlos<\/p>\n<\/div><div class=\"vc_cta3-actions\"><div class=\"vc_btn3-container vc_btn3-right\" ><a class=\"vc_general vc_btn3 vc_btn3-size-md vc_btn3-shape-rounded vc_btn3-style-modern vc_btn3-icon-left vc_btn3-color-info\" href=\"\/wp-content\/uploads\/2020\/03\/Guia-Mamare-punto-8.pdf\" title=\"Punto 8 Guia lactancia mamare\" target=\"_blank\"><i class=\"vc_btn3-icon fas fa-file-pdf\"><\/i> Punto 8<\/a><\/div><\/div><\/div><\/div><\/section><\/div><\/div><\/div><div class=\"wpb_column vc_column_container vc_col-sm-6\"><div class=\"vc_column-inner\"><div class=\"wpb_wrapper\"><section class=\"vc_cta3-container\"><div class=\"vc_general vc_cta3 vc_cta3-style-classic vc_cta3-shape-rounded vc_cta3-align-left vc_cta3-color-classic vc_cta3-icon-size-md vc_cta3-actions-bottom\"><div class=\"vc_cta3_content-container\"><div class=\"vc_cta3-content\"><header class=\"vc_cta3-content-header\"><h2>Punto 9<\/h2><h4>Lactancia en circunstancias especiales<\/h4><\/header><p style=\"text-align: justify;\">A veces hay situaciones especiales en las cuales la lactancia puede complicarse, como en el caso de bebes prematuros, partos m\u00faltiples, durante el embarazo o durante una relactaci\u00f3n. En este punto te daremos informaci\u00f3n sobre cada una de ellas y algunos consejos para poder sobrellevarlas.<\/p>\n<\/div><div class=\"vc_cta3-actions\"><div class=\"vc_btn3-container vc_btn3-right\" ><a class=\"vc_general vc_btn3 vc_btn3-size-md vc_btn3-shape-rounded vc_btn3-style-modern vc_btn3-icon-left vc_btn3-color-info\" href=\"\/wp-content\/uploads\/2020\/03\/Guia-Mamare-punto-9.pdf\" title=\"Punto 9 guia lactancia mamare\" target=\"_blank\"><i class=\"vc_btn3-icon fas fa-file-pdf\"><\/i> Punto 9<\/a><\/div><\/div><\/div><\/div><\/section><\/div><\/div><\/div><\/div><\/div><\/div><\/div><\/div><div class=\"vc_row wpb_row vc_row-fluid vc_custom_1583090574439\"><div class=\"wpb_column vc_column_container vc_col-sm-12\"><div class=\"vc_column-inner\"><div class=\"wpb_wrapper\"><div class=\"vc_row wpb_row vc_inner vc_row-fluid\"><div class=\"wpb_column vc_column_container vc_col-sm-6\"><div class=\"vc_column-inner\"><div class=\"wpb_wrapper\"><section class=\"vc_cta3-container\"><div class=\"vc_general vc_cta3 vc_cta3-style-classic vc_cta3-shape-rounded vc_cta3-align-left vc_cta3-color-classic vc_cta3-icon-size-md vc_cta3-actions-bottom\"><div class=\"vc_cta3_content-container\"><div class=\"vc_cta3-content\"><header class=\"vc_cta3-content-header\"><h2>Punto 10<\/h2><h4>Extracci\u00f3n, conservaci\u00f3n y manipulaci\u00f3n de la leche materna<\/h4><\/header><p><span style=\"font-weight: 400;\">\u00bfC\u00f3mo extraerse leche materna? \u00bfC\u00f3mo almacenarla? Son algunas de las dudas m\u00e1s frecuentes que tienen las mam\u00e1s lactantes. <\/span>En este punto intentaremos resolver las m\u00e1s comunes<\/p>\n<\/div><div class=\"vc_cta3-actions\"><div class=\"vc_btn3-container vc_btn3-right\" ><a class=\"vc_general vc_btn3 vc_btn3-size-md vc_btn3-shape-rounded vc_btn3-style-modern vc_btn3-icon-left vc_btn3-color-info\" href=\"\/wp-content\/uploads\/2020\/03\/Guia-Mamare-punto-10.pdf\" title=\"Punto 10 Guia lactancia mamare\" target=\"_blank\"><i class=\"vc_btn3-icon fas fa-file-pdf\"><\/i> Punto 10<\/a><\/div><\/div><\/div><\/div><\/section><\/div><\/div><\/div><div class=\"wpb_column vc_column_container vc_col-sm-6\"><div class=\"vc_column-inner\"><div class=\"wpb_wrapper\"><section class=\"vc_cta3-container\"><div class=\"vc_general vc_cta3 vc_cta3-style-classic vc_cta3-shape-rounded vc_cta3-align-left vc_cta3-color-classic vc_cta3-icon-size-md vc_cta3-actions-bottom\"><div class=\"vc_cta3_content-container\"><div class=\"vc_cta3-content\"><header class=\"vc_cta3-content-header\"><h2>Puntos 11 y 12<\/h2><h4>D\u00f3nde encontrar m\u00e1s informaci\u00f3n y recursos \/ Bibliograf\u00eda consultada<\/h4><\/header><p style=\"text-align: justify;\">Por \u00faltimo os dejamos algunos links donde podr\u00e9is encontrar m\u00e1s informaci\u00f3n y recursos, adem\u00e1s de la bibliograf\u00eda que hemos consultado para elaborar esta gu\u00eda<\/p>\n<\/div><div class=\"vc_cta3-actions\"><div class=\"vc_btn3-container vc_btn3-right\" ><a class=\"vc_general vc_btn3 vc_btn3-size-md vc_btn3-shape-rounded vc_btn3-style-modern vc_btn3-icon-left vc_btn3-color-info\" href=\"\/wp-content\/uploads\/2020\/03\/Guia-Mamare-punto-11-y-12.pdf\" title=\"Puntos 11 y 12 guia lactancia mamare\" target=\"_blank\"><i class=\"vc_btn3-icon fas fa-file-pdf\"><\/i> Punto 11 y 12<\/a><\/div><\/div><\/div><\/div><\/section><\/div><\/div><\/div><\/div><\/div><\/div><\/div><\/div>\n","protected":false},"excerpt":{"rendered":"<p>En Mamare hemos elaborado y actualizado una gu\u00eda de lactancia materna mediante la cual pretendemos informar, promocionar y normalizar la lactancia materna. Adem\u00e1s, hemos a\u00f1adido una serie de v\u00eddeos de utilidad sobre agarres correctos, como realizar la extracci\u00f3n manual de leche materna o diferentes posiciones para amamantar, entre otros. Todos estos videos est\u00e1n anexados a&hellip;<\/p>\n","protected":false},"author":1,"featured_media":0,"parent":0,"menu_order":25,"comment_status":"closed","ping_status":"closed","template":"","meta":{"footnotes":""},"yoast_head":"<!-- This site is optimized with the Yoast SEO plugin v20.1 - https:\/\/yoast.com\/wordpress\/plugins\/seo\/ -->\n<title>Gu\u00eda Lactancia - Mamare<\/title>\n<meta name=\"robots\" content=\"index, follow, max-snippet:-1, max-image-preview:large, max-video-preview:-1\" \/>\n<link rel=\"canonical\" href=\"https:\/\/mamare.es\/es_es\/guia\/\" \/>\n<meta property=\"og:locale\" content=\"es_ES\" \/>\n<meta property=\"og:type\" content=\"article\" \/>\n<meta property=\"og:title\" content=\"Gu\u00eda Lactancia - Mamare\" \/>\n<meta property=\"og:url\" content=\"https:\/\/mamare.es\/es_es\/guia\/\" \/>\n<meta property=\"og:site_name\" content=\"Mamare\" \/>\n<meta property=\"article:modified_time\" content=\"2020-05-01T11:09:00+00:00\" \/>\n<meta name=\"twitter:card\" content=\"summary_large_image\" \/>\n<meta name=\"twitter:label1\" content=\"Tiempo de lectura\" \/>\n\t<meta name=\"twitter:data1\" content=\"6 minutos\" \/>\n<script type=\"application\/ld+json\" class=\"yoast-schema-graph\">{\"@context\":\"https:\/\/schema.org\",\"@graph\":[{\"@type\":\"WebPage\",\"@id\":\"https:\/\/mamare.es\/es_es\/guia\/\",\"url\":\"https:\/\/mamare.es\/es_es\/guia\/\",\"name\":\"Gu\u00eda Lactancia - Mamare\",\"isPartOf\":{\"@id\":\"https:\/\/mamare.es\/#website\"},\"datePublished\":\"2018-06-20T20:54:50+00:00\",\"dateModified\":\"2020-05-01T11:09:00+00:00\",\"breadcrumb\":{\"@id\":\"https:\/\/mamare.es\/es_es\/guia\/#breadcrumb\"},\"inLanguage\":\"es\",\"potentialAction\":[{\"@type\":\"ReadAction\",\"target\":[\"https:\/\/mamare.es\/es_es\/guia\/\"]}]},{\"@type\":\"BreadcrumbList\",\"@id\":\"https:\/\/mamare.es\/es_es\/guia\/#breadcrumb\",\"itemListElement\":[{\"@type\":\"ListItem\",\"position\":1,\"name\":\"Portada\",\"item\":\"https:\/\/mamare.es\/\"},{\"@type\":\"ListItem\",\"position\":2,\"name\":\"Gu\u00eda Lactancia\"}]},{\"@type\":\"WebSite\",\"@id\":\"https:\/\/mamare.es\/#website\",\"url\":\"https:\/\/mamare.es\/\",\"name\":\"Mamare\",\"description\":\"Apoyo Madre a Madre\",\"potentialAction\":[{\"@type\":\"SearchAction\",\"target\":{\"@type\":\"EntryPoint\",\"urlTemplate\":\"https:\/\/mamare.es\/?s={search_term_string}\"},\"query-input\":\"required name=search_term_string\"}],\"inLanguage\":\"es\"}]}<\/script>\n<!-- \/ Yoast SEO plugin. -->","yoast_head_json":{"title":"Gu\u00eda Lactancia - Mamare","robots":{"index":"index","follow":"follow","max-snippet":"max-snippet:-1","max-image-preview":"max-image-preview:large","max-video-preview":"max-video-preview:-1"},"canonical":"https:\/\/mamare.es\/es_es\/guia\/","og_locale":"es_ES","og_type":"article","og_title":"Gu\u00eda Lactancia - Mamare","og_url":"https:\/\/mamare.es\/es_es\/guia\/","og_site_name":"Mamare","article_modified_time":"2020-05-01T11:09:00+00:00","twitter_card":"summary_large_image","twitter_misc":{"Tiempo de lectura":"6 minutos"},"schema":{"@context":"https:\/\/schema.org","@graph":[{"@type":"WebPage","@id":"https:\/\/mamare.es\/es_es\/guia\/","url":"https:\/\/mamare.es\/es_es\/guia\/","name":"Gu\u00eda Lactancia - Mamare","isPartOf":{"@id":"https:\/\/mamare.es\/#website"},"datePublished":"2018-06-20T20:54:50+00:00","dateModified":"2020-05-01T11:09:00+00:00","breadcrumb":{"@id":"https:\/\/mamare.es\/es_es\/guia\/#breadcrumb"},"inLanguage":"es","potentialAction":[{"@type":"ReadAction","target":["https:\/\/mamare.es\/es_es\/guia\/"]}]},{"@type":"BreadcrumbList","@id":"https:\/\/mamare.es\/es_es\/guia\/#breadcrumb","itemListElement":[{"@type":"ListItem","position":1,"name":"Portada","item":"https:\/\/mamare.es\/"},{"@type":"ListItem","position":2,"name":"Gu\u00eda Lactancia"}]},{"@type":"WebSite","@id":"https:\/\/mamare.es\/#website","url":"https:\/\/mamare.es\/","name":"Mamare","description":"Apoyo Madre a Madre","potentialAction":[{"@type":"SearchAction","target":{"@type":"EntryPoint","urlTemplate":"https:\/\/mamare.es\/?s={search_term_string}"},"query-input":"required name=search_term_string"}],"inLanguage":"es"}]}},"_links":{"self":[{"href":"https:\/\/mamare.es\/es_es\/wp-json\/wp\/v2\/pages\/2153"}],"collection":[{"href":"https:\/\/mamare.es\/es_es\/wp-json\/wp\/v2\/pages"}],"about":[{"href":"https:\/\/mamare.es\/es_es\/wp-json\/wp\/v2\/types\/page"}],"author":[{"embeddable":true,"href":"https:\/\/mamare.es\/es_es\/wp-json\/wp\/v2\/users\/1"}],"replies":[{"embeddable":true,"href":"https:\/\/mamare.es\/es_es\/wp-json\/wp\/v2\/comments?post=2153"}],"version-history":[{"count":29,"href":"https:\/\/mamare.es\/es_es\/wp-json\/wp\/v2\/pages\/2153\/revisions"}],"predecessor-version":[{"id":2899,"href":"https:\/\/mamare.es\/es_es\/wp-json\/wp\/v2\/pages\/2153\/revisions\/2899"}],"wp:attachment":[{"href":"https:\/\/mamare.es\/es_es\/wp-json\/wp\/v2\/media?parent=2153"}],"curies":[{"name":"wp","href":"https:\/\/api.w.org\/{rel}","templated":true}]}}