{"id":2382,"date":"2020-02-17T10:30:16","date_gmt":"2020-02-17T09:30:16","guid":{"rendered":"http:\/\/mamare.lanzaderacreativa.com\/?page_id=2382"},"modified":"2026-01-16T14:44:33","modified_gmt":"2026-01-16T13:44:33","slug":"hazte-socia","status":"publish","type":"page","link":"https:\/\/mamare.es\/es_es\/hazte-socia\/","title":{"rendered":"Colabora"},"content":{"rendered":"<div class=\"vc_row wpb_row vc_row-fluid\"><div class=\"wpb_column vc_column_container vc_col-sm-12\"><div class=\"vc_column-inner\"><div class=\"wpb_wrapper\"><div class=\"vc_row wpb_row vc_inner vc_row-fluid\"><div class=\"wpb_column vc_column_container vc_col-sm-12\"><div class=\"vc_column-inner\"><div class=\"wpb_wrapper\">\n\t<div  class=\"wpb_single_image wpb_content_element vc_align_center\">\n\t\t\n\t\t<figure class=\"wpb_wrapper vc_figure\">\n\t\t\t<div class=\"vc_single_image-wrapper vc_box_rounded  vc_box_border_grey\"><img data-vc-zoom=\"https:\/\/mamare.es\/wp-content\/uploads\/2020\/02\/Chari-cama-1024x512.jpg\" width=\"1200\" height=\"600\" src=\"https:\/\/mamare.es\/wp-content\/uploads\/2020\/02\/Chari-cama.jpg\" class=\"vc_single_image-img attachment-full\" alt=\"Chari cama boda\" decoding=\"async\" loading=\"lazy\" srcset=\"https:\/\/mamare.es\/wp-content\/uploads\/2020\/02\/Chari-cama.jpg 1200w, https:\/\/mamare.es\/wp-content\/uploads\/2020\/02\/Chari-cama-300x150.jpg 300w, https:\/\/mamare.es\/wp-content\/uploads\/2020\/02\/Chari-cama-1024x512.jpg 1024w, https:\/\/mamare.es\/wp-content\/uploads\/2020\/02\/Chari-cama-768x384.jpg 768w\" sizes=\"(max-width: 1200px) 100vw, 1200px\"  data-dt-location=\"https:\/\/mamare.es\/es_es\/hazte-socia\/chari-cama\/\" \/><\/div>\n\t\t<\/figure>\n\t<\/div>\n<\/div><\/div><\/div><\/div><\/div><\/div><\/div><\/div><div class=\"vc_row wpb_row vc_row-fluid vc_custom_1581933116261\"><div class=\"wpb_column vc_column_container vc_col-sm-12\"><div class=\"vc_column-inner\"><div class=\"wpb_wrapper\"><div class=\"vc_row wpb_row vc_inner vc_row-fluid vc_custom_1581517283699\"><div class=\"wpb_column vc_column_container vc_col-sm-12\"><div class=\"vc_column-inner\"><div class=\"wpb_wrapper\"><div id=\"ultimate-heading-626669e45a8bd1a3e\" class=\"uvc-heading ult-adjust-bottom-margin ultimate-heading-626669e45a8bd1a3e uvc-8844 accent-border-color\" data-hspacer=\"line_only\"  data-halign=\"left\" style=\"text-align:left\"><div class=\"uvc-main-heading ult-responsive\"  data-ultimate-target='.uvc-heading.ultimate-heading-626669e45a8bd1a3e h2'  data-responsive-json-new='{\"font-size\":\"desktop:44px;tablet_portrait:30px;\",\"line-height\":\"desktop:54px;tablet_portrait:40px;\"}' ><h2 style=\"font-weight:bold;margin-bottom:10px;\">Pod\u00e9is colaborar con nosotras de diversos modos:<\/h2><\/div><div class=\"uvc-heading-spacer line_only\" style=\"margin-bottom:40px;height:5px;\"><span class=\"uvc-headings-line\" style=\"border-style:solid;border-bottom-width:5px;border-color:;width:120px;\"><\/span><\/div><div class=\"uvc-sub-heading ult-responsive\"  data-ultimate-target='.uvc-heading.ultimate-heading-626669e45a8bd1a3e .uvc-sub-heading '  data-responsive-json-new='{\"font-size\":\"desktop:22px;mobile_landscape:16px;\",\"line-height\":\"desktop:32px;mobile_landscape:26px;\"}'  style=\"font-weight:normal;color:#333333;margin-bottom:70px;\"><\/p>\n<ol>\n<li style=\"font-weight: 400; text-align: justify;\"><span style=\"font-weight: 400;\">Mediante <b>donaciones<\/b> ya sea donando material de lactancia para otras madres o bien haciendo un donativo econ\u00f3mico en el n\u00famero de cuenta de <em>RURALNOSTRA: <strong>ES52 3138 2002 9120 4276 0724<\/strong><\/em><i>.<\/i><\/span><\/li>\n<li style=\"font-weight: 400; text-align: justify;\"><span style=\"font-weight: 400;\">Todas las<\/span><span style=\"font-weight: 400;\">\u00a0<\/span><span style=\"font-weight: 400;\">personas interesadas pueden ser <\/span><b>socias<\/b><span style=\"font-weight: 400;\"> de <\/span><i><span style=\"font-weight: 400;\">Mamare<\/span><\/i><span style=\"font-weight: 400;\">. Para ello, \u00fanicamente deber\u00e9is cumplimentar <a href=\"https:\/\/mamare.es\/wp-content\/uploads\/2024\/02\/Ficha-inscripcion-de-socia-MAMARE-domiciliacio-2024.pdf\" target=\"_blank\" rel=\"noopener noreferrer\">este formulario<\/a> y hac\u00e9rnoslo llegar mediante correo electr\u00f3nico, <\/span><span style=\"font-weight: 400;\">personalmente<\/span><span style=\"font-weight: 400;\">\u00a0 o pod\u00e9is enviarlo al Centro de Salud Gran V\u00eda de Castell\u00f3 de la Plana. Actualmente la cuota de socia es de <\/span><b>15\u20ac anuales<\/b><span style=\"font-weight: 400;\">; pod\u00e9is ingresarla<\/span><span style=\"font-weight: 400;\"> en cualquier momento o domiciliar los pagos en nuestra cuenta de <em>RURALNOSTRA: <strong>ES52 3138 2002 9120 4276 0724<\/strong><\/em><\/span><em><span style=\"font-weight: 400;\">\u00a0<\/span><\/em><span style=\"font-weight: 400;\">(el cobro de las sucesivas domiciliaciones se lleva a cabo durante el primer trimestre de cada a\u00f1o).<\/span><\/li>\n<li style=\"font-weight: 400; text-align: justify;\"><span style=\"font-weight: 400;\">Si adem\u00e1s quer\u00e9is ir m\u00e1s all\u00e1, pod\u00e9is formar parte de nuestra asociaci\u00f3n como <\/span><b>socia activa<\/b> <span style=\"font-weight: 400;\">y ayudarnos a promocionar la lactancia en los grupos de apoyo y\/o en otras actividades. Para ello pod\u00e9is escribirnos un correo a <\/span><a href=\"mailto:mamarecastello@gmail.com\"><span style=\"font-weight: 400;\">mamarecastello@gmail.com<\/span><\/a><span style=\"font-weight: 400;\">.<\/span><\/li>\n<\/ol>\n<p><\/div><\/div><\/div><\/div><\/div><\/div><div class=\"vc_row wpb_row vc_inner vc_row-fluid vc_custom_1581517283699\"><div class=\"wpb_column vc_column_container vc_col-sm-12\"><div class=\"vc_column-inner\"><div class=\"wpb_wrapper\"><\/div><\/div><\/div><\/div><\/div><\/div><\/div><\/div><div data-vc-full-width=\"true\" data-vc-full-width-init=\"false\" class=\"vc_row wpb_row vc_row-fluid vc_custom_1581933252506\"><div class=\"wpb_column vc_column_container vc_col-sm-12\"><div class=\"vc_column-inner\"><div class=\"wpb_wrapper\">\n\t<div class=\"wpb_text_column wpb_content_element \" >\n\t\t<div class=\"wpb_wrapper\">\n\t\t\t<h3 style=\"text-align: center;\"><span style=\"color: #ffffff;\"><strong>Las socias activas de <i>Mamare<\/i> son el pilar de nuestra asociaci\u00f3n, sin ellas no nos ser\u00eda posible hacer todo lo que hacemos.<\/strong><\/span><\/h3>\n\n\t\t<\/div>\n\t<\/div>\n<\/div><\/div><\/div><\/div><div class=\"vc_row-full-width vc_clearfix\"><\/div><!-- Row Backgrounds --><div class=\"upb_grad\" data-grad=\"background: -webkit-gradient(linear, left top, left bottom, color-stop(0%, #910091), color-stop(99%, #39008F));background: -moz-linear-gradient(left,#910091 0%,#39008F 99%);background: -webkit-linear-gradient(left,#910091 0%,#39008F 99%);background: -o-linear-gradient(left,#910091 0%,#39008F 99%);background: -ms-linear-gradient(left,#910091 0%,#39008F 99%);background: linear-gradient(left,#910091 0%,#39008F 99%);\" data-bg-override=\"0\" data-upb-overlay-color=\"\" data-upb-bg-animation=\"\" data-fadeout=\"\" data-fadeout-percentage=\"30\" data-parallax-content=\"\" data-parallax-content-sense=\"30\" data-row-effect-mobile-disable=\"true\" data-img-parallax-mobile-disable=\"true\" data-rtl=\"false\"  data-custom-vc-row=\"\"  data-vc=\"6.1\"  data-is_old_vc=\"\"  data-theme-support=\"\"   data-overlay=\"false\" data-overlay-color=\"\" data-overlay-pattern=\"\" data-overlay-pattern-opacity=\"\" data-overlay-pattern-size=\"\"    ><\/div>\n","protected":false},"excerpt":{"rendered":"<p>Pod\u00e9is colaborar con nosotras de diversos modos: Mediante donaciones ya sea donando material de lactancia para otras madres o bien haciendo un donativo econ\u00f3mico en el n\u00famero de cuenta de RURALNOSTRA: ES52 3138 2002 9120 4276 0724. Todas las\u00a0personas interesadas pueden ser socias de Mamare. Para ello, \u00fanicamente deber\u00e9is cumplimentar este formulario y hac\u00e9rnoslo llegar&hellip;<\/p>\n","protected":false},"author":1,"featured_media":0,"parent":0,"menu_order":5,"comment_status":"closed","ping_status":"closed","template":"","meta":{"footnotes":""},"yoast_head":"<!-- This site is optimized with the Yoast SEO plugin v20.1 - https:\/\/yoast.com\/wordpress\/plugins\/seo\/ -->\n<title>Colabora - Mamare<\/title>\n<meta name=\"robots\" content=\"index, follow, max-snippet:-1, max-image-preview:large, max-video-preview:-1\" \/>\n<link rel=\"canonical\" href=\"https:\/\/mamare.es\/es_es\/hazte-socia\/\" \/>\n<meta property=\"og:locale\" content=\"es_ES\" \/>\n<meta property=\"og:type\" content=\"article\" \/>\n<meta property=\"og:title\" content=\"Colabora - Mamare\" \/>\n<meta property=\"og:url\" content=\"https:\/\/mamare.es\/es_es\/hazte-socia\/\" \/>\n<meta property=\"og:site_name\" content=\"Mamare\" \/>\n<meta property=\"article:modified_time\" content=\"2026-01-16T13:44:33+00:00\" \/>\n<meta name=\"twitter:card\" content=\"summary_large_image\" \/>\n<meta name=\"twitter:label1\" content=\"Tiempo de lectura\" \/>\n\t<meta name=\"twitter:data1\" content=\"2 minutos\" \/>\n<script type=\"application\/ld+json\" class=\"yoast-schema-graph\">{\"@context\":\"https:\/\/schema.org\",\"@graph\":[{\"@type\":\"WebPage\",\"@id\":\"https:\/\/mamare.es\/hazte-socia\/\",\"url\":\"https:\/\/mamare.es\/hazte-socia\/\",\"name\":\"Colabora - Mamare\",\"isPartOf\":{\"@id\":\"https:\/\/mamare.es\/#website\"},\"datePublished\":\"2020-02-17T09:30:16+00:00\",\"dateModified\":\"2026-01-16T13:44:33+00:00\",\"breadcrumb\":{\"@id\":\"https:\/\/mamare.es\/hazte-socia\/#breadcrumb\"},\"inLanguage\":\"es\",\"potentialAction\":[{\"@type\":\"ReadAction\",\"target\":[\"https:\/\/mamare.es\/hazte-socia\/\"]}]},{\"@type\":\"BreadcrumbList\",\"@id\":\"https:\/\/mamare.es\/hazte-socia\/#breadcrumb\",\"itemListElement\":[{\"@type\":\"ListItem\",\"position\":1,\"name\":\"Portada\",\"item\":\"https:\/\/mamare.es\/\"},{\"@type\":\"ListItem\",\"position\":2,\"name\":\"Colabora\"}]},{\"@type\":\"WebSite\",\"@id\":\"https:\/\/mamare.es\/#website\",\"url\":\"https:\/\/mamare.es\/\",\"name\":\"Mamare\",\"description\":\"Apoyo Madre a Madre\",\"potentialAction\":[{\"@type\":\"SearchAction\",\"target\":{\"@type\":\"EntryPoint\",\"urlTemplate\":\"https:\/\/mamare.es\/?s={search_term_string}\"},\"query-input\":\"required name=search_term_string\"}],\"inLanguage\":\"es\"}]}<\/script>\n<!-- \/ Yoast SEO plugin. -->","yoast_head_json":{"title":"Colabora - Mamare","robots":{"index":"index","follow":"follow","max-snippet":"max-snippet:-1","max-image-preview":"max-image-preview:large","max-video-preview":"max-video-preview:-1"},"canonical":"https:\/\/mamare.es\/es_es\/hazte-socia\/","og_locale":"es_ES","og_type":"article","og_title":"Colabora - Mamare","og_url":"https:\/\/mamare.es\/es_es\/hazte-socia\/","og_site_name":"Mamare","article_modified_time":"2026-01-16T13:44:33+00:00","twitter_card":"summary_large_image","twitter_misc":{"Tiempo de lectura":"2 minutos"},"schema":{"@context":"https:\/\/schema.org","@graph":[{"@type":"WebPage","@id":"https:\/\/mamare.es\/hazte-socia\/","url":"https:\/\/mamare.es\/hazte-socia\/","name":"Colabora - Mamare","isPartOf":{"@id":"https:\/\/mamare.es\/#website"},"datePublished":"2020-02-17T09:30:16+00:00","dateModified":"2026-01-16T13:44:33+00:00","breadcrumb":{"@id":"https:\/\/mamare.es\/hazte-socia\/#breadcrumb"},"inLanguage":"es","potentialAction":[{"@type":"ReadAction","target":["https:\/\/mamare.es\/hazte-socia\/"]}]},{"@type":"BreadcrumbList","@id":"https:\/\/mamare.es\/hazte-socia\/#breadcrumb","itemListElement":[{"@type":"ListItem","position":1,"name":"Portada","item":"https:\/\/mamare.es\/"},{"@type":"ListItem","position":2,"name":"Colabora"}]},{"@type":"WebSite","@id":"https:\/\/mamare.es\/#website","url":"https:\/\/mamare.es\/","name":"Mamare","description":"Apoyo Madre a Madre","potentialAction":[{"@type":"SearchAction","target":{"@type":"EntryPoint","urlTemplate":"https:\/\/mamare.es\/?s={search_term_string}"},"query-input":"required name=search_term_string"}],"inLanguage":"es"}]}},"_links":{"self":[{"href":"https:\/\/mamare.es\/es_es\/wp-json\/wp\/v2\/pages\/2382"}],"collection":[{"href":"https:\/\/mamare.es\/es_es\/wp-json\/wp\/v2\/pages"}],"about":[{"href":"https:\/\/mamare.es\/es_es\/wp-json\/wp\/v2\/types\/page"}],"author":[{"embeddable":true,"href":"https:\/\/mamare.es\/es_es\/wp-json\/wp\/v2\/users\/1"}],"replies":[{"embeddable":true,"href":"https:\/\/mamare.es\/es_es\/wp-json\/wp\/v2\/comments?post=2382"}],"version-history":[{"count":36,"href":"https:\/\/mamare.es\/es_es\/wp-json\/wp\/v2\/pages\/2382\/revisions"}],"predecessor-version":[{"id":3799,"href":"https:\/\/mamare.es\/es_es\/wp-json\/wp\/v2\/pages\/2382\/revisions\/3799"}],"wp:attachment":[{"href":"https:\/\/mamare.es\/es_es\/wp-json\/wp\/v2\/media?parent=2382"}],"curies":[{"name":"wp","href":"https:\/\/api.w.org\/{rel}","templated":true}]}}