{"id":2463,"date":"2020-02-17T13:47:53","date_gmt":"2020-02-17T12:47:53","guid":{"rendered":"http:\/\/mamare.lanzaderacreativa.com\/?page_id=2463"},"modified":"2020-03-23T13:00:52","modified_gmt":"2020-03-23T12:00:52","slug":"patrones-de-crecimiento","status":"publish","type":"page","link":"https:\/\/mamare.es\/es_es\/patrones-de-crecimiento\/","title":{"rendered":"Patrones de Crecimiento"},"content":{"rendered":"<div class=\"vc_row wpb_row vc_row-fluid\"><div class=\"wpb_column vc_column_container vc_col-sm-12\"><div class=\"vc_column-inner\"><div class=\"wpb_wrapper\"><div class=\"vc_row wpb_row vc_inner vc_row-fluid\"><div class=\"wpb_column vc_column_container vc_col-sm-12\"><div class=\"vc_column-inner\"><div class=\"wpb_wrapper\"><h2 style=\"text-align: center\" class=\"vc_custom_heading\" >PATRONES DE CRECIMIENTO INFANTIL PARA NI\u00d1OS\/AS AMAMANTADOS\/AS, SEG\u00daN LA OMS.<\/h2><\/div><\/div><\/div><\/div><\/div><\/div><\/div><\/div><div class=\"vc_row wpb_row vc_row-fluid vc_custom_1581939038644\"><div class=\"wpb_column vc_column_container vc_col-sm-12\"><div class=\"vc_column-inner\"><div class=\"wpb_wrapper\"><div class=\"vc_row wpb_row vc_inner vc_row-fluid\"><div class=\"wpb_column vc_column_container vc_col-sm-3\"><div class=\"vc_column-inner\"><div class=\"wpb_wrapper\">\n\t<div  class=\"wpb_single_image wpb_content_element vc_align_center  vc_custom_1581935674576\">\n\t\t\n\t\t<figure class=\"wpb_wrapper vc_figure\">\n\t\t\t<div class=\"vc_single_image-wrapper vc_box_rounded  vc_box_border_grey\"><img width=\"142\" height=\"142\" src=\"https:\/\/mamare.es\/wp-content\/uploads\/2020\/02\/logo-oms_Baja.jpg\" class=\"vc_single_image-img attachment-thumbnail\" alt=\"Logo OMS\" decoding=\"async\" loading=\"lazy\"  data-dt-location=\"https:\/\/mamare.es\/es_es\/recursos\/logo-oms_baja\/\" \/><\/div>\n\t\t<\/figure>\n\t<\/div>\n<\/div><\/div><\/div><div class=\"wpb_column vc_column_container vc_col-sm-9\"><div class=\"vc_column-inner\"><div class=\"wpb_wrapper\"><div id=\"ultimate-heading-17246a08f1f8d0303\" class=\"uvc-heading ult-adjust-bottom-margin ultimate-heading-17246a08f1f8d0303 uvc-9047  uvc-heading-default-font-sizes\" data-hspacer=\"no_spacer\"  data-halign=\"center\" style=\"text-align:center\"><div class=\"uvc-heading-spacer no_spacer\" style=\"top\"><\/div><div class=\"uvc-sub-heading ult-responsive\"  data-ultimate-target='.uvc-heading.ultimate-heading-17246a08f1f8d0303 .uvc-sub-heading '  data-responsive-json-new='{\"font-size\":\"\",\"line-height\":\"\"}'  style=\"font-weight:normal;\">Cuando nace un beb\u00e9 con un peso en concreto es normal que pierdan algo durante las primeras jornadas (entre el 7 y el 10 %). Sobre el quinto d\u00eda deber\u00eda iniciarse una recuperaci\u00f3n del mismo, para llegar al peso de nacimiento alrededor de los 15 d\u00edas de vida. A partir de ah\u00ed la evoluci\u00f3n de cada reci\u00e9n nacido puede ser muy distinta, siendo una aproximaci\u00f3n;<\/p>\n<ul>\n<li style=\"text-align: left;\"><strong>Hasta las 6 semanas: 20 g\/d\u00eda<\/strong><\/li>\n<li style=\"text-align: left;\"><strong>Menos de 4 meses: 100-200 g\/semana<\/strong><\/li>\n<li style=\"text-align: left;\"><strong>De los 4 a los 6 meses: 80-150 g\/semana<\/strong><\/li>\n<li style=\"text-align: left;\"><strong>De los 6 a los 12 meses: 40-80 g\/semana<\/strong><\/li>\n<\/ul>\n<p>En el siguiente enlace podr\u00e9is encontrar las tablas, que en el 2016 elabor\u00f3 la Organizaci\u00f3n Mundial de la Salud (cuyas siglas son OMS en castellano y WHO en ingl\u00e9s), que describen la muestra y el proceso metodol\u00f3gico utilizado para desarrollar los est\u00e1ndares de crecimiento. Presentan las curvas finales en los patrones de crecimiento infantil hasta los cinco a\u00f1os, y se encuentran divididas por franjas de edad y por \u201cni\u00f1as\u201d o \u201cni\u00f1os\u00bb, ya que entre ellos no crecen de igual forma.<\/div><\/div><\/div><\/div><\/div><\/div><\/div><\/div><\/div><\/div><div class=\"vc_row wpb_row vc_row-fluid\"><div class=\"wpb_column vc_column_container vc_col-sm-12\"><div class=\"vc_column-inner\"><div class=\"wpb_wrapper\"><div class=\"vc_row wpb_row vc_inner vc_row-fluid\"><div class=\"wpb_column vc_column_container vc_col-sm-12\"><div class=\"vc_column-inner\"><div class=\"wpb_wrapper\">\n\t<div  class=\"wpb_single_image wpb_content_element vc_align_center\">\n\t\t\n\t\t<figure class=\"wpb_wrapper vc_figure\">\n\t\t\t<a href=\"https:\/\/mamare.es\/wp-content\/uploads\/2020\/02\/Captura-de-pantalla-2020-02-17-a-las-13.46.14.png\" target=\"_blank\"  class=\"vc_single_image-wrapper vc_box_rounded  vc_box_border_grey rollover\" data-large_image_width=\"615\" data-large_image_height = \"418\"     ><img width=\"615\" height=\"418\" src=\"https:\/\/mamare.es\/wp-content\/uploads\/2020\/02\/Captura-de-pantalla-2020-02-17-a-las-13.46.14.png\" class=\"vc_single_image-img attachment-full\" alt=\"Tablas de la OMS\" decoding=\"async\" loading=\"lazy\" srcset=\"https:\/\/mamare.es\/wp-content\/uploads\/2020\/02\/Captura-de-pantalla-2020-02-17-a-las-13.46.14.png 615w, https:\/\/mamare.es\/wp-content\/uploads\/2020\/02\/Captura-de-pantalla-2020-02-17-a-las-13.46.14-300x204.png 300w\" sizes=\"(max-width: 615px) 100vw, 615px\"  data-dt-location=\"https:\/\/mamare.es\/es_es\/patrones-de-crecimiento\/captura-de-pantalla-2020-02-17-a-las-13-46-14\/\" \/><\/a>\n\t\t<\/figure>\n\t<\/div>\n<\/div><\/div><\/div><\/div><\/div><\/div><\/div><\/div><div class=\"vc_row wpb_row vc_row-fluid vc_custom_1581939038644\"><div class=\"wpb_column vc_column_container vc_col-sm-12\"><div class=\"vc_column-inner\"><div class=\"wpb_wrapper\"><div class=\"vc_row wpb_row vc_inner vc_row-fluid\"><div class=\"wpb_column vc_column_container vc_col-sm-3\"><div class=\"vc_column-inner\"><div class=\"wpb_wrapper\"><\/div><\/div><\/div><div class=\"wpb_column vc_column_container vc_col-sm-9\"><div class=\"vc_column-inner\"><div class=\"wpb_wrapper\"><div id=\"ultimate-heading-9176a08f1f8d11ef\" class=\"uvc-heading ult-adjust-bottom-margin ultimate-heading-9176a08f1f8d11ef uvc-1451  uvc-heading-default-font-sizes\" data-hspacer=\"no_spacer\"  data-halign=\"center\" style=\"text-align:center\"><div class=\"uvc-heading-spacer no_spacer\" style=\"top\"><\/div><div class=\"uvc-sub-heading ult-responsive\"  data-ultimate-target='.uvc-heading.ultimate-heading-9176a08f1f8d11ef .uvc-sub-heading '  data-responsive-json-new='{\"font-size\":\"\",\"line-height\":\"\"}'  style=\"font-weight:normal;\"><\/p>\n<p style=\"text-align: justify;\">Para desarrollarlas, la OMS las elabor\u00f3 con una gran muestra de beb\u00e9s amamantados en seis pa\u00edses diferentes, por lo que, a pesar de no ser muy dispares a las de antes de 2006, s\u00ed est\u00e1n m\u00e1s ajustadas a la realidad de los beb\u00e9s alimentados con leche materna.<\/p>\n<p style=\"text-align: justify;\"><a href=\"https:\/\/www.who.int\/childgrowth\/standards\/es\/\" target=\"_blank\" rel=\"noopener noreferrer\">https:\/\/www.who.int\/childgrowth\/standards\/es\/<\/a><\/p>\n<p style=\"text-align: justify;\">Es muy importante no quedarse s\u00f3lo con el percentil de peso, sino ver la concordancia con la altura. Cuando ambos percentiles son muy dispares es cuando habr\u00e1 que revisar qu\u00e9 puede estar ocurriendo, pero el hecho de que un beb\u00e9 est\u00e9 en percentiles bajos en ambas tablas solamente indica que se trata de una persona menuda, o grande si lo est\u00e1 en altos. Tan normal es un\/a ni\u00f1o\/a representado\/a en la l\u00ednea 3 como en la 97.<\/p>\n<p><\/div><\/div><\/div><\/div><\/div><\/div><\/div><\/div><\/div><\/div>\n","protected":false},"excerpt":{"rendered":"<p>PATRONES DE CRECIMIENTO INFANTIL PARA NI\u00d1OS\/AS AMAMANTADOS\/AS, SEG\u00daN LA OMS. Cuando nace un beb\u00e9 con un peso en concreto es normal que pierdan algo durante las primeras jornadas (entre el 7 y el 10 %). Sobre el quinto d\u00eda deber\u00eda iniciarse una recuperaci\u00f3n del mismo, para llegar al peso de nacimiento alrededor de los 15&hellip;<\/p>\n","protected":false},"author":1,"featured_media":0,"parent":0,"menu_order":25,"comment_status":"closed","ping_status":"closed","template":"","meta":{"footnotes":""},"yoast_head":"<!-- This site is optimized with the Yoast SEO plugin v20.1 - https:\/\/yoast.com\/wordpress\/plugins\/seo\/ -->\n<title>Patrones de Crecimiento - Mamare<\/title>\n<meta name=\"robots\" content=\"index, follow, max-snippet:-1, max-image-preview:large, max-video-preview:-1\" \/>\n<link rel=\"canonical\" href=\"https:\/\/mamare.es\/es_es\/patrones-de-crecimiento\/\" \/>\n<meta property=\"og:locale\" content=\"es_ES\" \/>\n<meta property=\"og:type\" content=\"article\" \/>\n<meta property=\"og:title\" content=\"Patrones de Crecimiento - Mamare\" \/>\n<meta property=\"og:url\" content=\"https:\/\/mamare.es\/es_es\/patrones-de-crecimiento\/\" \/>\n<meta property=\"og:site_name\" content=\"Mamare\" \/>\n<meta property=\"article:modified_time\" content=\"2020-03-23T12:00:52+00:00\" \/>\n<meta name=\"twitter:card\" content=\"summary_large_image\" \/>\n<meta name=\"twitter:label1\" content=\"Tiempo de lectura\" \/>\n\t<meta name=\"twitter:data1\" content=\"3 minutos\" \/>\n<script type=\"application\/ld+json\" class=\"yoast-schema-graph\">{\"@context\":\"https:\/\/schema.org\",\"@graph\":[{\"@type\":\"WebPage\",\"@id\":\"https:\/\/mamare.es\/es_es\/patrones-de-crecimiento\/\",\"url\":\"https:\/\/mamare.es\/es_es\/patrones-de-crecimiento\/\",\"name\":\"Patrones de Crecimiento - Mamare\",\"isPartOf\":{\"@id\":\"https:\/\/mamare.es\/#website\"},\"datePublished\":\"2020-02-17T12:47:53+00:00\",\"dateModified\":\"2020-03-23T12:00:52+00:00\",\"breadcrumb\":{\"@id\":\"https:\/\/mamare.es\/es_es\/patrones-de-crecimiento\/#breadcrumb\"},\"inLanguage\":\"es\",\"potentialAction\":[{\"@type\":\"ReadAction\",\"target\":[\"https:\/\/mamare.es\/es_es\/patrones-de-crecimiento\/\"]}]},{\"@type\":\"BreadcrumbList\",\"@id\":\"https:\/\/mamare.es\/es_es\/patrones-de-crecimiento\/#breadcrumb\",\"itemListElement\":[{\"@type\":\"ListItem\",\"position\":1,\"name\":\"Portada\",\"item\":\"https:\/\/mamare.es\/\"},{\"@type\":\"ListItem\",\"position\":2,\"name\":\"Patrones de Crecimiento\"}]},{\"@type\":\"WebSite\",\"@id\":\"https:\/\/mamare.es\/#website\",\"url\":\"https:\/\/mamare.es\/\",\"name\":\"Mamare\",\"description\":\"Apoyo Madre a Madre\",\"potentialAction\":[{\"@type\":\"SearchAction\",\"target\":{\"@type\":\"EntryPoint\",\"urlTemplate\":\"https:\/\/mamare.es\/?s={search_term_string}\"},\"query-input\":\"required name=search_term_string\"}],\"inLanguage\":\"es\"}]}<\/script>\n<!-- \/ Yoast SEO plugin. -->","yoast_head_json":{"title":"Patrones de Crecimiento - Mamare","robots":{"index":"index","follow":"follow","max-snippet":"max-snippet:-1","max-image-preview":"max-image-preview:large","max-video-preview":"max-video-preview:-1"},"canonical":"https:\/\/mamare.es\/es_es\/patrones-de-crecimiento\/","og_locale":"es_ES","og_type":"article","og_title":"Patrones de Crecimiento - Mamare","og_url":"https:\/\/mamare.es\/es_es\/patrones-de-crecimiento\/","og_site_name":"Mamare","article_modified_time":"2020-03-23T12:00:52+00:00","twitter_card":"summary_large_image","twitter_misc":{"Tiempo de lectura":"3 minutos"},"schema":{"@context":"https:\/\/schema.org","@graph":[{"@type":"WebPage","@id":"https:\/\/mamare.es\/es_es\/patrones-de-crecimiento\/","url":"https:\/\/mamare.es\/es_es\/patrones-de-crecimiento\/","name":"Patrones de Crecimiento - Mamare","isPartOf":{"@id":"https:\/\/mamare.es\/#website"},"datePublished":"2020-02-17T12:47:53+00:00","dateModified":"2020-03-23T12:00:52+00:00","breadcrumb":{"@id":"https:\/\/mamare.es\/es_es\/patrones-de-crecimiento\/#breadcrumb"},"inLanguage":"es","potentialAction":[{"@type":"ReadAction","target":["https:\/\/mamare.es\/es_es\/patrones-de-crecimiento\/"]}]},{"@type":"BreadcrumbList","@id":"https:\/\/mamare.es\/es_es\/patrones-de-crecimiento\/#breadcrumb","itemListElement":[{"@type":"ListItem","position":1,"name":"Portada","item":"https:\/\/mamare.es\/"},{"@type":"ListItem","position":2,"name":"Patrones de Crecimiento"}]},{"@type":"WebSite","@id":"https:\/\/mamare.es\/#website","url":"https:\/\/mamare.es\/","name":"Mamare","description":"Apoyo Madre a Madre","potentialAction":[{"@type":"SearchAction","target":{"@type":"EntryPoint","urlTemplate":"https:\/\/mamare.es\/?s={search_term_string}"},"query-input":"required name=search_term_string"}],"inLanguage":"es"}]}},"_links":{"self":[{"href":"https:\/\/mamare.es\/es_es\/wp-json\/wp\/v2\/pages\/2463"}],"collection":[{"href":"https:\/\/mamare.es\/es_es\/wp-json\/wp\/v2\/pages"}],"about":[{"href":"https:\/\/mamare.es\/es_es\/wp-json\/wp\/v2\/types\/page"}],"author":[{"embeddable":true,"href":"https:\/\/mamare.es\/es_es\/wp-json\/wp\/v2\/users\/1"}],"replies":[{"embeddable":true,"href":"https:\/\/mamare.es\/es_es\/wp-json\/wp\/v2\/comments?post=2463"}],"version-history":[{"count":6,"href":"https:\/\/mamare.es\/es_es\/wp-json\/wp\/v2\/pages\/2463\/revisions"}],"predecessor-version":[{"id":2471,"href":"https:\/\/mamare.es\/es_es\/wp-json\/wp\/v2\/pages\/2463\/revisions\/2471"}],"wp:attachment":[{"href":"https:\/\/mamare.es\/es_es\/wp-json\/wp\/v2\/media?parent=2463"}],"curies":[{"name":"wp","href":"https:\/\/api.w.org\/{rel}","templated":true}]}}