{"id":2489,"date":"2020-02-17T14:44:17","date_gmt":"2020-02-17T13:44:17","guid":{"rendered":"http:\/\/mamare.lanzaderacreativa.com\/?page_id=2489"},"modified":"2020-04-06T12:47:26","modified_gmt":"2020-04-06T10:47:26","slug":"prestamos-de-material","status":"publish","type":"page","link":"https:\/\/mamare.es\/es_es\/prestamos-de-material\/","title":{"rendered":"Pr\u00e9stamos de Material"},"content":{"rendered":"<div data-vc-full-width=\"true\" data-vc-full-width-init=\"false\" class=\"vc_row wpb_row vc_row-fluid\"><div class=\"wpb_column vc_column_container vc_col-sm-12\"><div class=\"vc_column-inner\"><div class=\"wpb_wrapper\"><div class=\"vc_row wpb_row vc_inner vc_row-fluid\"><div class=\"wpb_column vc_column_container vc_col-sm-12\"><div class=\"vc_column-inner vc_custom_1581947163746\"><div class=\"wpb_wrapper\"><h1 style=\"color: #ffffff;text-align: center\" class=\"vc_custom_heading\" >PR\u00c9STAMO DE MATERIAL<\/h1><\/div><\/div><\/div><\/div><\/div><\/div><\/div><\/div><div class=\"vc_row-full-width vc_clearfix\"><\/div><!-- Row Backgrounds --><div class=\"upb_bg_img\" data-ultimate-bg=\"url(https:\/\/mamare.es\/wp-content\/uploads\/2020\/04\/Fondo-madre-leyendo.jpg)\" data-image-id=\"id^2832|url^http:\/\/mamare.lanzaderacreativa.com\/wp-content\/uploads\/2020\/04\/Fondo-madre-leyendo.jpg|caption^fondo mujer leyendo|alt^fondo mujer leyendo|title^fondo mujer leyendo|description^null\" data-ultimate-bg-style=\"vcpb-default\" data-bg-img-repeat=\"no-repeat\" data-bg-img-size=\"cover\" data-bg-img-position=\"\" data-parallx_sense=\"30\" data-bg-override=\"0\" data-bg_img_attach=\"scroll\" data-upb-overlay-color=\"\" data-upb-bg-animation=\"\" data-fadeout=\"\" data-bg-animation=\"left-animation\" data-bg-animation-type=\"h\" data-animation-repeat=\"repeat\" data-fadeout-percentage=\"30\" data-parallax-content=\"\" data-parallax-content-sense=\"30\" data-row-effect-mobile-disable=\"true\" data-img-parallax-mobile-disable=\"true\" data-rtl=\"false\"  data-custom-vc-row=\"\"  data-vc=\"6.1\"  data-is_old_vc=\"\"  data-theme-support=\"\"   data-overlay=\"false\" data-overlay-color=\"\" data-overlay-pattern=\"\" data-overlay-pattern-opacity=\"\" data-overlay-pattern-size=\"\"    ><\/div><div class=\"vc_row wpb_row vc_row-fluid vc_custom_1581939038644\"><div class=\"wpb_column vc_column_container vc_col-sm-12\"><div class=\"vc_column-inner\"><div class=\"wpb_wrapper\"><div class=\"vc_row wpb_row vc_inner vc_row-fluid\"><div class=\"wpb_column vc_column_container vc_col-sm-3\"><div class=\"vc_column-inner\"><div class=\"wpb_wrapper\">\n\t<div  class=\"wpb_single_image wpb_content_element vc_align_center  vc_custom_1581947619229\">\n\t\t\n\t\t<figure class=\"wpb_wrapper vc_figure\">\n\t\t\t<div class=\"vc_single_image-wrapper vc_box_rounded  vc_box_border_grey\"><img width=\"300\" height=\"515\" src=\"https:\/\/mamare.es\/wp-content\/uploads\/2020\/02\/mujer-leyendo-cepsed.jpg\" class=\"vc_single_image-img attachment-full\" alt=\"Mujer leyendo cesped\" decoding=\"async\" loading=\"lazy\" srcset=\"https:\/\/mamare.es\/wp-content\/uploads\/2020\/02\/mujer-leyendo-cepsed.jpg 300w, https:\/\/mamare.es\/wp-content\/uploads\/2020\/02\/mujer-leyendo-cepsed-175x300.jpg 175w\" sizes=\"(max-width: 300px) 100vw, 300px\"  data-dt-location=\"https:\/\/mamare.es\/es_es\/prestamos-de-material\/pretty-woman-reading-book-in-park-on-a-sunny-day\/\" \/><\/div>\n\t\t<\/figure>\n\t<\/div>\n<\/div><\/div><\/div><div class=\"wpb_column vc_column_container vc_col-sm-9\"><div class=\"vc_column-inner\"><div class=\"wpb_wrapper\"><div id=\"ultimate-heading-363269e445814f3ab\" class=\"uvc-heading ult-adjust-bottom-margin ultimate-heading-363269e445814f3ab uvc-9294  uvc-heading-default-font-sizes\" data-hspacer=\"line_only\"  data-halign=\"center\" style=\"text-align:center\"><div class=\"uvc-sub-heading ult-responsive\"  data-ultimate-target='.uvc-heading.ultimate-heading-363269e445814f3ab .uvc-sub-heading '  data-responsive-json-new='{\"font-size\":\"\",\"line-height\":\"\"}'  style=\"font-weight:normal;\"><\/p>\n<p style=\"text-align: left;\">Durante cualquiera de nuestros talleres pod\u00e9is preguntar por el material que precis\u00e9is para vuestras lactancias. Si necesit\u00e1is alg\u00fan apoyo t\u00e9cnico (sacaleches, pezoneras, relactadores, etc.) podr\u00e9is contar con nuestra experiencia personal y ayuda para su utilizaci\u00f3n.<\/p>\n<p style=\"text-align: left;\">Y si ten\u00e9is por casa material que quer\u00e1is dejarnos para tal fin, pod\u00e9is acercaros a los dos centro de salud donde nos reunimos (Gran V\u00eda de Castell\u00f3n y P\u00edo XXII de Almassora) y dej\u00e1rselo al personal de admisi\u00f3n\/informaci\u00f3n, o venir directamente a los talleres, \u00a1futuras madres os lo agradecer\u00e1n!<\/p>\n<p style=\"text-align: left;\">Tambi\u00e9n contamos con una modesta biblioteca de consulta y pr\u00e9stamos, formada por un total de 83 libros de informaci\u00f3n, poemas y cuentos infantiles donde podr\u00e9is encontrar t\u00edtulos como los siguientes:<\/p>\n<p><\/div><div class=\"uvc-heading-spacer line_only\" style=\"topheight:3px;\"><span class=\"uvc-headings-line\" style=\"border-style:solid;border-bottom-width:3px;border-color:#f73f66;width:autopx;\"><\/span><\/div><\/div><\/div><\/div><\/div><\/div><\/div><\/div><\/div><\/div><div class=\"vc_row wpb_row vc_row-fluid\"><div class=\"wpb_column vc_column_container vc_col-sm-12\"><div class=\"vc_column-inner\"><div class=\"wpb_wrapper\"><div id=\"ultimate-heading-561769e445814f76c\" class=\"uvc-heading ult-adjust-bottom-margin ultimate-heading-561769e445814f76c uvc-4540  uvc-heading-default-font-sizes\" data-hspacer=\"line_only\"  data-halign=\"center\" style=\"text-align:center\"><div class=\"uvc-sub-heading ult-responsive\"  data-ultimate-target='.uvc-heading.ultimate-heading-561769e445814f76c .uvc-sub-heading '  data-responsive-json-new='{\"font-size\":\"\",\"line-height\":\"\"}'  style=\"font-weight:normal;\"><\/p>\n<h2 style=\"text-align: left;\"><b>LACTANCIA MATERNA<\/b><\/h2>\n<ul style=\"text-align: left;\">\n<li><b><\/b><b> \u00a0 \u00a0 \u00a0 \u00a0 <\/b><b>\u201cUn regalo para toda la vida\u201d Carlos Gonz\u00e1lez. Editorial Temas de hoy.<\/b><\/li>\n<li><b><\/b><b> \u00a0 \u00a0 \u00a0 \u00a0 <\/b><b>\u201cUn regal per a tota la vida\u201d Carlos Gonz\u00e1lez. Editorial Temas de hoy.<\/b><\/li>\n<li><b><\/b><b> \u00a0 \u00a0 \u00a0 \u00a0 <\/b><b>\u201cGu\u00eda pr\u00e1ctica para profesionales\u201d ACPAM.<\/b><\/li>\n<li><b><\/b><b> \u00a0 \u00a0 \u00a0 \u00a0 <\/b><b>\u201cLactancia materna. Gu\u00eda para profesionales\u201d Comit\u00e9 de lactancia materna de la asociaci\u00f3n espa\u00f1ola de pediatr\u00eda. Monograf\u00eda n\u00ba 5.<\/b><\/li>\n<li><b><\/b><b> \u00a0 \u00a0 \u00a0 \u00a0 <\/b><b>\u201cManual pr\u00e1ctico lactancia materna\u201d Carlos Gonzalez.\u00a0<\/b><\/li>\n<li><b><\/b><b> \u00a0 \u00a0 \u00a0 \u00a0 <\/b><b>\u201cLa magia de la leche. Historias de amor con mucho sabor\u201d. Sylvie Bernier. Editorial Casita de Paz<\/b><\/li>\n<li><b><\/b><b> \u00a0 \u00a0 \u00a0 \u00a0 <\/b><b>\u201cManual para beberse la v\u00eda l\u00e1ctea\u201d. Asociaci\u00f3n Oro blanco. Ed. cuarto centenario.<\/b><\/li>\n<li><b><\/b><b> \u00a0 \u00a0 \u00a0 \u00a0 <\/b><b>\u201cSomos la leche\u201d. Alba Padr\u00f3<\/b><\/li>\n<\/ul>\n<p style=\"text-align: left;\"><b>\u00a0<\/b><\/p>\n<h2 style=\"text-align: left;\"><b>POES\u00cdA<\/b><\/h2>\n<ul style=\"text-align: left;\">\n<li><b><\/b><b> \u00a0 \u00a0 \u00a0 \u00a0 <\/b><b>\u201cPeque\u00f1as Delicias\u201d. M\u00aa Angels Agramunt. Editorial Milenium.<\/b><\/li>\n<li><b><\/b><b> \u00a0 \u00a0 \u00a0 \u00a0 <\/b><b>\u201cDelits d\u00b4infant\u201d M\u00aa Angels Agramunt. Editorial Milenium.<\/b><\/li>\n<\/ul>\n<p style=\"text-align: left;\"><b>\u00a0<\/b><\/p>\n<h2 style=\"text-align: left;\"><b>CUENTOS<\/b><\/h2>\n<ul style=\"text-align: left;\">\n<li><b><\/b><b> \u00a0 \u00a0 \u00a0 \u00a0 <\/b><b>\u201cElla\u201d Angel Sauret. Editorial la Galera.<\/b><\/li>\n<li><b><\/b><b> \u00a0 \u00a0 \u00a0 \u00a0 <\/b><b>\u201cLas Cuatro Esquinitas\u201d. Editorial Ob Stare.<\/b><\/li>\n<li><b><\/b><b> \u00a0 \u00a0 \u00a0 \u00a0 <\/b><b>\u201cMi mam\u00e1 es un canguro\u201d. J. Benlliure\/ S. Ramirez.<\/b><\/li>\n<li><b><\/b><b> \u00a0 \u00a0 \u00a0 \u00a0 <\/b><b>\u201cDando la teta de la A la Z\u201d. Subi-Anna.<\/b><\/li>\n<li><b><\/b><b> \u00a0 \u00a0 \u00a0 \u00a0 <\/b><b>\u201cDonant el pit de l\u2019A a la Z\u201d. Subi-Anna.<\/b><\/li>\n<li><b><\/b><b> \u00a0 \u00a0 \u00a0 \u00a0 <\/b><b>\u201cGala Mi vida es un cuento\u201d. Marta Martinez.<\/b><\/li>\n<li><b><\/b><b> \u00a0 \u00a0 \u00a0 \u00a0 <\/b><b>\u201cTu, jo i el pit\u201d. M\u00f3nica Calaf.<\/b><\/li>\n<li><b><\/b><b> \u00a0 \u00a0 \u00a0 \u00a0 <\/b><b>\u201cHermanos de leche\u201d. Ibone Olza-In\u00e9s Burgos<\/b><\/li>\n<li><b><\/b><b> \u00a0 \u00a0 \u00a0 \u00a0 <\/b><b>\u201cMi mam\u00e1 es la mejor madre del mundo\u201d. Magela Ronda, con ilustraciones de Ana Zurita<\/b><\/li>\n<li><b><\/b><b> \u00a0 \u00a0 \u00a0 \u00a0 <\/b><b>\u201cN\u00e9ctar de estrellas\u201d. Nuria Vilalta de Renobales\u00a0<\/b><\/li>\n<\/ul>\n<p style=\"text-align: left;\"><b>\u00a0<\/b><\/p>\n<h2 style=\"text-align: left;\"><b>CUIDADOS DE LA\u00a0 MADRE<\/b><\/h2>\n<ul style=\"text-align: left;\">\n<li><b><\/b><b> \u00a0 \u00a0 \u00a0 \u00a0 <\/b><b>\u201cEl perin\u00e9 femenino y el parto\u201d Blandine Calais-Germain.<\/b><\/li>\n<\/ul>\n<p style=\"text-align: left;\"><b>\u00a0<\/b><\/p>\n<h2 style=\"text-align: left;\"><b>PREMATUROS<\/b><\/h2>\n<ul style=\"text-align: left;\">\n<li><b><\/b><b> \u00a0 \u00a0 \u00a0 \u00a0 <\/b><b>\u201cAntes de tiempo. Nacer muy peque\u00f1o\u201d C.Pallas. J.Cruz.<\/b><\/li>\n<\/ul>\n<p style=\"text-align: left;\"><b>\u00a0<\/b><\/p>\n<h2 style=\"text-align: left;\"><b>ALIMENTACI\u00d3N INFANTIL<\/b><\/h2>\n<ul style=\"text-align: left;\">\n<li><b><\/b><b> \u00a0 \u00a0 \u00a0 \u00a0 <\/b><b>\u201cSe me hace bola\u201d. Julio Basulto<\/b><\/li>\n<li><b><\/b><b> \u00a0 \u00a0 \u00a0 \u00a0 <\/b><b>\u201cAprender a comer s\u00f3lo\u201d. Manual sobre el m\u00e9todo BLW. Lidia Folgar<\/b><\/li>\n<li><b><\/b><b> \u00a0 \u00a0 \u00a0 \u00a0 <\/b><b>\u201cMi ni\u00f1o no me come\u201d. Carlos Gonz\u00e1lez<\/b><\/li>\n<\/ul>\n<p style=\"text-align: left;\"><b>\u00a0<\/b><\/p>\n<h2 style=\"text-align: left;\"><b>SUE\u00d1O INFANTIL-CRIANZA-MASAJE INFANTIL<\/b><\/h2>\n<ul style=\"text-align: left;\">\n<li><b><\/b><b> \u00a0 \u00a0 \u00a0 \u00a0 <\/b><b>\u201cDormir sin l\u00e1grimas\u201d Rosa Jove.<\/b><\/li>\n<li><b><\/b><b> \u00a0 \u00a0 \u00a0 \u00a0 <\/b><b>\u201cDormir sense ll\u00e0grimes\u201d Rosa Jov\u00e9.<\/b><\/li>\n<li><b><\/b><b> \u00a0 \u00a0 \u00a0 \u00a0 <\/b><b>\u201cBesame mucho\u201d Carlos Gonz\u00e1lez.<\/b><\/li>\n<li><b><\/b><b> \u00a0 \u00a0 \u00a0 \u00a0 <\/b><b>\u201cOmple\u00b4m de petons\u201d Carlos Gonz\u00e1lez.<\/b><\/li>\n<li><b><\/b><b> \u00a0 \u00a0 \u00a0 \u00a0 <\/b><b>\u201cXantala. El massatge dels infants\u201d.<\/b><\/li>\n<li><b><\/b><b> \u00a0 \u00a0 \u00a0 \u00a0 <\/b><b>\u201cDonde est\u00e1 mi tribu. Maternidad y crianza en una sociedad individualista\u201d. Carolina Del Olmo.<\/b><\/li>\n<li><b><\/b><b> \u00a0 \u00a0 \u00a0 \u00a0 <\/b><b>\u201cSoy pap\u00e1\u201d Armando Bastida<\/b><\/li>\n<li><b><\/b><b> \u00a0 \u00a0 \u00a0 \u00a0 <\/b><b>\u201cEl poder de las caricias\u201d, Adolfo G\u00f3mez Papi.<\/b><\/li>\n<li><b><\/b><b> \u00a0 \u00a0 \u00a0 \u00a0 <\/b><b>\u201cT\u00fa eres la mejor madre del mundo\u201d Jos\u00e9 Mar\u00eda Par\u00edcio<\/b><\/li>\n<\/ul>\n<p style=\"text-align: left;\"><b>\u00a0<\/b><\/p>\n<h2 style=\"text-align: left;\"><b>VARIOS<\/b><\/h2>\n<ul>\n<li style=\"text-align: left;\"><b><\/b><b> \u00a0 \u00a0 \u00a0 \u00a0 <\/b><b>\u201cLa maternidad y el encuentro con la propia sombra\u201d Laura Gutman.<\/b><\/li>\n<li style=\"text-align: left;\"><b><\/b><b> \u00a0 \u00a0 \u00a0 \u00a0 <\/b><b>\u201cSu sorprendente reci\u00e9n nacido\u201d Marshall H. Klaus.<\/b><\/li>\n<li style=\"text-align: left;\"><b><\/b><b> \u00a0 \u00a0 \u00a0 \u00a0 <\/b><b>\u201cEntre tu pediatra y t\u00fa\u201d Carlos Gonz\u00e1lez.<\/b><\/li>\n<li style=\"text-align: left;\"><b><\/b><b> \u00a0 \u00a0 \u00a0 \u00a0 <\/b><b>\u201cUna posibilidad entre mil\u201d C. Duran \u00a0 M.A. Giner.<\/b><\/li>\n<li style=\"text-align: left;\"><b><\/b><b> \u00a0 \u00a0 \u00a0 \u00a0 <\/b><b>\u201cOxitocina\u201d Kertin Uvn\u00e4s Moberg.<\/b><\/li>\n<li style=\"text-align: left;\"><b><\/b><b> \u00a0 \u00a0 \u00a0 \u00a0 <\/b><b>\u201c\u00bfNacer por ces\u00e1rea?\u201d\u00a0 Ibone Olza.<\/b><\/li>\n<li style=\"text-align: left;\"><b><\/b><b> \u00a0 \u00a0 \u00a0 \u00a0 <\/b><b>\u201cEl beb\u00e9 es un mam\u00edfero\u201d Dr. Michel Odent.<\/b><\/li>\n<li style=\"text-align: left;\"><b><\/b><b> \u00a0 \u00a0 \u00a0 \u00a0 <\/b><b>\u201cLa revoluci\u00f3n del nacimiento\u201d Isabel Fern\u00e1ndez<\/b><\/li>\n<\/ul>\n<p><\/div><div class=\"uvc-heading-spacer line_only\" style=\"topheight:3px;\"><span class=\"uvc-headings-line\" style=\"border-style:solid;border-bottom-width:3px;border-color:#f73f66;width:autopx;\"><\/span><\/div><\/div><\/div><\/div><\/div><\/div>\n","protected":false},"excerpt":{"rendered":"<p>PR\u00c9STAMO DE MATERIAL Durante cualquiera de nuestros talleres pod\u00e9is preguntar por el material que precis\u00e9is para vuestras lactancias. Si necesit\u00e1is alg\u00fan apoyo t\u00e9cnico (sacaleches, pezoneras, relactadores, etc.) podr\u00e9is contar con nuestra experiencia personal y ayuda para su utilizaci\u00f3n. Y si ten\u00e9is por casa material que quer\u00e1is dejarnos para tal fin, pod\u00e9is acercaros a los dos&hellip;<\/p>\n","protected":false},"author":1,"featured_media":0,"parent":0,"menu_order":25,"comment_status":"closed","ping_status":"closed","template":"","meta":{"footnotes":""},"yoast_head":"<!-- This site is optimized with the Yoast SEO plugin v20.1 - https:\/\/yoast.com\/wordpress\/plugins\/seo\/ -->\n<title>Pr\u00e9stamos de Material - Mamare<\/title>\n<meta name=\"robots\" content=\"index, follow, max-snippet:-1, max-image-preview:large, max-video-preview:-1\" \/>\n<link rel=\"canonical\" href=\"https:\/\/mamare.es\/es_es\/prestamos-de-material\/\" \/>\n<meta property=\"og:locale\" content=\"es_ES\" \/>\n<meta property=\"og:type\" content=\"article\" \/>\n<meta property=\"og:title\" content=\"Pr\u00e9stamos de Material - Mamare\" \/>\n<meta property=\"og:url\" content=\"https:\/\/mamare.es\/es_es\/prestamos-de-material\/\" \/>\n<meta property=\"og:site_name\" content=\"Mamare\" \/>\n<meta property=\"article:modified_time\" content=\"2020-04-06T10:47:26+00:00\" \/>\n<meta name=\"twitter:card\" content=\"summary_large_image\" \/>\n<meta name=\"twitter:label1\" content=\"Tiempo de lectura\" \/>\n\t<meta name=\"twitter:data1\" content=\"4 minutos\" \/>\n<script type=\"application\/ld+json\" class=\"yoast-schema-graph\">{\"@context\":\"https:\/\/schema.org\",\"@graph\":[{\"@type\":\"WebPage\",\"@id\":\"https:\/\/mamare.es\/ca\/prestamos-de-material\/\",\"url\":\"https:\/\/mamare.es\/ca\/prestamos-de-material\/\",\"name\":\"Pr\u00e9stamos de Material - Mamare\",\"isPartOf\":{\"@id\":\"https:\/\/mamare.es\/#website\"},\"datePublished\":\"2020-02-17T13:44:17+00:00\",\"dateModified\":\"2020-04-06T10:47:26+00:00\",\"breadcrumb\":{\"@id\":\"https:\/\/mamare.es\/ca\/prestamos-de-material\/#breadcrumb\"},\"inLanguage\":\"es\",\"potentialAction\":[{\"@type\":\"ReadAction\",\"target\":[\"https:\/\/mamare.es\/ca\/prestamos-de-material\/\"]}]},{\"@type\":\"BreadcrumbList\",\"@id\":\"https:\/\/mamare.es\/ca\/prestamos-de-material\/#breadcrumb\",\"itemListElement\":[{\"@type\":\"ListItem\",\"position\":1,\"name\":\"Portada\",\"item\":\"https:\/\/mamare.es\/\"},{\"@type\":\"ListItem\",\"position\":2,\"name\":\"Pr\u00e9stamos de Material\"}]},{\"@type\":\"WebSite\",\"@id\":\"https:\/\/mamare.es\/#website\",\"url\":\"https:\/\/mamare.es\/\",\"name\":\"Mamare\",\"description\":\"Apoyo Madre a Madre\",\"potentialAction\":[{\"@type\":\"SearchAction\",\"target\":{\"@type\":\"EntryPoint\",\"urlTemplate\":\"https:\/\/mamare.es\/?s={search_term_string}\"},\"query-input\":\"required name=search_term_string\"}],\"inLanguage\":\"es\"}]}<\/script>\n<!-- \/ Yoast SEO plugin. -->","yoast_head_json":{"title":"Pr\u00e9stamos de Material - Mamare","robots":{"index":"index","follow":"follow","max-snippet":"max-snippet:-1","max-image-preview":"max-image-preview:large","max-video-preview":"max-video-preview:-1"},"canonical":"https:\/\/mamare.es\/es_es\/prestamos-de-material\/","og_locale":"es_ES","og_type":"article","og_title":"Pr\u00e9stamos de Material - Mamare","og_url":"https:\/\/mamare.es\/es_es\/prestamos-de-material\/","og_site_name":"Mamare","article_modified_time":"2020-04-06T10:47:26+00:00","twitter_card":"summary_large_image","twitter_misc":{"Tiempo de lectura":"4 minutos"},"schema":{"@context":"https:\/\/schema.org","@graph":[{"@type":"WebPage","@id":"https:\/\/mamare.es\/ca\/prestamos-de-material\/","url":"https:\/\/mamare.es\/ca\/prestamos-de-material\/","name":"Pr\u00e9stamos de Material - Mamare","isPartOf":{"@id":"https:\/\/mamare.es\/#website"},"datePublished":"2020-02-17T13:44:17+00:00","dateModified":"2020-04-06T10:47:26+00:00","breadcrumb":{"@id":"https:\/\/mamare.es\/ca\/prestamos-de-material\/#breadcrumb"},"inLanguage":"es","potentialAction":[{"@type":"ReadAction","target":["https:\/\/mamare.es\/ca\/prestamos-de-material\/"]}]},{"@type":"BreadcrumbList","@id":"https:\/\/mamare.es\/ca\/prestamos-de-material\/#breadcrumb","itemListElement":[{"@type":"ListItem","position":1,"name":"Portada","item":"https:\/\/mamare.es\/"},{"@type":"ListItem","position":2,"name":"Pr\u00e9stamos de Material"}]},{"@type":"WebSite","@id":"https:\/\/mamare.es\/#website","url":"https:\/\/mamare.es\/","name":"Mamare","description":"Apoyo Madre a Madre","potentialAction":[{"@type":"SearchAction","target":{"@type":"EntryPoint","urlTemplate":"https:\/\/mamare.es\/?s={search_term_string}"},"query-input":"required name=search_term_string"}],"inLanguage":"es"}]}},"_links":{"self":[{"href":"https:\/\/mamare.es\/es_es\/wp-json\/wp\/v2\/pages\/2489"}],"collection":[{"href":"https:\/\/mamare.es\/es_es\/wp-json\/wp\/v2\/pages"}],"about":[{"href":"https:\/\/mamare.es\/es_es\/wp-json\/wp\/v2\/types\/page"}],"author":[{"embeddable":true,"href":"https:\/\/mamare.es\/es_es\/wp-json\/wp\/v2\/users\/1"}],"replies":[{"embeddable":true,"href":"https:\/\/mamare.es\/es_es\/wp-json\/wp\/v2\/comments?post=2489"}],"version-history":[{"count":10,"href":"https:\/\/mamare.es\/es_es\/wp-json\/wp\/v2\/pages\/2489\/revisions"}],"predecessor-version":[{"id":2834,"href":"https:\/\/mamare.es\/es_es\/wp-json\/wp\/v2\/pages\/2489\/revisions\/2834"}],"wp:attachment":[{"href":"https:\/\/mamare.es\/es_es\/wp-json\/wp\/v2\/media?parent=2489"}],"curies":[{"name":"wp","href":"https:\/\/api.w.org\/{rel}","templated":true}]}}