{"id":2802,"date":"2020-03-18T13:42:47","date_gmt":"2020-03-18T12:42:47","guid":{"rendered":"http:\/\/mamare.lanzaderacreativa.com\/?page_id=2802"},"modified":"2026-01-13T11:18:15","modified_gmt":"2026-01-13T10:18:15","slug":"programacion-anual","status":"publish","type":"page","link":"https:\/\/mamare.es\/es_es\/programacion-anual\/","title":{"rendered":"Programaci\u00f3n anual"},"content":{"rendered":"<div data-vc-full-width=\"true\" data-vc-full-width-init=\"false\" data-vc-stretch-content=\"true\" class=\"vc_row wpb_row vc_row-fluid vc_custom_1589136558170 vc_row-no-padding vc_row-o-content-middle vc_row-flex\"><div class=\"wpb_column vc_column_container vc_col-sm-6\"><div class=\"vc_column-inner\"><div class=\"wpb_wrapper\"><div class=\"vc_row wpb_row vc_inner vc_row-fluid\"><div class=\"wpb_column vc_column_container vc_col-sm-3\"><div class=\"vc_column-inner\"><div class=\"wpb_wrapper\"><div class=\"vc_icon_element vc_icon_element-outer vc_icon_element-align-center\"><div class=\"vc_icon_element-inner vc_icon_element-color-white vc_icon_element-size-lg vc_icon_element-style- vc_icon_element-background-color-grey\" ><span class=\"vc_icon_element-icon fas fa-users\" ><\/span><\/div><\/div><\/div><\/div><\/div><div class=\"wpb_column vc_column_container vc_col-sm-9\"><div class=\"vc_column-inner\"><div class=\"wpb_wrapper\"><h1 style=\"color: #ffffff;text-align: center\" class=\"vc_custom_heading\" >GRUPOS Y TALLERES ON-LINE<\/h1><\/div><\/div><\/div><\/div><\/div><\/div><\/div><div class=\"wpb_column vc_column_container vc_col-sm-6\"><div class=\"vc_column-inner\"><div class=\"wpb_wrapper\">\n\t<div  class=\"wpb_single_image wpb_content_element vc_align_center  vc_custom_1589140736953\">\n\t\t\n\t\t<figure class=\"wpb_wrapper vc_figure\">\n\t\t\t<div class=\"vc_single_image-wrapper   vc_box_border_grey\"><img class=\"vc_single_image-img \" src=\"https:\/\/mamare.es\/wp-content\/uploads\/2020\/05\/logo-meet-100x100.png\" width=\"100\" height=\"100\" alt=\"logo meet\" title=\"logo meet\"  data-dt-location=\"https:\/\/mamare.es\/es_es\/home-2\/logo-meet\/\" \/><\/div>\n\t\t<\/figure>\n\t<\/div>\n<div id=\"modal-trg-txt-wrap-5372\" class=\"ult-modal-input-wrapper ult-adjust-bottom-margin    \" data-keypress-control=\"keypress-control-enable\" data-overlay-control=\"overlay-control-enable\"><style>\n\t\t\t\t\t.btn-modal.btn-id-69e459c0c94e73-86262630:hover {\n\t\t\t\t\t\tbackground-color: #ffc624 !important;\n\t\t\t\t\t}\n\t\t\t\t\t<\/style><button  data-ultimate-target='#modal-trg-txt-wrap-5372 .btn-modal'  data-responsive-json-new='{\"font-size\":\"\",\"line-height\":\"\"}'  style=\"background:#3980bf;border-color:#3980bf;color:#FFFFFF; \" data-class-id=\"content-69e459c0c94e73-86262630\" class=\"btn-modal ult-responsive btn-primary btn-modal-lg overlay-show ult-align-center btn-id-69e459c0c94e73-86262630\" data-overlay-class=\"overlay-cornerbottomright\">QUIERO UNIRME A LA REUNI\u00d3N<\/button><\/div>\n<div class=\"ult-overlay content-69e459c0c94e73-86262630 \" data-class=\"content-69e459c0c94e73-86262630\" id=\"button-click-overlay\" style=\"background:rgba(51,51,51,0.8); display:none;\">\n\t<div class=\"ult_modal ult-fade ult-block\">\n\t\t<div id=\"ult-modal-wrap-5956\" class=\"ult_modal-content ult-hide\" style=\"border-style:solid;border-width:2px;border-radius:0px;border-color:#333333;\">\n\t\t\t<div  data-ultimate-target='#ult-modal-wrap-5956 .ult_modal-body'  data-responsive-json-new='{\"font-size\":\"\",\"line-height\":\"\"}'  class=\"ult_modal-body ult-responsive ult-html\" style=\"\">\n\t\t\t<span style=\"font-weight: 400;\"><img decoding=\"async\" loading=\"lazy\" class=\" wp-image-2277 aligncenter\" src=\"https:\/\/mamare.es\/wp-content\/uploads\/2019\/06\/Logo-nuevo-02-300x278.png\" alt=\"\" width=\"153\" height=\"142\" srcset=\"https:\/\/mamare.es\/wp-content\/uploads\/2019\/06\/Logo-nuevo-02-300x278.png 300w, https:\/\/mamare.es\/wp-content\/uploads\/2019\/06\/Logo-nuevo-02-768x711.png 768w, https:\/\/mamare.es\/wp-content\/uploads\/2019\/06\/Logo-nuevo-02-1024x948.png 1024w, https:\/\/mamare.es\/wp-content\/uploads\/2019\/06\/Logo-nuevo-02.png 1283w\" sizes=\"(max-width: 153px) 100vw, 153px\" \/><\/span><\/p>\n<ul>\n<li><span style=\"font-weight: 400;\">Se mantiene el horario que ya estaba programado. Consultad <a href=\"https:\/\/mamare.es\/wp-content\/uploads\/2023\/01\/programacio-valencia-2023.pdf\">aqu\u00ed<\/a> la programaci\u00f3n.<\/span><\/li>\n<li style=\"font-weight: 400;\"><span style=\"font-weight: 400;\">Pod\u00e9is descargar la app (meet) en los siguientes enlaces para <a href=\"https:\/\/apps.apple.com\/es\/app\/google-meet\/id1013231476\">iOS (Iphone) <\/a><\/span>y <a href=\"https:\/\/play.google.com\/store\/apps\/details?id=com.google.android.apps.meetings&amp;gl=ES\" target=\"_blank\" rel=\"noopener noreferrer\">Android<\/a><\/li>\n<li style=\"font-weight: 400;\"><span style=\"font-weight: 400;\">Por favor, <strong>desactivad el micr\u00f3fono si no dese\u00e1is hablar<\/strong> y <strong>activadlo cuando dese\u00e9is hacerlo<\/strong>.<\/span><\/li>\n<\/ul>\n<h3 style=\"text-align: center;\"><span style=\"color: #f83862;\"><a style=\"color: #f83862;\" href=\"https:\/\/cutt.ly\/oWdXAAd\">Unirme a la Reuni\u00f3n<\/a><\/span><\/h3>\n<p>\n\t\t\t<\/div>\n\t<\/div>\n\t<\/div>\n\t<div class=\"ult-overlay-close top-right\" style=\"width:30px;height:30px; background-color: #f83862;border-radius: 50%;padding:10px;box-sizing: content-box;\"><div class=\"ult-overlay-close-inside\">Close<\/div><\/div>\n<\/div><\/div><\/div><\/div><\/div><div class=\"vc_row-full-width vc_clearfix\"><\/div><!-- Row Backgrounds --><div class=\"upb_color\" data-bg-override=\"0\" data-bg-color=\"#f83862\" data-fadeout=\"\" data-fadeout-percentage=\"30\" data-parallax-content=\"\" data-parallax-content-sense=\"30\" data-row-effect-mobile-disable=\"true\" data-img-parallax-mobile-disable=\"true\" data-rtl=\"false\"  data-custom-vc-row=\"\"  data-vc=\"6.1\"  data-is_old_vc=\"\"  data-theme-support=\"\"   data-overlay=\"false\" data-overlay-color=\"\" data-overlay-pattern=\"\" data-overlay-pattern-opacity=\"\" data-overlay-pattern-size=\"\"    ><\/div><div class=\"vc_row wpb_row vc_row-fluid\"><div class=\"wpb_column vc_column_container vc_col-sm-12\"><div class=\"vc_column-inner\"><div class=\"wpb_wrapper\">\n\t<div class=\"wpb_text_column wpb_content_element \" >\n\t\t<div class=\"wpb_wrapper\">\n\t\t\t\n\t\t<\/div>\n\t<\/div>\n<\/div><\/div><\/div><\/div><div class=\"vc_row wpb_row vc_row-fluid vc_custom_1529516549373 vc_row-o-equal-height vc_row-o-content-middle vc_row-flex\"><div class=\"wpb_column vc_column_container vc_col-sm-12 vc_col-lg-offset-2 vc_col-lg-8 vc_col-md-offset-1 vc_col-md-10\" id=\"grupos\"><div class=\"vc_column-inner\"><div class=\"wpb_wrapper\"><div id=\"ultimate-heading-193369e459c0c9eeb\" class=\"uvc-heading ult-adjust-bottom-margin ultimate-heading-193369e459c0c9eeb uvc-5584 accent-border-color\" data-hspacer=\"line_only\"  data-halign=\"left\" style=\"text-align:left\"><div class=\"uvc-main-heading ult-responsive\"  data-ultimate-target='.uvc-heading.ultimate-heading-193369e459c0c9eeb h2'  data-responsive-json-new='{\"font-size\":\"desktop:30px;tablet_portrait:30px;\",\"line-height\":\"tablet_portrait:40px;\"}' ><h2 style=\"font-weight:bold;margin-bottom:10px;\">Programaci\u00f3n<\/h2><\/div><div class=\"uvc-heading-spacer line_only\" style=\"margin-bottom:40px;height:5px;\"><span class=\"uvc-headings-line\" style=\"border-style:solid;border-bottom-width:5px;border-color:;width:120px;\"><\/span><\/div><\/div><\/div><\/div><\/div><\/div><div class=\"vc_row wpb_row vc_row-fluid vc_custom_1584531170550\"><div class=\"wpb_column vc_column_container vc_col-sm-12\"><div class=\"vc_column-inner\"><div class=\"wpb_wrapper\">\n\t<div  class=\"wpb_single_image wpb_content_element vc_align_center\">\n\t\t\n\t\t<figure class=\"wpb_wrapper vc_figure\">\n\t\t\t<a href=\"https:\/\/mamare.es\/wp-content\/uploads\/2026\/01\/programacion2026-castellano-vertical-600x1024.jpg\" target=\"_blank\"  class=\"vc_single_image-wrapper   vc_box_border_grey rollover\" data-large_image_width=\"1499\" data-large_image_height = \"2560\"     ><img width=\"1499\" height=\"2560\" src=\"https:\/\/mamare.es\/wp-content\/uploads\/2026\/01\/programacion2026-castellano-vertical-scaled.jpg\" class=\"vc_single_image-img attachment-full\" alt=\"\" decoding=\"async\" loading=\"lazy\" srcset=\"https:\/\/mamare.es\/wp-content\/uploads\/2026\/01\/programacion2026-castellano-vertical-scaled.jpg 1499w, https:\/\/mamare.es\/wp-content\/uploads\/2026\/01\/programacion2026-castellano-vertical-176x300.jpg 176w, https:\/\/mamare.es\/wp-content\/uploads\/2026\/01\/programacion2026-castellano-vertical-600x1024.jpg 600w, https:\/\/mamare.es\/wp-content\/uploads\/2026\/01\/programacion2026-castellano-vertical-768x1311.jpg 768w, https:\/\/mamare.es\/wp-content\/uploads\/2026\/01\/programacion2026-castellano-vertical-900x1536.jpg 900w, https:\/\/mamare.es\/wp-content\/uploads\/2026\/01\/programacion2026-castellano-vertical-1199x2048.jpg 1199w, https:\/\/mamare.es\/wp-content\/uploads\/2026\/01\/programacion2026-castellano-vertical-7x12.jpg 7w\" sizes=\"(max-width: 1499px) 100vw, 1499px\"  data-dt-location=\"https:\/\/mamare.es\/es_es\/programacion2026-castellano-vertical\/\" \/><\/a>\n\t\t<\/figure>\n\t<\/div>\n<\/div><\/div><\/div><\/div><div class=\"vc_row wpb_row vc_row-fluid vc_custom_1583081259803 vc_row-o-equal-height vc_row-o-content-middle vc_row-flex\"><div class=\"wpb_column vc_column_container vc_col-sm-12 vc_col-lg-offset-2 vc_col-lg-8 vc_col-md-offset-1 vc_col-md-10\"><div class=\"vc_column-inner\"><div class=\"wpb_wrapper\"><h2 style=\"text-align: center\" class=\"vc_custom_heading\" ><a href=\"https:\/\/mamare.es\/wp-content\/uploads\/2026\/01\/programacio-2026-castellano-vertical.pdf\" target=\" _blank\">Descargar nuestra programaci\u00f3n Anual<\/a><\/h2><\/div><\/div><\/div><\/div><div class=\"vc_row wpb_row vc_row-fluid\"><div class=\"wpb_column vc_column_container vc_col-sm-12\"><div class=\"vc_column-inner\"><div class=\"wpb_wrapper\">\n\t<div class=\"wpb_text_column wpb_content_element \" >\n\t\t<div class=\"wpb_wrapper\">\n\t\t\t\n\t\t<\/div>\n\t<\/div>\n<\/div><\/div><\/div><\/div><div id=\"grupos_castellon\" data-vc-full-width=\"true\" data-vc-full-width-init=\"false\" data-vc-stretch-content=\"true\" class=\"vc_row wpb_row vc_row-fluid vc_custom_1584012135179\"><div class=\"wpb_column vc_column_container vc_col-sm-12\"><div class=\"vc_column-inner\"><div class=\"wpb_wrapper\"><h2 style=\"color: #ffffff;text-align: center\" class=\"vc_custom_heading\" >Nos encontrar\u00e9is todos los lunes, de 17\u201930h a 19\u201930h en Castell\u00f3n, en el Centro de Salud Gran V\u00eda<\/h2><\/div><\/div><\/div><\/div><div class=\"vc_row-full-width vc_clearfix\"><\/div><!-- Row Backgrounds --><div class=\"upb_grad\" data-grad=\"background: -webkit-gradient(linear, left top, left bottom, color-stop(0%, #AD2D71), color-stop(100%, #392B7E));background: -moz-linear-gradient(left,#AD2D71 0%,#392B7E 100%);background: -webkit-linear-gradient(left,#AD2D71 0%,#392B7E 100%);background: -o-linear-gradient(left,#AD2D71 0%,#392B7E 100%);background: -ms-linear-gradient(left,#AD2D71 0%,#392B7E 100%);background: linear-gradient(left,#AD2D71 0%,#392B7E 100%);\" data-bg-override=\"0\" data-upb-overlay-color=\"\" data-upb-bg-animation=\"\" data-fadeout=\"\" data-fadeout-percentage=\"30\" data-parallax-content=\"\" data-parallax-content-sense=\"30\" data-row-effect-mobile-disable=\"true\" data-img-parallax-mobile-disable=\"true\" data-rtl=\"false\"  data-custom-vc-row=\"\"  data-vc=\"6.1\"  data-is_old_vc=\"\"  data-theme-support=\"\"   data-overlay=\"false\" data-overlay-color=\"\" data-overlay-pattern=\"\" data-overlay-pattern-opacity=\"\" data-overlay-pattern-size=\"\"    ><\/div><div class=\"vc_row wpb_row vc_row-fluid vc_custom_1529516563909 vc_row-o-equal-height vc_row-o-content-middle vc_row-flex\"><div class=\"wpb_column vc_column_container vc_col-sm-12\"><div class=\"vc_column-inner\"><div class=\"wpb_wrapper\"><div class=\"vc_row wpb_row vc_inner vc_row-fluid\"><div class=\"wpb_column vc_column_container vc_col-sm-12\"><div class=\"vc_column-inner\"><div class=\"wpb_wrapper\"><div class=\"wpb_gmaps_widget wpb_content_element\"><div class=\"wpb_wrapper\"><div class=\"wpb_map_wraper\"><iframe src=\"https:\/\/www.google.com\/maps\/embed?pb=!1m14!1m8!1m3!1d3057.313285480033!2d-0.0545867!3d39.9791037!3m2!1i1024!2i768!4f13.1!3m3!1m2!1s0xd5ffe21afca7ffb%3A0x4e939e56529970b0!2sCentre%20de%20Salut%20Gran%20Via!5e0!3m2!1ses!2ses!4v1581663485385!5m2!1ses!2ses\" width=\"1000\" height=\"500\" frameborder=\"0\" style=\"border:0;\" allowfullscreen=\"\"><\/iframe><\/div><\/div><\/div><\/div><\/div><\/div><\/div><\/div><\/div><\/div><\/div><div id=\"grupos_almazora\" data-vc-full-width=\"true\" data-vc-full-width-init=\"false\" data-vc-stretch-content=\"true\" class=\"vc_row wpb_row vc_row-fluid vc_custom_1584012123553\"><div class=\"wpb_column vc_column_container vc_col-sm-12\"><div class=\"vc_column-inner\"><div class=\"wpb_wrapper\"><h2 style=\"color: #ffffff;text-align: center\" class=\"vc_custom_heading\" >y dos viernes al mes de 10h a 12h, en Almazora, en el Centro de Salud Pio XII<\/h2><\/div><\/div><\/div><\/div><div class=\"vc_row-full-width vc_clearfix\"><\/div><!-- Row Backgrounds --><div class=\"upb_grad\" data-grad=\"background: -webkit-gradient(linear, left top, left bottom, color-stop(0%, #AD2D71), color-stop(100%, #392B7E));background: -moz-linear-gradient(left,#AD2D71 0%,#392B7E 100%);background: -webkit-linear-gradient(left,#AD2D71 0%,#392B7E 100%);background: -o-linear-gradient(left,#AD2D71 0%,#392B7E 100%);background: -ms-linear-gradient(left,#AD2D71 0%,#392B7E 100%);background: linear-gradient(left,#AD2D71 0%,#392B7E 100%);\" data-bg-override=\"0\" data-upb-overlay-color=\"\" data-upb-bg-animation=\"\" data-fadeout=\"\" data-fadeout-percentage=\"30\" data-parallax-content=\"\" data-parallax-content-sense=\"30\" data-row-effect-mobile-disable=\"true\" data-img-parallax-mobile-disable=\"true\" data-rtl=\"false\"  data-custom-vc-row=\"\"  data-vc=\"6.1\"  data-is_old_vc=\"\"  data-theme-support=\"\"   data-overlay=\"false\" data-overlay-color=\"\" data-overlay-pattern=\"\" data-overlay-pattern-opacity=\"\" data-overlay-pattern-size=\"\"    ><\/div><div class=\"vc_row wpb_row vc_row-fluid vc_custom_1581664360388 vc_row-o-equal-height vc_row-o-content-middle vc_row-flex\"><div class=\"wpb_column vc_column_container vc_col-sm-12\"><div class=\"vc_column-inner\"><div class=\"wpb_wrapper\"><div class=\"vc_row wpb_row vc_inner vc_row-fluid\"><div class=\"wpb_column vc_column_container vc_col-sm-12\"><div class=\"vc_column-inner\"><div class=\"wpb_wrapper\">\n\t<div class=\"wpb_text_column wpb_content_element \" >\n\t\t<div class=\"wpb_wrapper\">\n\t\t\t<p><span style=\"font-weight: 400;\">Habitualmente segundo y cuarto <\/span><b>(ver <a href=\"https:\/\/mamare.es\/wp-content\/uploads\/2026\/01\/programacio-2026-castellano-vertical.pdf\" target=\"_blank\" rel=\"noopener noreferrer\">programaci\u00f3n<\/a><\/b><span style=\"font-weight: 400;\">),\u00a0<\/span><span style=\"font-weight: 400;\">Recomendamos consultar calendario de fechas y horario en periodos vacacionales (pueden variar hora y\/o no haber grupo)<\/span><\/p>\n\n\t\t<\/div>\n\t<\/div>\n<\/div><\/div><\/div><\/div><\/div><\/div><\/div><\/div><div class=\"vc_row wpb_row vc_row-fluid vc_custom_1581664418716 vc_row-o-equal-height vc_row-o-content-middle vc_row-flex\"><div class=\"wpb_column vc_column_container vc_col-sm-12\"><div class=\"vc_column-inner\"><div class=\"wpb_wrapper\"><div class=\"vc_row wpb_row vc_inner vc_row-fluid\"><div class=\"wpb_column vc_column_container vc_col-sm-12\"><div class=\"vc_column-inner\"><div class=\"wpb_wrapper\"><div class=\"wpb_gmaps_widget wpb_content_element\"><div class=\"wpb_wrapper\"><div class=\"wpb_map_wraper\"><iframe src=\"https:\/\/www.google.com\/maps\/embed?pb=!1m14!1m8!1m3!1d3058.579485270337!2d-0.06876181139221504!3d39.95079492487435!3m2!1i1024!2i768!4f13.1!3m3!1m2!1s0xd6000ce10158993%3A0x334ef64f2d989df4!2sCentro%20Salud%20Pio%20Xii%20Almassora!5e0!3m2!1ses!2ses!4v1581664010645!5m2!1ses!2ses\" width=\"1000\" height=\"500\" frameborder=\"0\" style=\"border:0;\" allowfullscreen=\"\"><\/iframe><\/div><\/div><\/div><\/div><\/div><\/div><\/div><\/div><\/div><\/div><\/div>\n","protected":false},"excerpt":{"rendered":"<p>GRUPOS Y TALLERES ON-LINE QUIERO UNIRME A LA REUNI\u00d3N Se mantiene el horario que ya estaba programado. Consultad aqu\u00ed la programaci\u00f3n. Pod\u00e9is descargar la app (meet) en los siguientes enlaces para iOS (Iphone) y Android Por favor, desactivad el micr\u00f3fono si no dese\u00e1is hablar y activadlo cuando dese\u00e9is hacerlo. Unirme a la Reuni\u00f3n Close Programaci\u00f3n&hellip;<\/p>\n","protected":false},"author":1,"featured_media":0,"parent":0,"menu_order":5,"comment_status":"closed","ping_status":"closed","template":"","meta":{"footnotes":""},"yoast_head":"<!-- This site is optimized with the Yoast SEO plugin v20.1 - https:\/\/yoast.com\/wordpress\/plugins\/seo\/ -->\n<title>Programaci\u00f3n anual - Mamare<\/title>\n<meta name=\"robots\" content=\"index, follow, max-snippet:-1, max-image-preview:large, max-video-preview:-1\" \/>\n<link rel=\"canonical\" href=\"https:\/\/mamare.es\/es_es\/programacion-anual\/\" \/>\n<meta property=\"og:locale\" content=\"es_ES\" \/>\n<meta property=\"og:type\" content=\"article\" \/>\n<meta property=\"og:title\" content=\"Programaci\u00f3n anual - Mamare\" \/>\n<meta property=\"og:url\" content=\"https:\/\/mamare.es\/es_es\/programacion-anual\/\" \/>\n<meta property=\"og:site_name\" content=\"Mamare\" \/>\n<meta property=\"article:modified_time\" content=\"2026-01-13T10:18:15+00:00\" \/>\n<meta property=\"og:image\" content=\"https:\/\/mamare.es\/wp-content\/uploads\/2019\/06\/Logo-nuevo-02-300x278.png\" \/>\n<meta name=\"twitter:card\" content=\"summary_large_image\" \/>\n<meta name=\"twitter:label1\" content=\"Tiempo de lectura\" \/>\n\t<meta name=\"twitter:data1\" content=\"2 minutos\" \/>\n<script type=\"application\/ld+json\" class=\"yoast-schema-graph\">{\"@context\":\"https:\/\/schema.org\",\"@graph\":[{\"@type\":\"WebPage\",\"@id\":\"https:\/\/mamare.es\/programacion-anual\/\",\"url\":\"https:\/\/mamare.es\/programacion-anual\/\",\"name\":\"Programaci\u00f3n anual - Mamare\",\"isPartOf\":{\"@id\":\"https:\/\/mamare.es\/#website\"},\"datePublished\":\"2020-03-18T12:42:47+00:00\",\"dateModified\":\"2026-01-13T10:18:15+00:00\",\"breadcrumb\":{\"@id\":\"https:\/\/mamare.es\/programacion-anual\/#breadcrumb\"},\"inLanguage\":\"es\",\"potentialAction\":[{\"@type\":\"ReadAction\",\"target\":[\"https:\/\/mamare.es\/programacion-anual\/\"]}]},{\"@type\":\"BreadcrumbList\",\"@id\":\"https:\/\/mamare.es\/programacion-anual\/#breadcrumb\",\"itemListElement\":[{\"@type\":\"ListItem\",\"position\":1,\"name\":\"Portada\",\"item\":\"https:\/\/mamare.es\/\"},{\"@type\":\"ListItem\",\"position\":2,\"name\":\"Programaci\u00f3n anual\"}]},{\"@type\":\"WebSite\",\"@id\":\"https:\/\/mamare.es\/#website\",\"url\":\"https:\/\/mamare.es\/\",\"name\":\"Mamare\",\"description\":\"Apoyo Madre a Madre\",\"potentialAction\":[{\"@type\":\"SearchAction\",\"target\":{\"@type\":\"EntryPoint\",\"urlTemplate\":\"https:\/\/mamare.es\/?s={search_term_string}\"},\"query-input\":\"required name=search_term_string\"}],\"inLanguage\":\"es\"}]}<\/script>\n<!-- \/ Yoast SEO plugin. -->","yoast_head_json":{"title":"Programaci\u00f3n anual - Mamare","robots":{"index":"index","follow":"follow","max-snippet":"max-snippet:-1","max-image-preview":"max-image-preview:large","max-video-preview":"max-video-preview:-1"},"canonical":"https:\/\/mamare.es\/es_es\/programacion-anual\/","og_locale":"es_ES","og_type":"article","og_title":"Programaci\u00f3n anual - Mamare","og_url":"https:\/\/mamare.es\/es_es\/programacion-anual\/","og_site_name":"Mamare","article_modified_time":"2026-01-13T10:18:15+00:00","og_image":[{"url":"https:\/\/mamare.es\/wp-content\/uploads\/2019\/06\/Logo-nuevo-02-300x278.png"}],"twitter_card":"summary_large_image","twitter_misc":{"Tiempo de lectura":"2 minutos"},"schema":{"@context":"https:\/\/schema.org","@graph":[{"@type":"WebPage","@id":"https:\/\/mamare.es\/programacion-anual\/","url":"https:\/\/mamare.es\/programacion-anual\/","name":"Programaci\u00f3n anual - Mamare","isPartOf":{"@id":"https:\/\/mamare.es\/#website"},"datePublished":"2020-03-18T12:42:47+00:00","dateModified":"2026-01-13T10:18:15+00:00","breadcrumb":{"@id":"https:\/\/mamare.es\/programacion-anual\/#breadcrumb"},"inLanguage":"es","potentialAction":[{"@type":"ReadAction","target":["https:\/\/mamare.es\/programacion-anual\/"]}]},{"@type":"BreadcrumbList","@id":"https:\/\/mamare.es\/programacion-anual\/#breadcrumb","itemListElement":[{"@type":"ListItem","position":1,"name":"Portada","item":"https:\/\/mamare.es\/"},{"@type":"ListItem","position":2,"name":"Programaci\u00f3n anual"}]},{"@type":"WebSite","@id":"https:\/\/mamare.es\/#website","url":"https:\/\/mamare.es\/","name":"Mamare","description":"Apoyo Madre a Madre","potentialAction":[{"@type":"SearchAction","target":{"@type":"EntryPoint","urlTemplate":"https:\/\/mamare.es\/?s={search_term_string}"},"query-input":"required name=search_term_string"}],"inLanguage":"es"}]}},"_links":{"self":[{"href":"https:\/\/mamare.es\/es_es\/wp-json\/wp\/v2\/pages\/2802"}],"collection":[{"href":"https:\/\/mamare.es\/es_es\/wp-json\/wp\/v2\/pages"}],"about":[{"href":"https:\/\/mamare.es\/es_es\/wp-json\/wp\/v2\/types\/page"}],"author":[{"embeddable":true,"href":"https:\/\/mamare.es\/es_es\/wp-json\/wp\/v2\/users\/1"}],"replies":[{"embeddable":true,"href":"https:\/\/mamare.es\/es_es\/wp-json\/wp\/v2\/comments?post=2802"}],"version-history":[{"count":40,"href":"https:\/\/mamare.es\/es_es\/wp-json\/wp\/v2\/pages\/2802\/revisions"}],"predecessor-version":[{"id":3683,"href":"https:\/\/mamare.es\/es_es\/wp-json\/wp\/v2\/pages\/2802\/revisions\/3683"}],"wp:attachment":[{"href":"https:\/\/mamare.es\/es_es\/wp-json\/wp\/v2\/media?parent=2802"}],"curies":[{"name":"wp","href":"https:\/\/api.w.org\/{rel}","templated":true}]}}