{"id":3379,"date":"2022-09-21T17:23:54","date_gmt":"2022-09-21T15:23:54","guid":{"rendered":"https:\/\/mamare.es\/?page_id=3379"},"modified":"2022-09-25T23:24:09","modified_gmt":"2022-09-25T21:24:09","slug":"via-lactia","status":"publish","type":"page","link":"https:\/\/mamare.es\/es_es\/via-lactia\/","title":{"rendered":"V\u00eda L\u00e1ctea"},"content":{"rendered":"\n<div class=\"wp-block-image\"><figure class=\"aligncenter size-large\"><img decoding=\"async\" loading=\"lazy\" width=\"1024\" height=\"682\" src=\"https:\/\/mamare.es\/wp-content\/uploads\/2022\/09\/Castell-Alcala-Xivert_ViaLactea-2019-px1-PS1C-RAA-1-1024x682.jpg\" alt=\"\" class=\"wp-image-3396\" srcset=\"https:\/\/mamare.es\/wp-content\/uploads\/2022\/09\/Castell-Alcala-Xivert_ViaLactea-2019-px1-PS1C-RAA-1-1024x682.jpg 1024w, https:\/\/mamare.es\/wp-content\/uploads\/2022\/09\/Castell-Alcala-Xivert_ViaLactea-2019-px1-PS1C-RAA-1-300x200.jpg 300w, https:\/\/mamare.es\/wp-content\/uploads\/2022\/09\/Castell-Alcala-Xivert_ViaLactea-2019-px1-PS1C-RAA-1-768x512.jpg 768w, https:\/\/mamare.es\/wp-content\/uploads\/2022\/09\/Castell-Alcala-Xivert_ViaLactea-2019-px1-PS1C-RAA-1-16x12.jpg 16w, https:\/\/mamare.es\/wp-content\/uploads\/2022\/09\/Castell-Alcala-Xivert_ViaLactea-2019-px1-PS1C-RAA-1.jpg 1040w\" sizes=\"(max-width: 1024px) 100vw, 1024px\" \/><figcaption>Castillo de Xivert (Castell\u00f3n) 2019. Carlos Labordena<\/figcaption><\/figure><\/div>\n\n\n\n<p>La&nbsp;<strong>V\u00eda L\u00e1ctea<\/strong>&nbsp;es nuestro hogar en el universo, una galaxia espiral donde se encuentra el Sistema Solar, del que forma parte la Tierra. Se calcula que contiene entre 200.000 y 400.000 millones de&nbsp;estrellas.&nbsp;<\/p>\n\n\n\n<p>Su nombre proviene de la mitolog\u00eda grecorromana y significa&nbsp;<em>camino de leche<\/em>&nbsp;ya que efectivamente, esa es la apariencia de la tenue banda de luz que atraviesa el firmamento terrestre.<\/p>\n\n\n\n<blockquote class=\"wp-block-quote\"><p>Seg\u00fan la mitolog\u00eda griega, el dios Zeus, que hab\u00eda engendrado a Heracles con la humana Alcmena, quiso hacerlo inmortal acercando al peque\u00f1o semidios al pecho de su esposa Hera para que mamara mientras ella dorm\u00eda. La diosa del Olimpo despert\u00f3 y ofendida, apart\u00f3 bruscamente a la criatura.&nbsp;<\/p><p><strong>La leche derramada por el cielo form\u00f3 el camino de estrellas que hoy conocemos como V\u00eda L\u00e1ctea.&nbsp;<\/strong><\/p><\/blockquote>\n\n\n\n<p>Sin embargo, ya en la Antigua Grecia, el astr\u00f3nomo Dem\u00f3crito&nbsp;(460-370 a. C.) sugiri\u00f3 que aquel haz blanco en el cielo era en realidad un conglomerado de much\u00edsimas estrellas demasiado tenues individualmente como para ser reconocidas a simple vista. Su idea, no obstante, no tuvo respaldo hasta 1609, cuando el astr\u00f3nomo italiano Galileo Galilei&nbsp;hace uso del&nbsp;telescopio&nbsp;y constata que Dem\u00f3crito estaba en lo cierto, ya que a donde quiera que mirase, aquel lugar se encontraba lleno de estrellas.<\/p>\n\n\n\n<p>Te invitamos a profundizar en el apasionante mundo de la astronom\u00eda visitando la\u00a0<a rel=\"noreferrer noopener\" href=\"http:\/\/www.castello.es\/web30\/pages\/generico_web10.php?cod1=502&amp;cod2=503\" target=\"_blank\">web del planetario\u00a0<\/a>\u00a0y su programaci\u00f3n adaptada a las criaturas\u00a0 <a rel=\"noreferrer noopener\" href=\"http:\/\/www.castellonkids.com\/planetario-de-castello-para-toda-la-familia\/\" target=\"_blank\">http:\/\/www.castellonkids.com\/planetario-de-castello-para-toda-la-familia\/<\/a>.<\/p>\n\n\n\n<div class=\"wp-block-columns is-layout-flex wp-container-3 wp-block-columns-is-layout-flex\">\n<div class=\"wp-block-column is-layout-flow wp-block-column-is-layout-flow\" style=\"flex-basis:50%\">\n<div class=\"wp-block-image\"><figure class=\"aligncenter size-large\"><img decoding=\"async\" loading=\"lazy\" width=\"1024\" height=\"761\" src=\"https:\/\/mamare.es\/wp-content\/uploads\/2022\/09\/Rubens_Via_Lactea-1024x761.jpeg\" alt=\"\" class=\"wp-image-3390\" srcset=\"https:\/\/mamare.es\/wp-content\/uploads\/2022\/09\/Rubens_Via_Lactea-1024x761.jpeg 1024w, https:\/\/mamare.es\/wp-content\/uploads\/2022\/09\/Rubens_Via_Lactea-300x223.jpeg 300w, https:\/\/mamare.es\/wp-content\/uploads\/2022\/09\/Rubens_Via_Lactea-768x570.jpeg 768w, https:\/\/mamare.es\/wp-content\/uploads\/2022\/09\/Rubens_Via_Lactea-1536x1141.jpeg 1536w, https:\/\/mamare.es\/wp-content\/uploads\/2022\/09\/Rubens_Via_Lactea-16x12.jpeg 16w, https:\/\/mamare.es\/wp-content\/uploads\/2022\/09\/Rubens_Via_Lactea.jpeg 1920w\" sizes=\"(max-width: 1024px) 100vw, 1024px\" \/><figcaption><em>El nacimiento de la V\u00eda L\u00e1ctea<\/em>,&nbsp;1636, Rubens, Museo del Prado<\/figcaption><\/figure><\/div>\n<\/div>\n\n\n\n<div class=\"wp-block-column is-layout-flow wp-block-column-is-layout-flow\" style=\"flex-basis:50%\">\n<div class=\"wp-block-image\"><figure class=\"aligncenter size-large\"><img decoding=\"async\" loading=\"lazy\" width=\"440\" height=\"394\" src=\"https:\/\/mamare.es\/wp-content\/uploads\/2022\/09\/Jacopo_Tintoretto_-_The_Origin_of_the_Milky_Way_-_Google_Art_Project-1.jpg\" alt=\"\" class=\"wp-image-3395\" srcset=\"https:\/\/mamare.es\/wp-content\/uploads\/2022\/09\/Jacopo_Tintoretto_-_The_Origin_of_the_Milky_Way_-_Google_Art_Project-1.jpg 440w, https:\/\/mamare.es\/wp-content\/uploads\/2022\/09\/Jacopo_Tintoretto_-_The_Origin_of_the_Milky_Way_-_Google_Art_Project-1-300x269.jpg 300w, https:\/\/mamare.es\/wp-content\/uploads\/2022\/09\/Jacopo_Tintoretto_-_The_Origin_of_the_Milky_Way_-_Google_Art_Project-1-13x12.jpg 13w\" sizes=\"(max-width: 440px) 100vw, 440px\" \/><figcaption><em>El origen de la V\u00eda L\u00e1ctea, <\/em>1575, Tintoretto, National Gallery de Londres<\/figcaption><\/figure><\/div>\n<\/div>\n<\/div>\n\n\n\n<div class=\"wp-block-columns is-layout-flex wp-container-5 wp-block-columns-is-layout-flex\">\n<div class=\"wp-block-column is-layout-flow wp-block-column-is-layout-flow\" style=\"flex-basis:100%\"><\/div>\n<\/div>\n","protected":false},"excerpt":{"rendered":"<p>La&nbsp;V\u00eda L\u00e1ctea&nbsp;es nuestro hogar en el universo, una galaxia espiral donde se encuentra el Sistema Solar, del que forma parte la Tierra. Se calcula que contiene entre 200.000 y 400.000 millones de&nbsp;estrellas.&nbsp; Su nombre proviene de la mitolog\u00eda grecorromana y significa&nbsp;camino de leche&nbsp;ya que efectivamente, esa es la apariencia de la tenue banda de luz&hellip;<\/p>\n","protected":false},"author":3,"featured_media":0,"parent":0,"menu_order":0,"comment_status":"closed","ping_status":"closed","template":"","meta":{"footnotes":""},"yoast_head":"<!-- This site is optimized with the Yoast SEO plugin v20.1 - https:\/\/yoast.com\/wordpress\/plugins\/seo\/ -->\n<title>V\u00eda L\u00e1ctea - Mamare<\/title>\n<meta name=\"robots\" content=\"index, follow, max-snippet:-1, max-image-preview:large, max-video-preview:-1\" \/>\n<link rel=\"canonical\" href=\"https:\/\/mamare.es\/es_es\/via-lactia\/\" \/>\n<meta property=\"og:locale\" content=\"es_ES\" \/>\n<meta property=\"og:type\" content=\"article\" \/>\n<meta property=\"og:title\" content=\"V\u00eda L\u00e1ctea - Mamare\" \/>\n<meta property=\"og:description\" content=\"La&nbsp;V\u00eda L\u00e1ctea&nbsp;es nuestro hogar en el universo, una galaxia espiral donde se encuentra el Sistema Solar, del que forma parte la Tierra. Se calcula que contiene entre 200.000 y 400.000 millones de&nbsp;estrellas.&nbsp; Su nombre proviene de la mitolog\u00eda grecorromana y significa&nbsp;camino de leche&nbsp;ya que efectivamente, esa es la apariencia de la tenue banda de luz&hellip;\" \/>\n<meta property=\"og:url\" content=\"https:\/\/mamare.es\/es_es\/via-lactia\/\" \/>\n<meta property=\"og:site_name\" content=\"Mamare\" \/>\n<meta property=\"article:modified_time\" content=\"2022-09-25T21:24:09+00:00\" \/>\n<meta property=\"og:image\" content=\"https:\/\/mamare.es\/wp-content\/uploads\/2022\/09\/Castell-Alcala-Xivert_ViaLactea-2019-px1-PS1C-RAA-1-1024x682.jpg\" \/>\n<meta name=\"twitter:card\" content=\"summary_large_image\" \/>\n<meta name=\"twitter:label1\" content=\"Tiempo de lectura\" \/>\n\t<meta name=\"twitter:data1\" content=\"1 minuto\" \/>\n<script type=\"application\/ld+json\" class=\"yoast-schema-graph\">{\"@context\":\"https:\/\/schema.org\",\"@graph\":[{\"@type\":\"WebPage\",\"@id\":\"https:\/\/mamare.es\/ca\/via-lactia\/\",\"url\":\"https:\/\/mamare.es\/ca\/via-lactia\/\",\"name\":\"V\u00eda L\u00e1ctea - Mamare\",\"isPartOf\":{\"@id\":\"https:\/\/mamare.es\/#website\"},\"datePublished\":\"2022-09-21T15:23:54+00:00\",\"dateModified\":\"2022-09-25T21:24:09+00:00\",\"breadcrumb\":{\"@id\":\"https:\/\/mamare.es\/ca\/via-lactia\/#breadcrumb\"},\"inLanguage\":\"es\",\"potentialAction\":[{\"@type\":\"ReadAction\",\"target\":[\"https:\/\/mamare.es\/ca\/via-lactia\/\"]}]},{\"@type\":\"BreadcrumbList\",\"@id\":\"https:\/\/mamare.es\/ca\/via-lactia\/#breadcrumb\",\"itemListElement\":[{\"@type\":\"ListItem\",\"position\":1,\"name\":\"Portada\",\"item\":\"https:\/\/mamare.es\/\"},{\"@type\":\"ListItem\",\"position\":2,\"name\":\"V\u00eda L\u00e1ctea\"}]},{\"@type\":\"WebSite\",\"@id\":\"https:\/\/mamare.es\/#website\",\"url\":\"https:\/\/mamare.es\/\",\"name\":\"Mamare\",\"description\":\"Apoyo Madre a Madre\",\"potentialAction\":[{\"@type\":\"SearchAction\",\"target\":{\"@type\":\"EntryPoint\",\"urlTemplate\":\"https:\/\/mamare.es\/?s={search_term_string}\"},\"query-input\":\"required name=search_term_string\"}],\"inLanguage\":\"es\"}]}<\/script>\n<!-- \/ Yoast SEO plugin. -->","yoast_head_json":{"title":"V\u00eda L\u00e1ctea - Mamare","robots":{"index":"index","follow":"follow","max-snippet":"max-snippet:-1","max-image-preview":"max-image-preview:large","max-video-preview":"max-video-preview:-1"},"canonical":"https:\/\/mamare.es\/es_es\/via-lactia\/","og_locale":"es_ES","og_type":"article","og_title":"V\u00eda L\u00e1ctea - Mamare","og_description":"La&nbsp;V\u00eda L\u00e1ctea&nbsp;es nuestro hogar en el universo, una galaxia espiral donde se encuentra el Sistema Solar, del que forma parte la Tierra. Se calcula que contiene entre 200.000 y 400.000 millones de&nbsp;estrellas.&nbsp; Su nombre proviene de la mitolog\u00eda grecorromana y significa&nbsp;camino de leche&nbsp;ya que efectivamente, esa es la apariencia de la tenue banda de luz&hellip;","og_url":"https:\/\/mamare.es\/es_es\/via-lactia\/","og_site_name":"Mamare","article_modified_time":"2022-09-25T21:24:09+00:00","og_image":[{"url":"https:\/\/mamare.es\/wp-content\/uploads\/2022\/09\/Castell-Alcala-Xivert_ViaLactea-2019-px1-PS1C-RAA-1-1024x682.jpg"}],"twitter_card":"summary_large_image","twitter_misc":{"Tiempo de lectura":"1 minuto"},"schema":{"@context":"https:\/\/schema.org","@graph":[{"@type":"WebPage","@id":"https:\/\/mamare.es\/ca\/via-lactia\/","url":"https:\/\/mamare.es\/ca\/via-lactia\/","name":"V\u00eda L\u00e1ctea - Mamare","isPartOf":{"@id":"https:\/\/mamare.es\/#website"},"datePublished":"2022-09-21T15:23:54+00:00","dateModified":"2022-09-25T21:24:09+00:00","breadcrumb":{"@id":"https:\/\/mamare.es\/ca\/via-lactia\/#breadcrumb"},"inLanguage":"es","potentialAction":[{"@type":"ReadAction","target":["https:\/\/mamare.es\/ca\/via-lactia\/"]}]},{"@type":"BreadcrumbList","@id":"https:\/\/mamare.es\/ca\/via-lactia\/#breadcrumb","itemListElement":[{"@type":"ListItem","position":1,"name":"Portada","item":"https:\/\/mamare.es\/"},{"@type":"ListItem","position":2,"name":"V\u00eda L\u00e1ctea"}]},{"@type":"WebSite","@id":"https:\/\/mamare.es\/#website","url":"https:\/\/mamare.es\/","name":"Mamare","description":"Apoyo Madre a Madre","potentialAction":[{"@type":"SearchAction","target":{"@type":"EntryPoint","urlTemplate":"https:\/\/mamare.es\/?s={search_term_string}"},"query-input":"required name=search_term_string"}],"inLanguage":"es"}]}},"_links":{"self":[{"href":"https:\/\/mamare.es\/es_es\/wp-json\/wp\/v2\/pages\/3379"}],"collection":[{"href":"https:\/\/mamare.es\/es_es\/wp-json\/wp\/v2\/pages"}],"about":[{"href":"https:\/\/mamare.es\/es_es\/wp-json\/wp\/v2\/types\/page"}],"author":[{"embeddable":true,"href":"https:\/\/mamare.es\/es_es\/wp-json\/wp\/v2\/users\/3"}],"replies":[{"embeddable":true,"href":"https:\/\/mamare.es\/es_es\/wp-json\/wp\/v2\/comments?post=3379"}],"version-history":[{"count":29,"href":"https:\/\/mamare.es\/es_es\/wp-json\/wp\/v2\/pages\/3379\/revisions"}],"predecessor-version":[{"id":3431,"href":"https:\/\/mamare.es\/es_es\/wp-json\/wp\/v2\/pages\/3379\/revisions\/3431"}],"wp:attachment":[{"href":"https:\/\/mamare.es\/es_es\/wp-json\/wp\/v2\/media?parent=3379"}],"curies":[{"name":"wp","href":"https:\/\/api.w.org\/{rel}","templated":true}]}}