{"id":3622,"date":"2024-01-23T12:00:07","date_gmt":"2024-01-23T11:00:07","guid":{"rendered":"https:\/\/mamare.es\/?page_id=3622"},"modified":"2024-01-23T17:40:03","modified_gmt":"2024-01-23T16:40:03","slug":"notas_prensa","status":"publish","type":"page","link":"https:\/\/mamare.es\/es_es\/notas_prensa\/","title":{"rendered":"Notas de prensa"},"content":{"rendered":"<div data-vc-full-width=\"true\" data-vc-full-width-init=\"false\" data-vc-stretch-content=\"true\" class=\"vc_row wpb_row vc_row-fluid vc_custom_1589136558170 vc_row-no-padding vc_row-o-content-middle vc_row-flex\"><div class=\"wpb_column vc_column_container vc_col-sm-6\"><div class=\"vc_column-inner\"><div class=\"wpb_wrapper\"><div class=\"vc_row wpb_row vc_inner vc_row-fluid\"><div class=\"wpb_column vc_column_container vc_col-sm-3\"><div class=\"vc_column-inner\"><div class=\"wpb_wrapper\"><div class=\"vc_icon_element vc_icon_element-outer vc_icon_element-align-center\"><div class=\"vc_icon_element-inner vc_icon_element-color-white vc_icon_element-size-lg vc_icon_element-style- vc_icon_element-background-color-grey\" ><span class=\"vc_icon_element-icon fas fa-users\" ><\/span><\/div><\/div><\/div><\/div><\/div><div class=\"wpb_column vc_column_container vc_col-sm-9\"><div class=\"vc_column-inner\"><div class=\"wpb_wrapper\"><h1 style=\"color: #ffffff;text-align: center\" class=\"vc_custom_heading\" >ENERO 2024<\/h1><\/div><\/div><\/div><\/div><\/div><\/div><\/div><\/div><div class=\"vc_row-full-width vc_clearfix\"><\/div><!-- Row Backgrounds --><div class=\"upb_color\" data-bg-override=\"0\" data-bg-color=\"#f83862\" data-fadeout=\"\" data-fadeout-percentage=\"30\" data-parallax-content=\"\" data-parallax-content-sense=\"30\" data-row-effect-mobile-disable=\"true\" data-img-parallax-mobile-disable=\"true\" data-rtl=\"false\"  data-custom-vc-row=\"\"  data-vc=\"6.1\"  data-is_old_vc=\"\"  data-theme-support=\"\"   data-overlay=\"false\" data-overlay-color=\"\" data-overlay-pattern=\"\" data-overlay-pattern-opacity=\"\" data-overlay-pattern-size=\"\"    ><\/div><div class=\"vc_row wpb_row vc_row-fluid vc_custom_1529516549373 vc_row-o-equal-height vc_row-o-content-middle vc_row-flex\"><div class=\"wpb_column vc_column_container vc_col-sm-12 vc_col-lg-offset-2 vc_col-lg-8 vc_col-md-offset-1 vc_col-md-10\"><div class=\"vc_column-inner\"><div class=\"wpb_wrapper\"><div id=\"ultimate-heading-977369dac03be6db9\" class=\"uvc-heading ult-adjust-bottom-margin ultimate-heading-977369dac03be6db9 uvc-2977 accent-border-color\" data-hspacer=\"line_only\"  data-halign=\"left\" style=\"text-align:left\"><div class=\"uvc-main-heading ult-responsive\"  data-ultimate-target='.uvc-heading.ultimate-heading-977369dac03be6db9 h2'  data-responsive-json-new='{\"font-size\":\"desktop:30px;tablet_portrait:30px;\",\"line-height\":\"tablet_portrait:40px;\"}' ><h2 style=\"font-weight:bold;margin-bottom:10px;\">Casa de partos<\/h2><\/div><div class=\"uvc-heading-spacer line_only\" style=\"margin-bottom:40px;height:5px;\"><span class=\"uvc-headings-line\" style=\"border-style:solid;border-bottom-width:5px;border-color:;width:120px;\"><\/span><\/div><div class=\"uvc-sub-heading ult-responsive\"  data-ultimate-target='.uvc-heading.ultimate-heading-977369dac03be6db9 .uvc-sub-heading '  data-responsive-json-new='{\"font-size\":\"mobile_landscape:16px;\",\"line-height\":\"desktop:32px;mobile_landscape:26px;\"}'  style=\"font-weight:normal;color:#333333;margin-bottom:70px;\"><\/p>\n<p style=\"text-align: center;\"><strong>Mamare protesta por la paralizaci\u00f3n de la casa de partos del hospital<\/strong><br \/>\n<strong>de la Plana con carta al consejero de Sanidad<\/strong><\/p>\n<ul>\n<li>El centro de nacimientos estaba aprobado y su construcci\u00f3n, prevista para 2024, pero el nuevo gobierno lo ha dejado sin dotaci\u00f3n presupuestaria.<\/li>\n<li>La evidencia cient\u00edfica muestra que este tipo de instalaciones mejoran la atenci\u00f3n a las mujeres.<\/li>\n<li>Mamare tambi\u00e9n se ha dirigido a la gerente del hospital, Ana Gimeno. Otras asociaciones de lactancia y crianza tambi\u00e9n exigen la recuperaci\u00f3n del proyecto. <a href=\"https:\/\/www.elpartoesnuestro.es\/blog\/2024\/01\/13\/la-casa-de-nacimientos-del-hospital-de-la-plana-sin-presupuesto\">https:\/\/www.elpartoesnuestro.es\/blog\/2024\/01\/13\/la-casa-de-nacimientos-del-hospital-de-la-plana-sin-presupuesto<\/a>, <a href=\"https:\/\/www.mametesimes.org\/es\/sanidad-paraliza-el-proyecto-del-centro-de-nacimientos-del-hospital-universitario-de-la-plana\/\">https:\/\/www.mametesimes.org\/es\/sanidad-paraliza-el-proyecto-del-centro-de-nacimientos-del-hospital-universitario-de-la-plana\/<\/a><\/li>\n<\/ul>\n<p><strong>Castell\u00f3, 20 de enero de 2024<\/strong>. Mamare, asociaci\u00f3n para el apoyo a la lactancia a Castell\u00f3, exige en el gobierno de la Generalitat Valenciana la recuperaci\u00f3n del proyecto de la casa de partos prevista en Vila-real. La instalaci\u00f3n se construir\u00eda anexa al Hospital Universitario de la Plana. Este centro de nacimientos ten\u00eda una dotaci\u00f3n en el presupuesto de 2023 y su construcci\u00f3n estaba prevista para este a\u00f1o.<br \/>\nMamare ha escrito una carta al consejero de Sanidad, Marciano G\u00f3mez, y a la gerente del hospital, Ana Gimeno. En el documento, les pedimos que recuperen el proyecto y explicamos la evidencia cient\u00edfica sobre este tipo de atenci\u00f3n al parto. Se trata de considerar el parto como un proceso normal y fisiol\u00f3gico de la mujer, y atenderlo en un ambiente no hospitalario, con matronas que tratar\u00e1n todo el proceso desde el embarazo hasta el puerperio.<br \/>\nOtras asociaciones de lactancia y crianza, como por ejemplo Mametes i M\u00e9s (colectivo de apoyo a la lactancia de La Vall d\u2019Uix\u00f3) y El Parto es Nuestro, han expresado tambi\u00e9n su malestar y protesta por la desaparici\u00f3n del proyecto en el presupuesto de la Generalitat. Desde Mamare, ofrecemos al gobierno nuestra colaboraci\u00f3n, a partir de nuestra experiencia de veinte a\u00f1os acompa\u00f1ando mujeres en la fase inmediatamente posterior al parto, que es el puerperio y la lactancia.<br \/>\nLos documentos son los siguientes:<\/p>\n<p><strong>A la atenci\u00f3n del consejero de Sanidad, Marciano G\u00f3mez.<\/strong><br \/>\nEstimado consejero:<br \/>\nDesde Mamare escribimos esta carta para hacerle llegar nuestra preocupaci\u00f3n en relaci\u00f3n con el proyecto de la casa de partos prevista en el Hospital Universitario de la Plana, en Vila-real. Esta instalaci\u00f3n estaba prevista en los presupuestos de 2023, pero observamos que no aparece ninguna asignaci\u00f3n de dinero para este proyecto en los planes del nuevo gobierno de la Generalitat.<br \/>\nMamare es una asociaci\u00f3n de apoyo a la lactancia de la ciudad de Castell\u00f3 de la Plana. Nuestro colectivo lucha para mejorar la salud y el bienestar de la mujer en todo su proceso reproductivo, desde el parto hasta el amamantamiento. Por eso, consideramos muy importante que el proyecto de la casa de partos sea una realidad en la localidad de Vila-real.<br \/>\nLas casas de parto o centros de nacimiento son unas instalaciones con un aspecto m\u00e1s parecido a un domicilio que a un hospital. Son centros independientes manejados por matronas, pero que trabajan en colaboraci\u00f3n con los centros hospitalarios, donde transfieren a la mujer en el supuesto de que exista alg\u00fan criterio que lo justifique. El modelo de atenci\u00f3n se basa en un enfoque m\u00e1s personalizado y continuado, adem\u00e1s de considerar el parto como un proceso fisiol\u00f3gico, que no se tiene que medicalizar si no surge ninguna complicaci\u00f3n. As\u00ed mismo, se entiende el parto como una experiencia de vida, emocional, social, cultural y espiritualmente significativa en la vida de la mujer.<br \/>\nLa evidencia actual sostiene que las mujeres de bajo riesgo que son asistidas en unidades obst\u00e9tricas no hospitalarias finalizan su gestaci\u00f3n con mayor tasa de partos normales, menos partes instrumentados, menos ces\u00e1reas y mayor satisfacci\u00f3n. El que se consigue es una asistencia de calidad, personalizada y humana, sin despreciar el apoyo tecnol\u00f3gico adecuado a cada proceso para sostener o incluso disminuir la tasa de morbi-mortalidad conseguida<\/p>\n<p>Por todo esto, le pedimos que mantenga la inversi\u00f3n comprometida en esta casa de partos. As\u00ed mismo, le ofrecemos nuestra colaboraci\u00f3n como colectivo con veinte a\u00f1os de experiencia en el apoyo a madres lactantes en Castell\u00f3.<\/p>\n<p><strong>A la atenci\u00f3n de la gerente del Hospital Universitario de La Plana, Ana Gimeno.<\/strong><br \/>\nEstimada gerente:<br \/>\nDesde Mamare escribimos esta carta para hacerle llegar nuestra preocupaci\u00f3n en relaci\u00f3n con el proyecto de la casa de partos prevista en el Hospital Universitario de la Plana, en Vila-real. Esta instalaci\u00f3n estaba prevista en los presupuestos de 2023, pero observamos que no aparece ninguna asignaci\u00f3n de dinero para este proyecto en los planes del nuevo gobierno de la Generalitat.<br \/>\nMamare es una asociaci\u00f3n de apoyo a la lactancia de la ciudad de Castell\u00f3 de la Plana. Nuestro colectivo lucha para mejorar la salud y el bienestar de la mujer en todo su proceso reproductivo, desde el parto hasta el amamantamiento. Por eso, consideramos muy importante que el proyecto de la casa de partos sea una realidad en la localidad de Vila-real.<br \/>\nLas casas de partos o centros de nacimiento son unas instalaciones con un aspecto m\u00e1s parecido a un domicilio que a un hospital. Son centros independientes manejados por matronas, pero que trabajan en colaboraci\u00f3n con los centros hospitalarios, donde transfieren a la mujer en el supuesto de que exista alg\u00fan criterio que lo justifique. El modelo de atenci\u00f3n se basa en un enfoque m\u00e1s personalizado y continuado, adem\u00e1s de considerar el parto como un proceso fisiol\u00f3gico, que no se tiene que medicalizar si no surge ninguna complicaci\u00f3n. As\u00ed mismo, se entiende el parto como una experiencia de vida, emocional, social, cultural y espiritualmente significativa en la vida de la mujer.<br \/>\nLa evidencia actual sostiene que las mujeres de bajo riesgo que son asistidas en unidades obst\u00e9tricas no hospitalarias finalizan su gestaci\u00f3n con mayor tasa de partos normales, menos partos instrumentados, menos ces\u00e1reas y mayor satisfacci\u00f3n. El que se consigue es una asistencia de calidad, personalizada y humana, sin despreciar el apoyo tecnol\u00f3gico adecuado a cada proceso para sostener o incluso disminuir la tasa de morbi-mortalidad conseguida.<\/p>\n<p>Por todo esto, le pedimos su implicaci\u00f3n como gestora de este hospital para que se mantenga la inversi\u00f3n comprometida en esta casa de partos. As\u00ed mismo, le ofrecemos nuestra colaboraci\u00f3n como colectivo con veinte a\u00f1os de experiencia en el apoyo a madres lactantes en Castell\u00f3.<\/p>\n<p><strong>Referencia:<\/strong><\/p>\n<p><span style=\"font-size: small;\">Carregu\u00ed, Soledad (2017). \u201cCasa de partos y partos en casa\u201d. <\/span><a href=\"https:\/\/www.huvn.es\/archivos\/cms\/ginecologia-y-obstetricia\/archivos\/publico\/actividad_docente_e_investigadora\/curso_de_actualizacion_en_obstetricia_y_ginecologia\/curso_2017\/obstetricia\/12_casas_de_partos_y_partos_en_casa.pdf\"><span style=\"color: #1155cc;\"><span style=\"font-size: small;\"><u>https:\/\/www.huvn.es\/archivos\/cms\/ginecologia-y-obstetricia\/archivos\/publico\/actividad_docente_e_investigadora\/curso_de_actualizacion_en_obstetricia_y_ginecologia\/curso_2017\/obstetricia\/12_casas_de_partos_y_partos_en_casa.pdf<\/u><\/span><\/span><\/a><\/div><\/div>\n\t<div  class=\"wpb_single_image wpb_content_element vc_align_right\">\n\t\t\n\t\t<figure class=\"wpb_wrapper vc_figure\">\n\t\t\t<a href=\"https:\/\/mamare.es\/wp-content\/uploads\/2024\/01\/plana_hospital-1080x675-1-1024x640.png\" target=\"_blank\"  class=\"vc_single_image-wrapper   vc_box_border_grey rollover\" data-large_image_width=\"1080\" data-large_image_height = \"675\"     ><img class=\"vc_single_image-img \" src=\"https:\/\/mamare.es\/wp-content\/uploads\/2024\/01\/plana_hospital-1080x675-1-100x100.png\" width=\"100\" height=\"100\" alt=\"plana_hospital-1080x675\" title=\"plana_hospital-1080x675\"  data-dt-location=\"https:\/\/mamare.es\/es_es\/home-2\/plana_hospital-1080x675\/\" \/><\/a>\n\t\t<\/figure>\n\t<\/div>\n<\/div><\/div><\/div><\/div><div class=\"vc_row wpb_row vc_row-fluid vc_custom_1706007305029 vc_row-o-equal-height vc_row-o-content-middle vc_row-flex\"><div class=\"wpb_column vc_column_container vc_col-sm-12 vc_col-lg-offset-2 vc_col-lg-8 vc_col-md-offset-1 vc_col-md-10\"><div class=\"vc_column-inner\"><div class=\"wpb_wrapper\"><div id=\"ultimate-heading-619969dac03be7889\" class=\"uvc-heading ult-adjust-bottom-margin ultimate-heading-619969dac03be7889 uvc-4179 accent-border-color\" data-hspacer=\"line_only\"  data-halign=\"left\" style=\"text-align:left\"><div class=\"uvc-heading-spacer line_only\" style=\"margin-bottom:40px;height:5px;\"><span class=\"uvc-headings-line\" style=\"border-style:solid;border-bottom-width:5px;border-color:;width:120px;\"><\/span><\/div><\/div><\/div><\/div><\/div><\/div><!-- Row Backgrounds --><div class=\"upb_color\" data-bg-override=\"0\" data-bg-color=\"#f83862\" data-fadeout=\"\" data-fadeout-percentage=\"30\" data-parallax-content=\"\" data-parallax-content-sense=\"30\" data-row-effect-mobile-disable=\"true\" data-img-parallax-mobile-disable=\"true\" data-rtl=\"false\"  data-custom-vc-row=\"\"  data-vc=\"6.1\"  data-is_old_vc=\"\"  data-theme-support=\"\"   data-overlay=\"false\" data-overlay-color=\"\" data-overlay-pattern=\"\" data-overlay-pattern-opacity=\"\" data-overlay-pattern-size=\"\"    ><\/div><!-- Row Backgrounds --><div class=\"upb_grad\" data-grad=\"background: url(data:image\/svg+xml;base64,PHN2ZyB4bWxucz0iaHR0cDovL3d3dy53My5vcmcvMjAwMC9zdmciPjxkZWZzPjxsaW5lYXJHcmFkaWVudCBpZD0iZ3JhZGllbnQiIHgxPSIwJSIgeTE9IjAlIiB4Mj0iMCUiIHkyPSIxMDAlIj48c3RvcCBvZmZzZXQ9IjAlIiBzdHlsZT0ic3RvcC1jb2xvcjojQUQyRDcxOyIgLz48c3RvcCBvZmZzZXQ9IjEwMCUiIHN0eWxlPSJzdG9wLWNvbG9yOiMzOTJCN0U7IiAvPjwvbGluZWFyR3JhZGllbnQ+PC9kZWZzPjxyZWN0IGZpbGw9InVybCgjZ3JhZGllbnQpIiBoZWlnaHQ9IjEwMCUiIHdpZHRoPSIxMDAlIiAvPjwvc3ZnPg==);background: -webkit-gradient(linear, left top, left bottom, color-stop(0%, #AD2D71), color-stop(100%, #392B7E));background: -moz-linear-gradient(left,#AD2D71 0%,#392B7E 100%);background: -webkit-linear-gradient(left,#AD2D71 0%,#392B7E 100%);background: -o-linear-gradient(left,#AD2D71 0%,#392B7E 100%);background: -ms-linear-gradient(left,#AD2D71 0%,#392B7E 100%);background: linear-gradient(left,#AD2D71 0%,#392B7E 100%);\" data-bg-override=\"0\" data-upb-overlay-color=\"\" data-upb-bg-animation=\"\" data-fadeout=\"\" data-fadeout-percentage=\"30\" data-parallax-content=\"\" data-parallax-content-sense=\"30\" data-row-effect-mobile-disable=\"true\" data-img-parallax-mobile-disable=\"true\" data-rtl=\"false\"  data-custom-vc-row=\"\"  data-vc=\"6.1\"  data-is_old_vc=\"\"  data-theme-support=\"\"   data-overlay=\"false\" data-overlay-color=\"\" data-overlay-pattern=\"\" data-overlay-pattern-opacity=\"\" data-overlay-pattern-size=\"\"    ><\/div>\n","protected":false},"excerpt":{"rendered":"<p>ENERO 2024Casa de partos Mamare protesta por la paralizaci\u00f3n de la casa de partos del hospital de la Plana con carta al consejero de Sanidad El centro de nacimientos estaba aprobado y su construcci\u00f3n, prevista para 2024, pero el nuevo gobierno lo ha dejado sin dotaci\u00f3n presupuestaria. La evidencia cient\u00edfica muestra que este tipo de&hellip;<\/p>\n","protected":false},"author":3,"featured_media":0,"parent":0,"menu_order":5,"comment_status":"closed","ping_status":"closed","template":"","meta":{"footnotes":""},"yoast_head":"<!-- This site is optimized with the Yoast SEO plugin v20.1 - https:\/\/yoast.com\/wordpress\/plugins\/seo\/ -->\n<title>Notas de prensa - Mamare<\/title>\n<meta name=\"robots\" content=\"index, follow, max-snippet:-1, max-image-preview:large, max-video-preview:-1\" \/>\n<link rel=\"canonical\" href=\"https:\/\/mamare.es\/es_es\/notas_prensa\/\" \/>\n<meta property=\"og:locale\" content=\"es_ES\" \/>\n<meta property=\"og:type\" content=\"article\" \/>\n<meta property=\"og:title\" content=\"Notas de prensa - Mamare\" \/>\n<meta property=\"og:url\" content=\"https:\/\/mamare.es\/es_es\/notas_prensa\/\" \/>\n<meta property=\"og:site_name\" content=\"Mamare\" \/>\n<meta property=\"article:modified_time\" content=\"2024-01-23T16:40:03+00:00\" \/>\n<meta name=\"twitter:card\" content=\"summary_large_image\" \/>\n<meta name=\"twitter:label1\" content=\"Tiempo de lectura\" \/>\n\t<meta name=\"twitter:data1\" content=\"6 minutos\" \/>\n<script type=\"application\/ld+json\" class=\"yoast-schema-graph\">{\"@context\":\"https:\/\/schema.org\",\"@graph\":[{\"@type\":\"WebPage\",\"@id\":\"https:\/\/mamare.es\/notas_prensa\/\",\"url\":\"https:\/\/mamare.es\/notas_prensa\/\",\"name\":\"Notas de prensa - Mamare\",\"isPartOf\":{\"@id\":\"https:\/\/mamare.es\/#website\"},\"datePublished\":\"2024-01-23T11:00:07+00:00\",\"dateModified\":\"2024-01-23T16:40:03+00:00\",\"breadcrumb\":{\"@id\":\"https:\/\/mamare.es\/notas_prensa\/#breadcrumb\"},\"inLanguage\":\"es\",\"potentialAction\":[{\"@type\":\"ReadAction\",\"target\":[\"https:\/\/mamare.es\/notas_prensa\/\"]}]},{\"@type\":\"BreadcrumbList\",\"@id\":\"https:\/\/mamare.es\/notas_prensa\/#breadcrumb\",\"itemListElement\":[{\"@type\":\"ListItem\",\"position\":1,\"name\":\"Portada\",\"item\":\"https:\/\/mamare.es\/\"},{\"@type\":\"ListItem\",\"position\":2,\"name\":\"Notas de prensa\"}]},{\"@type\":\"WebSite\",\"@id\":\"https:\/\/mamare.es\/#website\",\"url\":\"https:\/\/mamare.es\/\",\"name\":\"Mamare\",\"description\":\"Apoyo Madre a Madre\",\"potentialAction\":[{\"@type\":\"SearchAction\",\"target\":{\"@type\":\"EntryPoint\",\"urlTemplate\":\"https:\/\/mamare.es\/?s={search_term_string}\"},\"query-input\":\"required name=search_term_string\"}],\"inLanguage\":\"es\"}]}<\/script>\n<!-- \/ Yoast SEO plugin. -->","yoast_head_json":{"title":"Notas de prensa - Mamare","robots":{"index":"index","follow":"follow","max-snippet":"max-snippet:-1","max-image-preview":"max-image-preview:large","max-video-preview":"max-video-preview:-1"},"canonical":"https:\/\/mamare.es\/es_es\/notas_prensa\/","og_locale":"es_ES","og_type":"article","og_title":"Notas de prensa - Mamare","og_url":"https:\/\/mamare.es\/es_es\/notas_prensa\/","og_site_name":"Mamare","article_modified_time":"2024-01-23T16:40:03+00:00","twitter_card":"summary_large_image","twitter_misc":{"Tiempo de lectura":"6 minutos"},"schema":{"@context":"https:\/\/schema.org","@graph":[{"@type":"WebPage","@id":"https:\/\/mamare.es\/notas_prensa\/","url":"https:\/\/mamare.es\/notas_prensa\/","name":"Notas de prensa - Mamare","isPartOf":{"@id":"https:\/\/mamare.es\/#website"},"datePublished":"2024-01-23T11:00:07+00:00","dateModified":"2024-01-23T16:40:03+00:00","breadcrumb":{"@id":"https:\/\/mamare.es\/notas_prensa\/#breadcrumb"},"inLanguage":"es","potentialAction":[{"@type":"ReadAction","target":["https:\/\/mamare.es\/notas_prensa\/"]}]},{"@type":"BreadcrumbList","@id":"https:\/\/mamare.es\/notas_prensa\/#breadcrumb","itemListElement":[{"@type":"ListItem","position":1,"name":"Portada","item":"https:\/\/mamare.es\/"},{"@type":"ListItem","position":2,"name":"Notas de prensa"}]},{"@type":"WebSite","@id":"https:\/\/mamare.es\/#website","url":"https:\/\/mamare.es\/","name":"Mamare","description":"Apoyo Madre a Madre","potentialAction":[{"@type":"SearchAction","target":{"@type":"EntryPoint","urlTemplate":"https:\/\/mamare.es\/?s={search_term_string}"},"query-input":"required name=search_term_string"}],"inLanguage":"es"}]}},"_links":{"self":[{"href":"https:\/\/mamare.es\/es_es\/wp-json\/wp\/v2\/pages\/3622"}],"collection":[{"href":"https:\/\/mamare.es\/es_es\/wp-json\/wp\/v2\/pages"}],"about":[{"href":"https:\/\/mamare.es\/es_es\/wp-json\/wp\/v2\/types\/page"}],"author":[{"embeddable":true,"href":"https:\/\/mamare.es\/es_es\/wp-json\/wp\/v2\/users\/3"}],"replies":[{"embeddable":true,"href":"https:\/\/mamare.es\/es_es\/wp-json\/wp\/v2\/comments?post=3622"}],"version-history":[{"count":9,"href":"https:\/\/mamare.es\/es_es\/wp-json\/wp\/v2\/pages\/3622\/revisions"}],"predecessor-version":[{"id":3640,"href":"https:\/\/mamare.es\/es_es\/wp-json\/wp\/v2\/pages\/3622\/revisions\/3640"}],"wp:attachment":[{"href":"https:\/\/mamare.es\/es_es\/wp-json\/wp\/v2\/media?parent=3622"}],"curies":[{"name":"wp","href":"https:\/\/api.w.org\/{rel}","templated":true}]}}